{"id":53721,"date":"2025-01-06T15:13:19","date_gmt":"2025-01-06T15:13:19","guid":{"rendered":"https:\/\/murter.riot.hr\/?post_type=product&#038;p=53721"},"modified":"2025-02-05T10:09:29","modified_gmt":"2025-02-05T10:09:29","slug":"ribarska-kuca-murter-cigrada-a22-id-201","status":"publish","type":"product","link":"https:\/\/murter-online.com\/hr\/proizvod\/ribarska-kuca-murter-cigrada-a22-id-201\/","title":{"rendered":"Ribarska ku\u0107a Murter \u010cigra\u0111a A2+2 ID 201"},"content":{"rendered":"","protected":false},"excerpt":{"rendered":"<p>Ribarska ku\u0107a s prekrasnim pogledom na more smje\u0161tena je na izvrsnoj lokaciji samo 150 metara udaljena od mora. Ribarska ku\u0107a s jednom spava\u0107om sobom opremljena je solarnim panelima iz kojih dobiva struju (mogu se koristiti manji ure\u0111aji). Voda je dobra za tu\u0161iranje (zagrijano na suncu) -Slobodno pada iz spremnika za vodu, koji se puni ru\u010dnom ili elektri\u010dnom pumpom. Hladnjak i \u0161tednjak rade na plin. Tu\u0161iranje iz spremnika vode zagrijanog suncem. Ima dovoljno vode, ali je treba racionalno koristiti. Ribarska ku\u0107a opremljena je TV -om. Ribarska ku\u0107a ima kupaonicu s tu\u0161em i dnevni boravak. Stambena povr\u0161ina iznosi 25 m2, a balkon\/terasa je velika 20 m2. Postoji galerija spava\u0107e sobe u kojoj mogu spavati 2 osobe na glavnim krevetima i 2 osobe na kau\u010du na razvla\u010denje u dnevnoj sobi. Ribarska ku\u0107a nalazi se u prizemlju. Ku\u0107ni ljubimci su dozvoljeni, cijena za ku\u0107nog ljubimca je 10 eura\/ljubimac\/dan. Ribarska ku\u0107a ima vlastito besplatno parkirno mjesto za automobil 20 metara od ku\u0107e. Cijene su za 2 osobe, a ako ima vi\u0161e osoba, naplatit \u0107e se dodatnih 10 eura\/po osobi\/dan.<\/p>\n","protected":false},"featured_media":32481,"template":"","meta":{"_acf_changed":false},"product_brand":[],"product_cat":[133,140],"product_tag":[],"class_list":{"0":"post-53721","1":"product","2":"type-product","3":"status-publish","4":"has-post-thumbnail","6":"product_cat-apartmani-s-pogledom-na-more","7":"product_cat-ribarske-kuce","9":"first","10":"instock","11":"sold-individually","12":"shipping-taxable","13":"purchasable","14":"product-type-phive_booking"},"acf":[],"_links":{"self":[{"href":"https:\/\/murter-online.com\/hr\/wp-json\/wp\/v2\/product\/53721","targetHints":{"allow":["GET"]}}],"collection":[{"href":"https:\/\/murter-online.com\/hr\/wp-json\/wp\/v2\/product"}],"about":[{"href":"https:\/\/murter-online.com\/hr\/wp-json\/wp\/v2\/types\/product"}],"wp:featuredmedia":[{"embeddable":true,"href":"https:\/\/murter-online.com\/hr\/wp-json\/wp\/v2\/media\/32481"}],"wp:attachment":[{"href":"https:\/\/murter-online.com\/hr\/wp-json\/wp\/v2\/media?parent=53721"}],"wp:term":[{"taxonomy":"product_brand","embeddable":true,"href":"https:\/\/murter-online.com\/hr\/wp-json\/wp\/v2\/product_brand?post=53721"},{"taxonomy":"product_cat","embeddable":true,"href":"https:\/\/murter-online.com\/hr\/wp-json\/wp\/v2\/product_cat?post=53721"},{"taxonomy":"product_tag","embeddable":true,"href":"https:\/\/murter-online.com\/hr\/wp-json\/wp\/v2\/product_tag?post=53721"}],"curies":[{"name":"wp","href":"https:\/\/api.w.org\/{rel}","templated":true}]}}