{"id":53726,"date":"2025-01-06T15:20:45","date_gmt":"2025-01-06T15:20:45","guid":{"rendered":"https:\/\/murter.riot.hr\/?post_type=product&#038;p=53726"},"modified":"2025-03-28T17:11:39","modified_gmt":"2025-03-28T16:11:39","slug":"ribarska-kucica-murter-cigrada-bay-a21-id-61","status":"publish","type":"product","link":"https:\/\/murter-online.com\/hr\/proizvod\/ribarska-kucica-murter-cigrada-bay-a21-id-61\/","title":{"rendered":"Robinzonska ku\u0107a uz more Murter zaljev \u010cigra\u0111a  A2+1 ID 61"},"content":{"rendered":"","protected":false},"excerpt":{"rendered":"<p>Ribarska ku\u0107a sa prekrasnim pogledom na more se nalazi na izvrsnoj lokaciji samo 70 metara udaljen od mora. Ribarska ku\u0107a ima solarne plo\u010de iz kojih se dobiva struja (mogu se koristiti manji ure\u0111aji ). Hladnjak i kuhalo su na plin. Voda je dobra za tu\u0161iranje (iz vodovoda ili ki\u0161nica), grijana suncem. Vode ima dovoljno ukoliko se racionalno koristi. Ribarska ku\u0107a ima povr\u0161inu od 40 m2. Ima jednu spava\u0107u sobu u kojoj mogu spavati 2 odrasle osobe. Ima dnevni boravak, koji se mo\u017ee koristiti za spavanje &#8211; Ima pomo\u0107ni le\u017eaj za dvije osobe. Ima kupaonicu sa tu\u0161-kadom. Povr\u0161ina Balkon\/terase je 30 m2. Ribarska ku\u0107a je opremljena sa tv-om, besplatnim wifi internet priklju\u010dkom. Parking je osiguran i uklju\u010den u cijenu. Ribarska ku\u0107a je oko 2500 m. udaljen od centra mjesta a 40 m. od mora ili prve pla\u017ee u mjestu Murter. Ku\u0107ni ljubimci su dozvoljeni uz dodatnu naknadu. Apartman se nalazi uz more te je udaljen svega 7 minuta hoda od uvale i pla\u017ee &#8220;\u010cigra\u0111a&#8221;. Od prve trgovine udaljen je 20 minuta hoda. Centar mjesta udaljen je 30 minuta hoda.<\/p>\n","protected":false},"featured_media":32689,"template":"","meta":{"_acf_changed":false},"product_brand":[],"product_cat":[133,140],"product_tag":[],"class_list":{"0":"post-53726","1":"product","2":"type-product","3":"status-publish","4":"has-post-thumbnail","6":"product_cat-apartmani-s-pogledom-na-more","7":"product_cat-ribarske-kuce","9":"first","10":"instock","11":"sold-individually","12":"shipping-taxable","13":"purchasable","14":"product-type-phive_booking"},"acf":[],"_links":{"self":[{"href":"https:\/\/murter-online.com\/hr\/wp-json\/wp\/v2\/product\/53726","targetHints":{"allow":["GET"]}}],"collection":[{"href":"https:\/\/murter-online.com\/hr\/wp-json\/wp\/v2\/product"}],"about":[{"href":"https:\/\/murter-online.com\/hr\/wp-json\/wp\/v2\/types\/product"}],"wp:featuredmedia":[{"embeddable":true,"href":"https:\/\/murter-online.com\/hr\/wp-json\/wp\/v2\/media\/32689"}],"wp:attachment":[{"href":"https:\/\/murter-online.com\/hr\/wp-json\/wp\/v2\/media?parent=53726"}],"wp:term":[{"taxonomy":"product_brand","embeddable":true,"href":"https:\/\/murter-online.com\/hr\/wp-json\/wp\/v2\/product_brand?post=53726"},{"taxonomy":"product_cat","embeddable":true,"href":"https:\/\/murter-online.com\/hr\/wp-json\/wp\/v2\/product_cat?post=53726"},{"taxonomy":"product_tag","embeddable":true,"href":"https:\/\/murter-online.com\/hr\/wp-json\/wp\/v2\/product_tag?post=53726"}],"curies":[{"name":"wp","href":"https:\/\/api.w.org\/{rel}","templated":true}]}}