{"id":53731,"date":"2025-01-06T18:46:06","date_gmt":"2025-01-06T18:46:06","guid":{"rendered":"https:\/\/murter.riot.hr\/?post_type=product&#038;p=53731"},"modified":"2025-03-28T17:25:27","modified_gmt":"2025-03-28T16:25:27","slug":"ribarska-kuca-murter-otok-vinik-a22","status":"publish","type":"product","link":"https:\/\/murter-online.com\/hr\/proizvod\/ribarska-kuca-murter-otok-vinik-a22\/","title":{"rendered":"Robinzonska ku\u0107a na osami uz more Murter otok Vinik A2+2"},"content":{"rendered":"","protected":false},"excerpt":{"rendered":"<div align=\"center\">\n<div class=\"max_width\" align=\"left\">\n<div>\n<div>Ribarska ku\u0107a ima solarne plo\u010de iz kojih se dobiva struja (mogu se koristiti manji ure\u0111aji ). Hladnjak i kuhalo su na plin. Voda je dobra za tu\u0161iranje (iz vodovoda ili ki\u0161nica), grijana suncem. Vode ima dovoljno ukoliko se racionalno koristi. Ribarska ku\u0107a ima povr\u0161inu od 30 m2. Ima jednu spava\u0107u sobu u kojoj mogu spavati 2 odrasle osobe. Ima dnevni boravak, koji se mo\u017ee koristiti za spavanje &#8211; Ima pomo\u0107ni le\u017eaj za dvije osobe. Ima kupaonicu sa tu\u0161-kadom. Povr\u0161ina Balkon\/terase je 15 m2. Ribarska ku\u0107a je opremljena sa tv-om, besplatnim wifi internet priklju\u010dkom. Parking je osiguran i uklju\u010den u cijenu. Ribarska ku\u0107a ima svoje pristani\u0161te za \u010damac i mogu\u0107nost iznajmljivanja \u010damca s motorom. Postoji vanjski ro\u0161tilj koji se mo\u017ee koristiti. Ribarska ku\u0107a je oko 500 m. udaljen od centra mjesta a 30 m. od mora ili prve pla\u017ee u mjestu Murter. Ku\u0107ni ljubimci su dozvoljeni. Besplatan i osiguran parking se nalazi ispred vlasnikove ku\u0107e u mjestu Murter.<\/div>\n<\/div>\n<\/div>\n<\/div>\n<div align=\"center\"><\/div>\n","protected":false},"featured_media":33637,"template":"","meta":{"_acf_changed":false},"product_brand":[],"product_cat":[133,140],"product_tag":[],"class_list":{"0":"post-53731","1":"product","2":"type-product","3":"status-publish","4":"has-post-thumbnail","6":"product_cat-apartmani-s-pogledom-na-more","7":"product_cat-ribarske-kuce","9":"first","10":"instock","11":"sold-individually","12":"shipping-taxable","13":"purchasable","14":"product-type-phive_booking"},"acf":[],"_links":{"self":[{"href":"https:\/\/murter-online.com\/hr\/wp-json\/wp\/v2\/product\/53731","targetHints":{"allow":["GET"]}}],"collection":[{"href":"https:\/\/murter-online.com\/hr\/wp-json\/wp\/v2\/product"}],"about":[{"href":"https:\/\/murter-online.com\/hr\/wp-json\/wp\/v2\/types\/product"}],"wp:featuredmedia":[{"embeddable":true,"href":"https:\/\/murter-online.com\/hr\/wp-json\/wp\/v2\/media\/33637"}],"wp:attachment":[{"href":"https:\/\/murter-online.com\/hr\/wp-json\/wp\/v2\/media?parent=53731"}],"wp:term":[{"taxonomy":"product_brand","embeddable":true,"href":"https:\/\/murter-online.com\/hr\/wp-json\/wp\/v2\/product_brand?post=53731"},{"taxonomy":"product_cat","embeddable":true,"href":"https:\/\/murter-online.com\/hr\/wp-json\/wp\/v2\/product_cat?post=53731"},{"taxonomy":"product_tag","embeddable":true,"href":"https:\/\/murter-online.com\/hr\/wp-json\/wp\/v2\/product_tag?post=53731"}],"curies":[{"name":"wp","href":"https:\/\/api.w.org\/{rel}","templated":true}]}}