{"id":53736,"date":"2025-01-06T18:52:34","date_gmt":"2025-01-06T18:52:34","guid":{"rendered":"https:\/\/murter.riot.hr\/?post_type=product&#038;p=53736"},"modified":"2025-03-28T19:20:05","modified_gmt":"2025-03-28T18:20:05","slug":"ribarska-kuca-murter-otok-zminjak-a21","status":"publish","type":"product","link":"https:\/\/murter-online.com\/hr\/proizvod\/ribarska-kuca-murter-otok-zminjak-a21\/","title":{"rendered":"Ribarska ku\u0107a &#8211; Robinzonski smje\u0161taj Murter &#8211; otok Zminjak A2+1"},"content":{"rendered":"","protected":false},"excerpt":{"rendered":"<p>Ribarska ku\u0107a nalazi se na oto\u010di\u0107u Zminjak, blizu otoka Murtera. U cijenu ku\u0107e ura\u010dunat je \u010damac koji se daje na kori\u0161tenje gostima. Ku\u0107a ima jednu spava\u0107u sobu sa bra\u010dnim krevetom. Ku\u0107a ima dnevni boravak koji se mo\u017ee koristiti za spavanje. Ku\u0107a je opremljena sa hladnjakom , \u0161tednjakom, priborom za kuhanje i jelo i radio prijemnikom. Ku\u0107a ima kupaonicu sa tu\u0161em i WC-om. Vrsta rasvjete &#8211; solarna energija, elektri\u010dna energija je 12V. Ku\u0107a se nalazi u prizemlju, veli\u010dina terase je 15 metara kvadratnih. Ku\u0107a ima pogled na more. Ku\u0107ni ljubimci dozvoljeni su uz dodatnu nadoplatu. Parking za auto je osiguran i besplatan na otoku Murteru. Postoji vanjski ro\u0161tilj koje se mo\u017ee besplatno koristiti. Voda je iz cisterne.<\/p>\n","protected":false},"featured_media":33817,"template":"","meta":{"_acf_changed":false},"product_brand":[],"product_cat":[133,140],"product_tag":[],"class_list":{"0":"post-53736","1":"product","2":"type-product","3":"status-publish","4":"has-post-thumbnail","6":"product_cat-apartmani-s-pogledom-na-more","7":"product_cat-ribarske-kuce","9":"first","10":"instock","11":"sold-individually","12":"shipping-taxable","13":"purchasable","14":"product-type-phive_booking"},"acf":[],"_links":{"self":[{"href":"https:\/\/murter-online.com\/hr\/wp-json\/wp\/v2\/product\/53736","targetHints":{"allow":["GET"]}}],"collection":[{"href":"https:\/\/murter-online.com\/hr\/wp-json\/wp\/v2\/product"}],"about":[{"href":"https:\/\/murter-online.com\/hr\/wp-json\/wp\/v2\/types\/product"}],"wp:featuredmedia":[{"embeddable":true,"href":"https:\/\/murter-online.com\/hr\/wp-json\/wp\/v2\/media\/33817"}],"wp:attachment":[{"href":"https:\/\/murter-online.com\/hr\/wp-json\/wp\/v2\/media?parent=53736"}],"wp:term":[{"taxonomy":"product_brand","embeddable":true,"href":"https:\/\/murter-online.com\/hr\/wp-json\/wp\/v2\/product_brand?post=53736"},{"taxonomy":"product_cat","embeddable":true,"href":"https:\/\/murter-online.com\/hr\/wp-json\/wp\/v2\/product_cat?post=53736"},{"taxonomy":"product_tag","embeddable":true,"href":"https:\/\/murter-online.com\/hr\/wp-json\/wp\/v2\/product_tag?post=53736"}],"curies":[{"name":"wp","href":"https:\/\/api.w.org\/{rel}","templated":true}]}}