{"id":53741,"date":"2025-01-06T18:54:45","date_gmt":"2025-01-06T18:54:45","guid":{"rendered":"https:\/\/murter.riot.hr\/?post_type=product&#038;p=53741"},"modified":"2025-03-28T20:05:51","modified_gmt":"2025-03-28T19:05:51","slug":"robinzonska-kuca-murter-mali-vinik-a4","status":"publish","type":"product","link":"https:\/\/murter-online.com\/hr\/proizvod\/robinzonska-kuca-murter-mali-vinik-a4\/","title":{"rendered":"Robinzonski smje\u0161taj &#8211; ku\u0107a na osami uz more Murter Mali Vinik A4+2"},"content":{"rendered":"","protected":false},"excerpt":{"rendered":"<div align=\"center\">\n<div class=\"max_width\" align=\"left\">\n<div>\n<div>Prekrasna robinzonska ku\u0107a nalazi se na otoku Mali Vinik blizu Murtera. U ku\u0107i postoji spavaonica na galeriji u kojoj mogu spavati dvije odrasle osobe, u dnevnom boravku postoji veliki kau\u010d na razvla\u010denje koji se mo\u017ee koristiti za spavanje. Ku\u0107a je opremljena \u0161tednjakom , pe\u0107nicom, hladnjakom, klimom, prijenosnim zvu\u010dnikom. U ku\u0107i postoje dva televizora. Gosti na raspolaganju za kori\u0161tenje imaju plinski grill i dvije SUP daske za veslanje. Struja je 220 v. Ku\u0107a je veli\u010dine 38 metara kvadratnih.<\/div>\n<\/div>\n<\/div>\n<\/div>\n<div align=\"center\">\n<div><\/div>\n<div><\/div>\n<\/div>\n","protected":false},"featured_media":33997,"template":"","meta":{"_acf_changed":false},"product_brand":[],"product_cat":[140],"product_tag":[],"class_list":{"0":"post-53741","1":"product","2":"type-product","3":"status-publish","4":"has-post-thumbnail","6":"product_cat-ribarske-kuce","8":"first","9":"instock","10":"sold-individually","11":"shipping-taxable","12":"purchasable","13":"product-type-phive_booking"},"acf":[],"_links":{"self":[{"href":"https:\/\/murter-online.com\/hr\/wp-json\/wp\/v2\/product\/53741","targetHints":{"allow":["GET"]}}],"collection":[{"href":"https:\/\/murter-online.com\/hr\/wp-json\/wp\/v2\/product"}],"about":[{"href":"https:\/\/murter-online.com\/hr\/wp-json\/wp\/v2\/types\/product"}],"wp:featuredmedia":[{"embeddable":true,"href":"https:\/\/murter-online.com\/hr\/wp-json\/wp\/v2\/media\/33997"}],"wp:attachment":[{"href":"https:\/\/murter-online.com\/hr\/wp-json\/wp\/v2\/media?parent=53741"}],"wp:term":[{"taxonomy":"product_brand","embeddable":true,"href":"https:\/\/murter-online.com\/hr\/wp-json\/wp\/v2\/product_brand?post=53741"},{"taxonomy":"product_cat","embeddable":true,"href":"https:\/\/murter-online.com\/hr\/wp-json\/wp\/v2\/product_cat?post=53741"},{"taxonomy":"product_tag","embeddable":true,"href":"https:\/\/murter-online.com\/hr\/wp-json\/wp\/v2\/product_tag?post=53741"}],"curies":[{"name":"wp","href":"https:\/\/api.w.org\/{rel}","templated":true}]}}