{"id":53745,"date":"2025-01-06T19:01:58","date_gmt":"2025-01-06T19:01:58","guid":{"rendered":"https:\/\/murter.riot.hr\/?post_type=product&#038;p=53745"},"modified":"2025-03-28T20:16:22","modified_gmt":"2025-03-28T19:16:22","slug":"robinzonska-kuca-murter-podvrske-a4-id-95","status":"publish","type":"product","link":"https:\/\/murter-online.com\/hr\/proizvod\/robinzonska-kuca-murter-podvrske-a4-id-95\/","title":{"rendered":"Kamena ku\u0107a za robinzonski turizam Murter pla\u017ea Podvr\u0161ke A4 ID 95"},"content":{"rendered":"","protected":false},"excerpt":{"rendered":"<p>Robinzonska ku\u0107a Podvr\u0161ke Sea Heart A4 ID 95 Ribarska ku\u0107a sa prekrasnim pogledom na more se nalazi na izvrsnoj lokaciji samo 50 metara od mora. Ribarska ku\u0107a ima solarne plo\u010de iz kojih se dobija struja (mogu se koristiti manji ure\u0111aji ). Ima hladnjak i kuhalo na plin. Voda je dobra za tu\u0161iranje (iz vodovoda ili ki\u0161nica), grijana suncem. Vode ima dovoljno ukoliko se racionalno koristi. Ribarska ku\u0107a ima povr\u0161inu od 40 m2. U studio apartmanu mogu spavati 4 odrasle osobe. Nema dnevni boravak. Povr\u0161ina Balkon\/terase je 30 m2. Ima kupaonicu s tu\u0161em. Parking je osiguran i uklju\u010den u cijenu. Ribarska ku\u0107a je oko 1000 m udaljen od centra mjesta a 50 m od mora ili prve pla\u017ee u mjestu Murter. Ku\u0107ni ljubimci su dozvoljeni.<\/p>\n","protected":false},"featured_media":34157,"template":"","meta":{"_acf_changed":false},"product_brand":[],"product_cat":[140,137],"product_tag":[],"class_list":{"0":"post-53745","1":"product","2":"type-product","3":"status-publish","4":"has-post-thumbnail","6":"product_cat-ribarske-kuce","7":"product_cat-studio-apartmani","9":"first","10":"instock","11":"sold-individually","12":"shipping-taxable","13":"purchasable","14":"product-type-phive_booking"},"acf":[],"_links":{"self":[{"href":"https:\/\/murter-online.com\/hr\/wp-json\/wp\/v2\/product\/53745","targetHints":{"allow":["GET"]}}],"collection":[{"href":"https:\/\/murter-online.com\/hr\/wp-json\/wp\/v2\/product"}],"about":[{"href":"https:\/\/murter-online.com\/hr\/wp-json\/wp\/v2\/types\/product"}],"wp:featuredmedia":[{"embeddable":true,"href":"https:\/\/murter-online.com\/hr\/wp-json\/wp\/v2\/media\/34157"}],"wp:attachment":[{"href":"https:\/\/murter-online.com\/hr\/wp-json\/wp\/v2\/media?parent=53745"}],"wp:term":[{"taxonomy":"product_brand","embeddable":true,"href":"https:\/\/murter-online.com\/hr\/wp-json\/wp\/v2\/product_brand?post=53745"},{"taxonomy":"product_cat","embeddable":true,"href":"https:\/\/murter-online.com\/hr\/wp-json\/wp\/v2\/product_cat?post=53745"},{"taxonomy":"product_tag","embeddable":true,"href":"https:\/\/murter-online.com\/hr\/wp-json\/wp\/v2\/product_tag?post=53745"}],"curies":[{"name":"wp","href":"https:\/\/api.w.org\/{rel}","templated":true}]}}