{"id":54280,"date":"2025-02-16T16:40:16","date_gmt":"2025-02-16T15:40:16","guid":{"rendered":"https:\/\/murter-online.com\/?post_type=product&#038;p=54280"},"modified":"2025-04-13T09:32:36","modified_gmt":"2025-04-13T08:32:36","slug":"apartman-luke-seaview-a4-id32-copy","status":"publish","type":"product","link":"https:\/\/murter-online.com\/hr\/proizvod\/apartman-luke-seaview-a4-id32-copy\/","title":{"rendered":"Apartman sa pogledom na more blizu pla\u017ee Luke Murter A4 ID32"},"content":{"rendered":"","protected":false},"excerpt":{"rendered":"<p>Apartman se nalazi na izvrsnoj poziciji. -Blizu gradske pla\u017ee Luke. -Ima pogled na more i na marinu Murter. -Smje\u0161ten je na tihoj i mirnoj lokaciji -Opremljen je TV-om, klimom, besplatnim WiFi-em -Posteljina i ru\u010dnici nalaze se u apartmanu -Parking i zavr\u0161no \u010di\u0161\u0107enje uklju\u010deni su u cijenu.<\/p>\n","protected":false},"featured_media":45489,"template":"","meta":{"_acf_changed":false},"product_brand":[],"product_cat":[129,133,135],"product_tag":[],"class_list":{"0":"post-54280","1":"product","2":"type-product","3":"status-publish","4":"has-post-thumbnail","6":"product_cat-apartmani","7":"product_cat-apartmani-s-pogledom-na-more","8":"product_cat-obiteljski-apartmani","10":"first","11":"instock","12":"sold-individually","13":"shipping-taxable","14":"purchasable","15":"product-type-phive_booking"},"acf":[],"_links":{"self":[{"href":"https:\/\/murter-online.com\/hr\/wp-json\/wp\/v2\/product\/54280","targetHints":{"allow":["GET"]}}],"collection":[{"href":"https:\/\/murter-online.com\/hr\/wp-json\/wp\/v2\/product"}],"about":[{"href":"https:\/\/murter-online.com\/hr\/wp-json\/wp\/v2\/types\/product"}],"wp:featuredmedia":[{"embeddable":true,"href":"https:\/\/murter-online.com\/hr\/wp-json\/wp\/v2\/media\/45489"}],"wp:attachment":[{"href":"https:\/\/murter-online.com\/hr\/wp-json\/wp\/v2\/media?parent=54280"}],"wp:term":[{"taxonomy":"product_brand","embeddable":true,"href":"https:\/\/murter-online.com\/hr\/wp-json\/wp\/v2\/product_brand?post=54280"},{"taxonomy":"product_cat","embeddable":true,"href":"https:\/\/murter-online.com\/hr\/wp-json\/wp\/v2\/product_cat?post=54280"},{"taxonomy":"product_tag","embeddable":true,"href":"https:\/\/murter-online.com\/hr\/wp-json\/wp\/v2\/product_tag?post=54280"}],"curies":[{"name":"wp","href":"https:\/\/api.w.org\/{rel}","templated":true}]}}