{"id":54296,"date":"2025-02-17T16:53:08","date_gmt":"2025-02-17T15:53:08","guid":{"rendered":"https:\/\/murter-online.com\/?post_type=product&#038;p=54296"},"modified":"2025-04-04T12:38:37","modified_gmt":"2025-04-04T11:38:37","slug":"apartman-jersane-vista-mare-a21-id-57","status":"publish","type":"product","link":"https:\/\/murter-online.com\/hr\/proizvod\/apartman-jersane-vista-mare-a21-id-57\/","title":{"rendered":"Apartman sa pogledom na more Luke Murter A2+1 ID 57"},"content":{"rendered":"","protected":false},"excerpt":{"rendered":"<p>Apartman Jersane Vista Mare A2+1 ID 56 se nalazi na jako dobroj poziciji, udaljen od mora svega nekoliko metara. U blizini se nalazi gradska pla\u017ea Luke, restoran, kafici te Supermarket. Centar mjesta je udaljen otprilike 10 minuta hoda. Apartman ima balkon na kojem mo\u017eete u\u017eivati u predivnom pogledu na more i okolne oto\u010di\u0107e. Apartman je opremljen besplatnim WiFi-em i klimom. Posteljina, ru\u010dnici i zavr\u0161no \u010di\u0161\u0107enje uklju\u010deni su u cijenu.<\/p>\n","protected":false},"featured_media":21057,"template":"","meta":{"_acf_changed":false},"product_brand":[],"product_cat":[129,133],"product_tag":[],"class_list":{"0":"post-54296","1":"product","2":"type-product","3":"status-publish","4":"has-post-thumbnail","6":"product_cat-apartmani","7":"product_cat-apartmani-s-pogledom-na-more","9":"first","10":"instock","11":"sold-individually","12":"shipping-taxable","13":"purchasable","14":"product-type-phive_booking"},"acf":[],"_links":{"self":[{"href":"https:\/\/murter-online.com\/hr\/wp-json\/wp\/v2\/product\/54296","targetHints":{"allow":["GET"]}}],"collection":[{"href":"https:\/\/murter-online.com\/hr\/wp-json\/wp\/v2\/product"}],"about":[{"href":"https:\/\/murter-online.com\/hr\/wp-json\/wp\/v2\/types\/product"}],"wp:featuredmedia":[{"embeddable":true,"href":"https:\/\/murter-online.com\/hr\/wp-json\/wp\/v2\/media\/21057"}],"wp:attachment":[{"href":"https:\/\/murter-online.com\/hr\/wp-json\/wp\/v2\/media?parent=54296"}],"wp:term":[{"taxonomy":"product_brand","embeddable":true,"href":"https:\/\/murter-online.com\/hr\/wp-json\/wp\/v2\/product_brand?post=54296"},{"taxonomy":"product_cat","embeddable":true,"href":"https:\/\/murter-online.com\/hr\/wp-json\/wp\/v2\/product_cat?post=54296"},{"taxonomy":"product_tag","embeddable":true,"href":"https:\/\/murter-online.com\/hr\/wp-json\/wp\/v2\/product_tag?post=54296"}],"curies":[{"name":"wp","href":"https:\/\/api.w.org\/{rel}","templated":true}]}}