{"id":54786,"date":"2025-02-22T14:48:41","date_gmt":"2025-02-22T13:48:41","guid":{"rendered":"https:\/\/murter-online.com\/?post_type=product&#038;p=54786"},"modified":"2025-04-04T11:55:20","modified_gmt":"2025-04-04T10:55:20","slug":"apartman-vlake-murter-slanica-a2-id-328","status":"publish","type":"product","link":"https:\/\/murter-online.com\/hr\/proizvod\/apartman-vlake-murter-slanica-a2-id-328\/","title":{"rendered":"Apartman sa pogledom na more Slanica Murter A2 ID 328"},"content":{"rendered":"","protected":false},"excerpt":{"rendered":"<pre id=\"tw-target-text\" class=\"tw-data-text tw-text-large tw-ta\" dir=\"ltr\" data-placeholder=\"Prijevod\" data-ved=\"2ahUKEwiH2JST2taLAxWwKBAIHcNvIjUQ3ewLegQIBxAV\" aria-label=\"Prevedeni tekst: Prekrasan stan u Murteru s pogledom na more. Apartman se nalazi iznad najpoznatije pje\u0161\u010dane pla\u017ee u Murteru - Slanica i ima prekrasan pogled na more i Kornate. Apartman ima klima ure\u0111aj, WiFi, SAT TV, potpuno opremljenu kuhinju. Apartman ima besplatan parking za goste. Na raspolaganju je vanjski ro\u0161tilj koji se mo\u017ee besplatno koristiti. Apartman ima jednu spava\u0107u sobu za 2 osobe, odvojeni dnevni boravak, kuhinju i kupaonicu. Veli\u010dina apartmana je 55 kvadratnih metara.\"><span class=\"Y2IQFc\" lang=\"hr\">Prekrasan stan u Murteru s pogledom na more. Apartman se nalazi iznad najpoznatije pje\u0161\u010dane pla\u017ee u Murteru - Slanice i ima prekrasan pogled na more i Kornate.\r\nApartman ima klima ure\u0111aj, WiFi, SAT TV, potpuno opremljenu kuhinju. Apartman ima besplatan parking za goste. Na raspolaganju je vanjski ro\u0161tilj koji se mo\u017ee besplatno koristiti. Apartman ima jednu spava\u0107u sobu za 2 osobe, odvojeni dnevni boravak, kuhinju i kupaonicu.\r\nVeli\u010dina apartmana je 55 kvadratnih metara.<\/span><\/pre>\n","protected":false},"featured_media":54672,"template":"","meta":{"_acf_changed":false},"product_brand":[],"product_cat":[129,133],"product_tag":[],"class_list":{"0":"post-54786","1":"product","2":"type-product","3":"status-publish","4":"has-post-thumbnail","6":"product_cat-apartmani","7":"product_cat-apartmani-s-pogledom-na-more","9":"first","10":"instock","11":"sold-individually","12":"shipping-taxable","13":"purchasable","14":"product-type-phive_booking"},"acf":[],"_links":{"self":[{"href":"https:\/\/murter-online.com\/hr\/wp-json\/wp\/v2\/product\/54786","targetHints":{"allow":["GET"]}}],"collection":[{"href":"https:\/\/murter-online.com\/hr\/wp-json\/wp\/v2\/product"}],"about":[{"href":"https:\/\/murter-online.com\/hr\/wp-json\/wp\/v2\/types\/product"}],"wp:featuredmedia":[{"embeddable":true,"href":"https:\/\/murter-online.com\/hr\/wp-json\/wp\/v2\/media\/54672"}],"wp:attachment":[{"href":"https:\/\/murter-online.com\/hr\/wp-json\/wp\/v2\/media?parent=54786"}],"wp:term":[{"taxonomy":"product_brand","embeddable":true,"href":"https:\/\/murter-online.com\/hr\/wp-json\/wp\/v2\/product_brand?post=54786"},{"taxonomy":"product_cat","embeddable":true,"href":"https:\/\/murter-online.com\/hr\/wp-json\/wp\/v2\/product_cat?post=54786"},{"taxonomy":"product_tag","embeddable":true,"href":"https:\/\/murter-online.com\/hr\/wp-json\/wp\/v2\/product_tag?post=54786"}],"curies":[{"name":"wp","href":"https:\/\/api.w.org\/{rel}","templated":true}]}}