{"id":56656,"date":"2025-01-03T15:15:04","date_gmt":"2025-01-03T15:15:04","guid":{"rendered":"https:\/\/murter-online.com\/?post_type=product&#038;p=56656"},"modified":"2025-04-26T07:26:14","modified_gmt":"2025-04-26T06:26:14","slug":"obiteljski-apartman-kornatska-summer-flower-murter-a41-id-116","status":"publish","type":"product","link":"https:\/\/murter-online.com\/hr\/proizvod\/obiteljski-apartman-kornatska-summer-flower-murter-a41-id-116\/","title":{"rendered":"Obiteljski apartman Kornatska Summer Flower Murter A4+1 ID 116"},"content":{"rendered":"","protected":false},"excerpt":{"rendered":"<p>Apartman se nalazi na dobroj lokaciji 350m. daleko od mora. Apartman je opremljen TV-om, pe\u0107nicom, BESPLATNOM Wi-Fi internet vezom. Apartman ima kupaonicu s tu\u0161em. Ima dnevni boravak koji se mo\u017ee koristiti za spavanje. Stambena povr\u0161ina je 60 m2. a balkon\/terasa je veli\u010dine 30 m2. U apartmanu mogu spavati 4 osobe na glavnim le\u017eajevima i 1 osoba na kau\u010du na razvla\u010denje u dnevnoj sobi. Stan se nalazi u prizemlju. Ku\u0107ni ljubimci &#8211; prema dogovoru. Apartman ima vlastiti besplatni parking. Postoji otvoreni ro\u0161tilj. Apartman je udaljen 450m. udaljeno od centra i cca 350m. daleko od mora ili prve pla\u017ee u Murteru<\/p>\n<p>&nbsp;<\/p>\n","protected":false},"featured_media":22345,"template":"","meta":{"_acf_changed":false},"product_brand":[],"product_cat":[129,135],"product_tag":[],"class_list":{"0":"post-56656","1":"product","2":"type-product","3":"status-publish","4":"has-post-thumbnail","6":"product_cat-apartmani","7":"product_cat-obiteljski-apartmani","9":"first","10":"instock","11":"sold-individually","12":"shipping-taxable","13":"purchasable","14":"product-type-phive_booking"},"acf":[],"_links":{"self":[{"href":"https:\/\/murter-online.com\/hr\/wp-json\/wp\/v2\/product\/56656","targetHints":{"allow":["GET"]}}],"collection":[{"href":"https:\/\/murter-online.com\/hr\/wp-json\/wp\/v2\/product"}],"about":[{"href":"https:\/\/murter-online.com\/hr\/wp-json\/wp\/v2\/types\/product"}],"wp:featuredmedia":[{"embeddable":true,"href":"https:\/\/murter-online.com\/hr\/wp-json\/wp\/v2\/media\/22345"}],"wp:attachment":[{"href":"https:\/\/murter-online.com\/hr\/wp-json\/wp\/v2\/media?parent=56656"}],"wp:term":[{"taxonomy":"product_brand","embeddable":true,"href":"https:\/\/murter-online.com\/hr\/wp-json\/wp\/v2\/product_brand?post=56656"},{"taxonomy":"product_cat","embeddable":true,"href":"https:\/\/murter-online.com\/hr\/wp-json\/wp\/v2\/product_cat?post=56656"},{"taxonomy":"product_tag","embeddable":true,"href":"https:\/\/murter-online.com\/hr\/wp-json\/wp\/v2\/product_tag?post=56656"}],"curies":[{"name":"wp","href":"https:\/\/api.w.org\/{rel}","templated":true}]}}