{"id":59498,"date":"2025-12-19T11:01:20","date_gmt":"2025-12-19T10:01:20","guid":{"rendered":"https:\/\/murter-online.com\/?post_type=product&#038;p=59498"},"modified":"2025-12-21T19:23:58","modified_gmt":"2025-12-21T18:23:58","slug":"apartman-s-pogledom-na-more-u-murteru-podraduc-a4-id-322","status":"publish","type":"product","link":"https:\/\/murter-online.com\/hr\/proizvod\/apartman-s-pogledom-na-more-u-murteru-podraduc-a4-id-322\/","title":{"rendered":"Apartman s pogledom na more u Murteru &#8211; Podradu\u010d A4 ID 322"},"content":{"rendered":"","protected":false},"excerpt":{"rendered":"<p id=\"tw-target-text\" class=\"tw-data-text tw-text-large tw-ta\" dir=\"ltr\" tabindex=\"-1\" role=\"text\" data-placeholder=\"Prijevod\" data-ved=\"2ahUKEwjK1aLbpM-RAxXV2wIHHXdqHGwQ3ewLegQIDBAW\" aria-label=\"Prevedeni tekst: Ovo je nov i udoban\u00a0 apartman smje\u0161ten 80 metara od stjenovite pla\u017ee u ulici Podradu\u010d u Murteru. More ispred apartmana je vrlo \u010disto. Apartman ima 2 spava\u0107e sobe, jedna spava\u0107a soba ima 2 kreveta za jednu osobu, a druga jedan bra\u010dni krevet. To je savr\u0161en obiteljski stan koji se nalazi na mirnom mjestu s lijepim pogledom na more. Parking za automobil je uklju\u010den u cijenu i nalazi se 80 metara od apartmana. Apartman ima besplatni WiFi, klimu, ro\u0161tilj i TV. Ako \u017eelite mirnu lokaciju blizu mora ovo je za vas.\"><span class=\"Y2IQFc\" lang=\"hr\">Ovo je nov i udoban\u00a0 apartman smje\u0161ten 80 metara od stjenovite pla\u017ee u ulici Podradu\u010d u Murteru. More ispred apartmana je vrlo \u010disto. Apartman ima 2 spava\u0107e sobe, jedna spava\u0107a soba ima 2 kreveta za jednu osobu, a druga jedan bra\u010dni krevet. To je savr\u0161en obiteljski stan koji se nalazi na mirnom mjestu s lijepim pogledom na more. Parking za automobil je uklju\u010den u cijenu i nalazi se 80 metara od apartmana. Apartman ima besplatni WiFi, klimu, ro\u0161tilj i TV. Ako \u017eelite mirnu lokaciju blizu mora ovo je za vas.<\/span><\/p>\n","protected":false},"featured_media":59330,"template":"","meta":{"_acf_changed":false},"product_brand":[],"product_cat":[170,133],"product_tag":[],"class_list":{"0":"post-59498","1":"product","2":"type-product","3":"status-publish","4":"has-post-thumbnail","6":"product_cat-uncategorized-hr","7":"product_cat-apartmani-s-pogledom-na-more","9":"first","10":"instock","11":"sold-individually","12":"shipping-taxable","13":"purchasable","14":"product-type-phive_booking"},"acf":[],"_links":{"self":[{"href":"https:\/\/murter-online.com\/hr\/wp-json\/wp\/v2\/product\/59498","targetHints":{"allow":["GET"]}}],"collection":[{"href":"https:\/\/murter-online.com\/hr\/wp-json\/wp\/v2\/product"}],"about":[{"href":"https:\/\/murter-online.com\/hr\/wp-json\/wp\/v2\/types\/product"}],"wp:featuredmedia":[{"embeddable":true,"href":"https:\/\/murter-online.com\/hr\/wp-json\/wp\/v2\/media\/59330"}],"wp:attachment":[{"href":"https:\/\/murter-online.com\/hr\/wp-json\/wp\/v2\/media?parent=59498"}],"wp:term":[{"taxonomy":"product_brand","embeddable":true,"href":"https:\/\/murter-online.com\/hr\/wp-json\/wp\/v2\/product_brand?post=59498"},{"taxonomy":"product_cat","embeddable":true,"href":"https:\/\/murter-online.com\/hr\/wp-json\/wp\/v2\/product_cat?post=59498"},{"taxonomy":"product_tag","embeddable":true,"href":"https:\/\/murter-online.com\/hr\/wp-json\/wp\/v2\/product_tag?post=59498"}],"curies":[{"name":"wp","href":"https:\/\/api.w.org\/{rel}","templated":true}]}}