{"id":59767,"date":"2025-12-22T11:48:46","date_gmt":"2025-12-22T10:48:46","guid":{"rendered":"https:\/\/murter-online.com\/?post_type=product&#038;p=59767"},"modified":"2025-12-22T15:24:45","modified_gmt":"2025-12-22T14:24:45","slug":"apartman-s-pogledom-na-more-u-murteru-podraduc-nikolina-a22-id-323","status":"publish","type":"product","link":"https:\/\/murter-online.com\/hr\/proizvod\/apartman-s-pogledom-na-more-u-murteru-podraduc-nikolina-a22-id-323\/","title":{"rendered":"Apartman s pogledom na more u Murteru Podradu\u010d Nikolina A2+2 ID 323"},"content":{"rendered":"","protected":false},"excerpt":{"rendered":"<p id=\"tw-target-text\" class=\"tw-data-text tw-text-large tw-ta\" dir=\"ltr\" tabindex=\"-1\" role=\"text\" data-placeholder=\"Prijevod\" data-ved=\"2ahUKEwiSuorPstGRAxXB9AIHHbhjDqkQ3ewLegQIDBAW\" aria-label=\"Prevedeni tekst: Apartman s prekrasnim pogledom na more nalazi se u atraktivnom dijelu Murtera, u ulici Podradu\u010d, na mirnom i tihom mjestu. Apartman ima 1 spava\u0107u sobu u kojoj mogu spavati 2 osobe, apartman tako\u0111er ima dnevni boravak sa pomo\u0107nim le\u017eajem koji se mo\u017ee koristiti za spavanje. Tu je pe\u0107nica, kuhalo za vodu, zamrziva\u010d, ostatak kuhinje je potpuno opremljen. Apartman ima prekrasnu terasu s pogledom na more i Kornate. Apartman ima klima ure\u0111aj, besplatni Wi-Fi i SAT TV. Ispred apartmana nalazi se besplatan parking za goste. U dvori\u0161tu apartmana nalazi se ro\u0161tilj koji se mo\u017ee koristiti besplatno. Ispod apartmana (70 metara) je lijepa, \u010dista stjenovita pla\u017ea.\"><span class=\"Y2IQFc\" lang=\"hr\">Apartman s prekrasnim pogledom na more nalazi se u atraktivnom dijelu Murtera, u ulici Podradu\u010d, na mirnom i tihom mjestu. Apartman ima 1 spava\u0107u sobu u kojoj mogu spavati 2 osobe, apartman tako\u0111er ima dnevni boravak sa pomo\u0107nim le\u017eajem koji se mo\u017ee koristiti za spavanje. Tu je pe\u0107nica, kuhalo za vodu, zamrziva\u010d, ostatak kuhinje je potpuno opremljen. Apartman ima prekrasnu terasu s pogledom na more i Kornate. Apartman ima klima ure\u0111aj, besplatni Wi-Fi i SAT TV. Ispred apartmana nalazi se besplatan parking za goste. U dvori\u0161tu apartmana nalazi se ro\u0161tilj koji se mo\u017ee koristiti besplatno. Ispod apartmana (70 metara) je lijepa, \u010dista stjenovita pla\u017ea.<\/span><\/p>\n","protected":false},"featured_media":59688,"template":"","meta":{"_acf_changed":false},"product_brand":[],"product_cat":[129,133],"product_tag":[],"class_list":{"0":"post-59767","1":"product","2":"type-product","3":"status-publish","4":"has-post-thumbnail","6":"product_cat-apartmani","7":"product_cat-apartmani-s-pogledom-na-more","9":"first","10":"instock","11":"sold-individually","12":"shipping-taxable","13":"purchasable","14":"product-type-phive_booking"},"acf":[],"_links":{"self":[{"href":"https:\/\/murter-online.com\/hr\/wp-json\/wp\/v2\/product\/59767","targetHints":{"allow":["GET"]}}],"collection":[{"href":"https:\/\/murter-online.com\/hr\/wp-json\/wp\/v2\/product"}],"about":[{"href":"https:\/\/murter-online.com\/hr\/wp-json\/wp\/v2\/types\/product"}],"wp:featuredmedia":[{"embeddable":true,"href":"https:\/\/murter-online.com\/hr\/wp-json\/wp\/v2\/media\/59688"}],"wp:attachment":[{"href":"https:\/\/murter-online.com\/hr\/wp-json\/wp\/v2\/media?parent=59767"}],"wp:term":[{"taxonomy":"product_brand","embeddable":true,"href":"https:\/\/murter-online.com\/hr\/wp-json\/wp\/v2\/product_brand?post=59767"},{"taxonomy":"product_cat","embeddable":true,"href":"https:\/\/murter-online.com\/hr\/wp-json\/wp\/v2\/product_cat?post=59767"},{"taxonomy":"product_tag","embeddable":true,"href":"https:\/\/murter-online.com\/hr\/wp-json\/wp\/v2\/product_tag?post=59767"}],"curies":[{"name":"wp","href":"https:\/\/api.w.org\/{rel}","templated":true}]}}