{"id":59926,"date":"2025-12-25T19:51:02","date_gmt":"2025-12-25T18:51:02","guid":{"rendered":"https:\/\/murter-online.com\/?post_type=product&#038;p=59926"},"modified":"2025-12-26T08:40:21","modified_gmt":"2025-12-26T07:40:21","slug":"apartman-s-pogledom-na-more-murter-podraduc-nikolina-a41-id-329","status":"publish","type":"product","link":"https:\/\/murter-online.com\/hr\/proizvod\/apartman-s-pogledom-na-more-murter-podraduc-nikolina-a41-id-329\/","title":{"rendered":"Apartman s pogledom na more Murter Podradu\u010d Nikolina A4+1 ID 329"},"content":{"rendered":"","protected":false},"excerpt":{"rendered":"<p id=\"tw-target-text\" class=\"tw-data-text tw-text-large tw-ta\" dir=\"ltr\" tabindex=\"-1\" role=\"text\" data-placeholder=\"Prijevod\" data-ved=\"2ahUKEwigirKCtdmRAxVN_bsIHYsrA64Q3ewLegQIDBAW\" aria-label=\"Prevedeni tekst: Ovaj apartman sa spava\u0107im sobama nalazi se u Murteru u ulici Podradu\u010d. Ako \u017eelite miran odmor u blizini mora, to bi bio odli\u010dan izbor za vas. Apartman ima veliku terasu sa prekrasnim pogledom na more. Apartman ima dvije spava\u0107e sobe gdje mogu spavati po osobe i jedan pomo\u0107ni le\u017eaj u dnevnom boravku koji se mo\u017ee koristiti za spavanje.Kuhinja je kompletno opremljena. Apartman ima pe\u0107nicu, veliki hladnjak, perilicu posu\u0111a, klimu, besplatni WiFi. Na raspolaganju je otvoreni ro\u0161tilj koji se mo\u017ee koristiti besplatno. Parking se nalazi ispred ku\u0107e i uklju\u010den je u cijenu apartmana. Stjenovita pla\u017ea udaljena je 80 metara od ovog apartmana.\"><span class=\"Y2IQFc\" lang=\"hr\">Ovaj apartman sa spava\u0107im sobama nalazi se u Murteru u ulici Podradu\u010d. Ako \u017eelite miran odmor u blizini mora, to bi bio odli\u010dan izbor za vas. Apartman ima veliku terasu sa prekrasnim pogledom na more. Apartman ima dvije spava\u0107e sobe gdje mogu spavati po osobe i jedan pomo\u0107ni le\u017eaj u dnevnom boravku koji se mo\u017ee koristiti za spavanje.Kuhinja je kompletno opremljena. Apartman ima pe\u0107nicu, veliki hladnjak, perilicu posu\u0111a, klimu, besplatni WiFi. Na raspolaganju je otvoreni ro\u0161tilj koji se mo\u017ee koristiti besplatno. Parking se nalazi ispred ku\u0107e i uklju\u010den je u cijenu apartmana. Stjenovita pla\u017ea udaljena je 80 metara od ovog apartmana.<\/span><\/p>\n","protected":false},"featured_media":59931,"template":"","meta":{"_acf_changed":false},"product_brand":[],"product_cat":[129,133],"product_tag":[],"class_list":{"0":"post-59926","1":"product","2":"type-product","3":"status-publish","4":"has-post-thumbnail","6":"product_cat-apartmani","7":"product_cat-apartmani-s-pogledom-na-more","9":"first","10":"instock","11":"sold-individually","12":"shipping-taxable","13":"purchasable","14":"product-type-phive_booking"},"acf":[],"_links":{"self":[{"href":"https:\/\/murter-online.com\/hr\/wp-json\/wp\/v2\/product\/59926","targetHints":{"allow":["GET"]}}],"collection":[{"href":"https:\/\/murter-online.com\/hr\/wp-json\/wp\/v2\/product"}],"about":[{"href":"https:\/\/murter-online.com\/hr\/wp-json\/wp\/v2\/types\/product"}],"wp:featuredmedia":[{"embeddable":true,"href":"https:\/\/murter-online.com\/hr\/wp-json\/wp\/v2\/media\/59931"}],"wp:attachment":[{"href":"https:\/\/murter-online.com\/hr\/wp-json\/wp\/v2\/media?parent=59926"}],"wp:term":[{"taxonomy":"product_brand","embeddable":true,"href":"https:\/\/murter-online.com\/hr\/wp-json\/wp\/v2\/product_brand?post=59926"},{"taxonomy":"product_cat","embeddable":true,"href":"https:\/\/murter-online.com\/hr\/wp-json\/wp\/v2\/product_cat?post=59926"},{"taxonomy":"product_tag","embeddable":true,"href":"https:\/\/murter-online.com\/hr\/wp-json\/wp\/v2\/product_tag?post=59926"}],"curies":[{"name":"wp","href":"https:\/\/api.w.org\/{rel}","templated":true}]}}