{"id":60117,"date":"2025-12-28T11:39:03","date_gmt":"2025-12-28T10:39:03","guid":{"rendered":"https:\/\/murter-online.com\/?post_type=product&#038;p=60117"},"modified":"2025-12-28T18:34:49","modified_gmt":"2025-12-28T17:34:49","slug":"obiteljski-apartman-s-pogledom-na-more-a41-podvrske-irena","status":"publish","type":"product","link":"https:\/\/murter-online.com\/hr\/proizvod\/obiteljski-apartman-s-pogledom-na-more-a41-podvrske-irena\/","title":{"rendered":"Obiteljski apartman s pogledom na more A4+1 Podvr\u0161ke Irena"},"content":{"rendered":"","protected":false},"excerpt":{"rendered":"<p id=\"tw-target-text\" class=\"tw-data-text tw-text-large tw-ta\" dir=\"ltr\" tabindex=\"-1\" role=\"text\" data-placeholder=\"Prijevod\" data-ved=\"2ahUKEwia3OG75uCRAxVehf0HHcouGe0Q3ewLegQIDBAW\" aria-label=\"Prevedeni tekst: Lijep i nov obiteljski stan sa dvije spava\u0107e sobe nalazi se na odli\u010dnoj lokaciji. U neposrednoj blizini lokalne pla\u017ee Luke i pje\u0161\u010dane pla\u017ee Podvr\u0161ke. Ovaj apartman ima dvije spava\u0107e sobe u kojima mogu spavati 4 osobe, ima dnevni boravak sa pomo\u0107nim le\u017eajem (sofa) koji se mo\u017ee koristiti za spavanje. Apartman je opremljen besplatnim WiFi-em, klimom, TV-om, besplatnim parkirnim mjestom, aparatom za kavu, kuhalom za vodu. Parking se nalazi ispred ku\u0107e i ne napla\u0107uje se.\"><span class=\"Y2IQFc\" lang=\"hr\">Lijep i nov obiteljski stan sa dvije spava\u0107e sobe nalazi se na odli\u010dnoj lokaciji. U neposrednoj blizini lokalne pla\u017ee Luke i pje\u0161\u010dane pla\u017ee Podvr\u0161ke. Ovaj apartman ima dvije spava\u0107e sobe u kojima mogu spavati 4 osobe, ima dnevni boravak sa pomo\u0107nim le\u017eajem (sofa) koji se mo\u017ee koristiti za spavanje. Apartman je opremljen besplatnim WiFi-em, klimom, TV-om, besplatnim parkirnim mjestom, aparatom za kavu, kuhalom za vodu. Parking se nalazi ispred ku\u0107e i ne napla\u0107uje se.<\/span><\/p>\n","protected":false},"featured_media":60122,"template":"","meta":{"_acf_changed":false},"product_brand":[],"product_cat":[129,133],"product_tag":[],"class_list":{"0":"post-60117","1":"product","2":"type-product","3":"status-publish","4":"has-post-thumbnail","6":"product_cat-apartmani","7":"product_cat-apartmani-s-pogledom-na-more","9":"first","10":"instock","11":"sold-individually","12":"shipping-taxable","13":"purchasable","14":"product-type-phive_booking"},"acf":[],"_links":{"self":[{"href":"https:\/\/murter-online.com\/hr\/wp-json\/wp\/v2\/product\/60117","targetHints":{"allow":["GET"]}}],"collection":[{"href":"https:\/\/murter-online.com\/hr\/wp-json\/wp\/v2\/product"}],"about":[{"href":"https:\/\/murter-online.com\/hr\/wp-json\/wp\/v2\/types\/product"}],"wp:featuredmedia":[{"embeddable":true,"href":"https:\/\/murter-online.com\/hr\/wp-json\/wp\/v2\/media\/60122"}],"wp:attachment":[{"href":"https:\/\/murter-online.com\/hr\/wp-json\/wp\/v2\/media?parent=60117"}],"wp:term":[{"taxonomy":"product_brand","embeddable":true,"href":"https:\/\/murter-online.com\/hr\/wp-json\/wp\/v2\/product_brand?post=60117"},{"taxonomy":"product_cat","embeddable":true,"href":"https:\/\/murter-online.com\/hr\/wp-json\/wp\/v2\/product_cat?post=60117"},{"taxonomy":"product_tag","embeddable":true,"href":"https:\/\/murter-online.com\/hr\/wp-json\/wp\/v2\/product_tag?post=60117"}],"curies":[{"name":"wp","href":"https:\/\/api.w.org\/{rel}","templated":true}]}}