{"id":60428,"date":"2025-12-31T10:51:30","date_gmt":"2025-12-31T09:51:30","guid":{"rendered":"https:\/\/murter-online.com\/?post_type=product&#038;p=60428"},"modified":"2025-12-31T11:03:07","modified_gmt":"2025-12-31T10:03:07","slug":"studio-apartman-murter-podvrske-irena-a21-id-330","status":"publish","type":"product","link":"https:\/\/murter-online.com\/hr\/proizvod\/studio-apartman-murter-podvrske-irena-a21-id-330\/","title":{"rendered":"Studio apartman Murter Podvr\u0161ke Irena A2+1 id 330"},"content":{"rendered":"","protected":false},"excerpt":{"rendered":"<p id=\"tw-target-text\" class=\"tw-data-text tw-text-large tw-ta\" dir=\"ltr\" tabindex=\"-1\" role=\"text\" data-placeholder=\"Prijevod\" data-ved=\"2ahUKEwiO-u-lueeRAxU64wIHHUf-EdQQ3ewLegQIDBAW\" aria-label=\"Prevedeni tekst: Lijep moderan apartman za 2+1 osobu, smje\u0161ten na odli\u010dnoj lokaciji. Samo 4 minute od lokalne pla\u017ee Luke i max.7 minuta\u00a0 pje\u0161ice od pje\u0161\u010dane pla\u017ee Podvr\u0161ke. Apartman ima jednu spava\u0107u sobu u kojoj mogu spavati 2 osobe i jedan dodatni kau\u010d na razvla\u010denje u dnevnoj sobi koji se mo\u017ee koristiti za spavanje. Mala kuhinja je potpuno opremljena sa velikim fri\u017eiderom. Internet Wi-Fi, klima ure\u0111aj, posteljina, ru\u010dnici i zavr\u0161no \u010di\u0161\u0107enje uklju\u010deni su u cijenu apartmana. Apartman ima mali balkon.Toalet je nov i \u010dist.Ispred ku\u0107e u dvori\u0161tu postoji parking za goste.\"><span class=\"Y2IQFc\" lang=\"hr\">Lijep moderan apartman za 2+1 osobu, smje\u0161ten na odli\u010dnoj lokaciji. Samo 4 minute od lokalne pla\u017ee Luke i max.7 minuta\u00a0 pje\u0161ice od pje\u0161\u010dane pla\u017ee Podvr\u0161ke. Apartman ima jednu spava\u0107u sobu u kojoj mogu spavati 2 osobe i jedan dodatni kau\u010d na razvla\u010denje u dnevnoj sobi koji se mo\u017ee koristiti za spavanje. Mala kuhinja je potpuno opremljena sa velikim fri\u017eiderom. Internet Wi-Fi, klima ure\u0111aj, posteljina, ru\u010dnici i zavr\u0161no \u010di\u0161\u0107enje uklju\u010deni su u cijenu apartmana. Apartman ima mali balkon.Toalet je nov i \u010dist.Ispred ku\u0107e u dvori\u0161tu postoji parking za goste.<\/span><\/p>\n","protected":false},"featured_media":60433,"template":"","meta":{"_acf_changed":false},"product_brand":[],"product_cat":[129,135,137],"product_tag":[],"class_list":{"0":"post-60428","1":"product","2":"type-product","3":"status-publish","4":"has-post-thumbnail","6":"product_cat-apartmani","7":"product_cat-obiteljski-apartmani","8":"product_cat-studio-apartmani","10":"first","11":"instock","12":"sold-individually","13":"shipping-taxable","14":"purchasable","15":"product-type-phive_booking"},"acf":[],"_links":{"self":[{"href":"https:\/\/murter-online.com\/hr\/wp-json\/wp\/v2\/product\/60428","targetHints":{"allow":["GET"]}}],"collection":[{"href":"https:\/\/murter-online.com\/hr\/wp-json\/wp\/v2\/product"}],"about":[{"href":"https:\/\/murter-online.com\/hr\/wp-json\/wp\/v2\/types\/product"}],"wp:featuredmedia":[{"embeddable":true,"href":"https:\/\/murter-online.com\/hr\/wp-json\/wp\/v2\/media\/60433"}],"wp:attachment":[{"href":"https:\/\/murter-online.com\/hr\/wp-json\/wp\/v2\/media?parent=60428"}],"wp:term":[{"taxonomy":"product_brand","embeddable":true,"href":"https:\/\/murter-online.com\/hr\/wp-json\/wp\/v2\/product_brand?post=60428"},{"taxonomy":"product_cat","embeddable":true,"href":"https:\/\/murter-online.com\/hr\/wp-json\/wp\/v2\/product_cat?post=60428"},{"taxonomy":"product_tag","embeddable":true,"href":"https:\/\/murter-online.com\/hr\/wp-json\/wp\/v2\/product_tag?post=60428"}],"curies":[{"name":"wp","href":"https:\/\/api.w.org\/{rel}","templated":true}]}}