{"id":60854,"date":"2026-01-02T20:38:19","date_gmt":"2026-01-02T19:38:19","guid":{"rendered":"https:\/\/murter-online.com\/?post_type=product&#038;p=60854"},"modified":"2026-01-02T21:14:50","modified_gmt":"2026-01-02T20:14:50","slug":"veliki-obiteljski-apartman-u-blizini-plaze-slanica-u-murteru-a-62","status":"publish","type":"product","link":"https:\/\/murter-online.com\/hr\/proizvod\/veliki-obiteljski-apartman-u-blizini-plaze-slanica-u-murteru-a-62\/","title":{"rendered":"Veliki obiteljski apartman u blizini pla\u017ee Slanica u Murteru A 6+2"},"content":{"rendered":"","protected":false},"excerpt":{"rendered":"<p id=\"tw-target-text\" class=\"tw-data-text tw-text-large tw-ta\" dir=\"ltr\" tabindex=\"-1\" role=\"text\" data-placeholder=\"Prijevod\" data-ved=\"2ahUKEwjayOSjyO2RAxUt-QIHHWJzNIcQ3ewLegQIDBAW\" aria-label=\"Prevedeni tekst: Prekrasan i prostran obiteljski apartman, smje\u0161ten na odli\u010dnoj poziciji, samo 200 metara od najpopularnije pje\u0161\u010dane pla\u017ee u Murteru - Slanica. Apartman se nalazi na prvom katu ku\u0107e, ima 3 velike spava\u0107e sobe u kojima mo\u017ee spavati 6 odraslih osoba. U dnevnom boravku se nalazi pomo\u0107ni le\u017eaj (kau\u010d) koji se mo\u017ee koristiti za spavanje. Apartman ima WiFi, SAT TV, perilicu su\u0111a. Kuhinja je potpuno opremljena. Apartman ima dvije kupaonice i dva velika balkona. Ispred ku\u0107e je besplatan parking za goste koji je uklju\u010den u cijenu. Tu je i prekrasan vrtni namje\u0161taj s ro\u0161tiljem koji se mo\u017ee koristiti besplatno.\"><span class=\"Y2IQFc\" lang=\"hr\">Prekrasan i prostran obiteljski apartman, smje\u0161ten na odli\u010dnoj poziciji, samo 200 metara od najpopularnije pje\u0161\u010dane pla\u017ee u Murteru &#8211; Slanica. Apartman se nalazi na prvom katu ku\u0107e, ima 3 velike spava\u0107e sobe u kojima mo\u017ee spavati 6 odraslih osoba. U dnevnom boravku se nalazi pomo\u0107ni le\u017eaj (kau\u010d) koji se mo\u017ee koristiti za spavanje. Apartman ima WiFi, SAT TV, perilicu su\u0111a. Kuhinja je potpuno opremljena. Apartman ima dvije kupaonice i dva velika balkona. Ispred ku\u0107e je besplatan parking za goste koji je uklju\u010den u cijenu. Tu je i prekrasan vrtni namje\u0161taj s ro\u0161tiljem koji se mo\u017ee koristiti besplatno.<\/span><\/p>\n","protected":false},"featured_media":60673,"template":"","meta":{"_acf_changed":false},"product_brand":[],"product_cat":[129,135],"product_tag":[],"class_list":{"0":"post-60854","1":"product","2":"type-product","3":"status-publish","4":"has-post-thumbnail","6":"product_cat-apartmani","7":"product_cat-obiteljski-apartmani","9":"first","10":"instock","11":"sold-individually","12":"shipping-taxable","13":"purchasable","14":"product-type-phive_booking"},"acf":[],"_links":{"self":[{"href":"https:\/\/murter-online.com\/hr\/wp-json\/wp\/v2\/product\/60854","targetHints":{"allow":["GET"]}}],"collection":[{"href":"https:\/\/murter-online.com\/hr\/wp-json\/wp\/v2\/product"}],"about":[{"href":"https:\/\/murter-online.com\/hr\/wp-json\/wp\/v2\/types\/product"}],"wp:featuredmedia":[{"embeddable":true,"href":"https:\/\/murter-online.com\/hr\/wp-json\/wp\/v2\/media\/60673"}],"wp:attachment":[{"href":"https:\/\/murter-online.com\/hr\/wp-json\/wp\/v2\/media?parent=60854"}],"wp:term":[{"taxonomy":"product_brand","embeddable":true,"href":"https:\/\/murter-online.com\/hr\/wp-json\/wp\/v2\/product_brand?post=60854"},{"taxonomy":"product_cat","embeddable":true,"href":"https:\/\/murter-online.com\/hr\/wp-json\/wp\/v2\/product_cat?post=60854"},{"taxonomy":"product_tag","embeddable":true,"href":"https:\/\/murter-online.com\/hr\/wp-json\/wp\/v2\/product_tag?post=60854"}],"curies":[{"name":"wp","href":"https:\/\/api.w.org\/{rel}","templated":true}]}}