{"id":65080,"date":"2026-03-15T12:00:07","date_gmt":"2026-03-15T11:00:07","guid":{"rendered":"https:\/\/murter-online.com\/?post_type=product&#038;p=65080"},"modified":"2026-03-23T12:49:44","modified_gmt":"2026-03-23T11:49:44","slug":"apartman-za-21-osobe-ljubica-rudi-blizu-plaze-slanica-id-329","status":"publish","type":"product","link":"https:\/\/murter-online.com\/hr\/proizvod\/apartman-za-21-osobe-ljubica-rudi-blizu-plaze-slanica-id-329\/","title":{"rendered":"Apartman za  2+1 osobe  Ljubica &#038; Rudi blizu pla\u017ee Slanica id 329"},"content":{"rendered":"","protected":false},"excerpt":{"rendered":"<p>Lijepi, \u010dist i nov apartman za 3 osobe smje\u0161ten blizu pje\u0161\u010dane pla\u017ee Slanica. To je studio apartman sa kuhinjom i kupaonicom. Kuhinja je poptuno oprmeljena.Klima i uporeba Wi-Fi- ja uklju\u010deni su u cijenu apartmana. Apartman se nalazi na mirnoj lokaciji.Ispred apartmana nalazi se terasa sa garniturom za sjedenje. Parking za goste je besplatan i nalazi se u dvori\u0161tu ku\u0107e. Ispred apartmana nalazi se vanjski tu\u0161 i ro\u0161tilj koji se mogu besplatno koristiti.<\/p>\n","protected":false},"featured_media":64827,"template":"","meta":{"_acf_changed":false},"product_brand":[],"product_cat":[129,135,137],"product_tag":[],"class_list":{"0":"post-65080","1":"product","2":"type-product","3":"status-publish","4":"has-post-thumbnail","6":"product_cat-apartmani","7":"product_cat-obiteljski-apartmani","8":"product_cat-studio-apartmani","10":"first","11":"instock","12":"sold-individually","13":"shipping-taxable","14":"purchasable","15":"product-type-phive_booking"},"acf":[],"_links":{"self":[{"href":"https:\/\/murter-online.com\/hr\/wp-json\/wp\/v2\/product\/65080","targetHints":{"allow":["GET"]}}],"collection":[{"href":"https:\/\/murter-online.com\/hr\/wp-json\/wp\/v2\/product"}],"about":[{"href":"https:\/\/murter-online.com\/hr\/wp-json\/wp\/v2\/types\/product"}],"wp:featuredmedia":[{"embeddable":true,"href":"https:\/\/murter-online.com\/hr\/wp-json\/wp\/v2\/media\/64827"}],"wp:attachment":[{"href":"https:\/\/murter-online.com\/hr\/wp-json\/wp\/v2\/media?parent=65080"}],"wp:term":[{"taxonomy":"product_brand","embeddable":true,"href":"https:\/\/murter-online.com\/hr\/wp-json\/wp\/v2\/product_brand?post=65080"},{"taxonomy":"product_cat","embeddable":true,"href":"https:\/\/murter-online.com\/hr\/wp-json\/wp\/v2\/product_cat?post=65080"},{"taxonomy":"product_tag","embeddable":true,"href":"https:\/\/murter-online.com\/hr\/wp-json\/wp\/v2\/product_tag?post=65080"}],"curies":[{"name":"wp","href":"https:\/\/api.w.org\/{rel}","templated":true}]}}