{"id":65220,"date":"2026-03-14T19:11:35","date_gmt":"2026-03-14T18:11:35","guid":{"rendered":"https:\/\/murter-online.com\/?post_type=product&#038;p=65220"},"modified":"2026-03-29T19:29:01","modified_gmt":"2026-03-29T18:29:01","slug":"family-apartment-ljubica-rudi-near-slanica-beach-a4-id-328","status":"publish","type":"product","link":"https:\/\/murter-online.com\/hr\/proizvod\/family-apartment-ljubica-rudi-near-slanica-beach-a4-id-328\/","title":{"rendered":"Obiteljski apartman Ljubica &#038; Rudi blizu pla\u017ee Slanica A4 ID 328"},"content":{"rendered":"","protected":false},"excerpt":{"rendered":"<p id=\"tw-target-text\" class=\"tw-data-text tw-text-large tw-ta\" dir=\"ltr\" tabindex=\"-1\" role=\"text\" data-placeholder=\"Prijevod\" data-ved=\"2ahUKEwjSu__Y3cWTAxV4-QIHHRZFLNQQ3ewLegQIDBAW\" aria-label=\"Prevedeni tekst: Lijep, nov i \u010dist apartman za dvije spava\u0107e sobe za max. 4 osobe nalazi se na odli\u010dnoj poziciji. Apartman ima dvije spava\u0107e sobe u kojima mogu spavati \u010detiri osobe. Stan nema dnevni boravak. Apartman je opremljen klima ure\u0111ajem, besplatnim Wi-Fiom, kuhinja je potpuno opremljena. Ispred apartmana je lijepa natkrivena terasa. Ispred apartmana nalazi se ro\u0161tilj koji se mo\u017ee koristiti besplatno. Ispred ku\u0107e u dvori\u0161tu je besplatan parking za goste.\"><span class=\"Y2IQFc\" lang=\"hr\">Lijep, nov i \u010dist apartman sa dvije spava\u0107e sobe za max. 4 osobe nalazi se na odli\u010dnoj poziciji. Apartman ima dvije spava\u0107e sobe u kojima mogu spavati \u010detiri osobe. Stan nema dnevni boravak. Apartman je opremljen klima ure\u0111ajem, besplatnim Wi-Fi -jem, kuhinja je potpuno opremljena. Ispred apartmana je lijepa natkrivena terasa. Ispred apartmana nalazi se ro\u0161tilj koji se mo\u017ee koristiti besplatno. Ispred ku\u0107e u dvori\u0161tu je besplatan parking za goste.<\/span><\/p>\n","protected":false},"featured_media":64612,"template":"","meta":{"_acf_changed":false},"product_brand":[],"product_cat":[129,135],"product_tag":[],"class_list":{"0":"post-65220","1":"product","2":"type-product","3":"status-publish","4":"has-post-thumbnail","6":"product_cat-apartmani","7":"product_cat-obiteljski-apartmani","9":"first","10":"instock","11":"sold-individually","12":"shipping-taxable","13":"purchasable","14":"product-type-phive_booking"},"acf":[],"_links":{"self":[{"href":"https:\/\/murter-online.com\/hr\/wp-json\/wp\/v2\/product\/65220","targetHints":{"allow":["GET"]}}],"collection":[{"href":"https:\/\/murter-online.com\/hr\/wp-json\/wp\/v2\/product"}],"about":[{"href":"https:\/\/murter-online.com\/hr\/wp-json\/wp\/v2\/types\/product"}],"wp:featuredmedia":[{"embeddable":true,"href":"https:\/\/murter-online.com\/hr\/wp-json\/wp\/v2\/media\/64612"}],"wp:attachment":[{"href":"https:\/\/murter-online.com\/hr\/wp-json\/wp\/v2\/media?parent=65220"}],"wp:term":[{"taxonomy":"product_brand","embeddable":true,"href":"https:\/\/murter-online.com\/hr\/wp-json\/wp\/v2\/product_brand?post=65220"},{"taxonomy":"product_cat","embeddable":true,"href":"https:\/\/murter-online.com\/hr\/wp-json\/wp\/v2\/product_cat?post=65220"},{"taxonomy":"product_tag","embeddable":true,"href":"https:\/\/murter-online.com\/hr\/wp-json\/wp\/v2\/product_tag?post=65220"}],"curies":[{"name":"wp","href":"https:\/\/api.w.org\/{rel}","templated":true}]}}