{"id":65231,"date":"2026-03-14T16:47:09","date_gmt":"2026-03-14T15:47:09","guid":{"rendered":"https:\/\/murter-online.com\/?post_type=product&#038;p=65231"},"modified":"2026-03-29T19:51:24","modified_gmt":"2026-03-29T18:51:24","slug":"apartment-ljubica-rudi-near-slanica-beach-with-sea-view-a4-id-327","status":"publish","type":"product","link":"https:\/\/murter-online.com\/hr\/proizvod\/apartment-ljubica-rudi-near-slanica-beach-with-sea-view-a4-id-327\/","title":{"rendered":"Apartman Ljubica &#038; Rudi u blizini pla\u017ee Slanica s pogledom na more A4 ID 327"},"content":{"rendered":"","protected":false},"excerpt":{"rendered":"<p id=\"tw-target-text\" class=\"tw-data-text tw-text-large tw-ta\" dir=\"ltr\" tabindex=\"-1\" role=\"text\" data-placeholder=\"Prijevod\" data-ved=\"2ahUKEwjSu__Y3cWTAxV4-QIHHRZFLNQQ3ewLegQIDBAW\" aria-label=\"Prevedeni tekst: Lijepi obiteljski apartman s pogledom na more nalazi se na mirnoj lokaciji, u blizini pje\u0161\u010dane pla\u017ee Slanica. Ima dvije spava\u0107e sobe u kojima mogu spavati 4 osobe. Kuhinja je potpuno opremljena, ima kuhalo za vodu i mikrovalnu pe\u0107nicu. WiFi i klima ure\u0111aj uklju\u010deni su u cijenu. Parking za goste je u dvori\u0161tu, ispred ku\u0107e se ne napla\u0107uje. Tu je i perilica rublja. Kupatilo je kompletno opremljeno. Ispred apartmana nalazi se ro\u0161tilj koji se mo\u017ee koristiti besplatno.\"><span class=\"Y2IQFc\" lang=\"hr\">Lijepi obiteljski apartman s pogledom na more nalazi se na mirnoj lokaciji, u blizini pje\u0161\u010dane pla\u017ee Slanica. Ima dvije spava\u0107e sobe u kojima mogu spavati 4 osobe. Kuhinja je potpuno opremljena, ima kuhalo za vodu i mikrovalnu pe\u0107nicu. WiFi i klima ure\u0111aj uklju\u010deni su u cijenu. Parking za goste je u dvori\u0161tu, ispred ku\u0107e se ne napla\u0107uje. Tu je i perilica rublja. Kupatilo je kompletno opremljeno. Ispred apartmana nalazi se ro\u0161tilj koji se mo\u017ee koristiti besplatno.<\/span><\/p>\n","protected":false},"featured_media":64340,"template":"","meta":{"_acf_changed":false},"product_brand":[],"product_cat":[129,133,135],"product_tag":[],"class_list":{"0":"post-65231","1":"product","2":"type-product","3":"status-publish","4":"has-post-thumbnail","6":"product_cat-apartmani","7":"product_cat-apartmani-s-pogledom-na-more","8":"product_cat-obiteljski-apartmani","10":"first","11":"instock","12":"sold-individually","13":"shipping-taxable","14":"purchasable","15":"product-type-phive_booking"},"acf":[],"_links":{"self":[{"href":"https:\/\/murter-online.com\/hr\/wp-json\/wp\/v2\/product\/65231","targetHints":{"allow":["GET"]}}],"collection":[{"href":"https:\/\/murter-online.com\/hr\/wp-json\/wp\/v2\/product"}],"about":[{"href":"https:\/\/murter-online.com\/hr\/wp-json\/wp\/v2\/types\/product"}],"wp:featuredmedia":[{"embeddable":true,"href":"https:\/\/murter-online.com\/hr\/wp-json\/wp\/v2\/media\/64340"}],"wp:attachment":[{"href":"https:\/\/murter-online.com\/hr\/wp-json\/wp\/v2\/media?parent=65231"}],"wp:term":[{"taxonomy":"product_brand","embeddable":true,"href":"https:\/\/murter-online.com\/hr\/wp-json\/wp\/v2\/product_brand?post=65231"},{"taxonomy":"product_cat","embeddable":true,"href":"https:\/\/murter-online.com\/hr\/wp-json\/wp\/v2\/product_cat?post=65231"},{"taxonomy":"product_tag","embeddable":true,"href":"https:\/\/murter-online.com\/hr\/wp-json\/wp\/v2\/product_tag?post=65231"}],"curies":[{"name":"wp","href":"https:\/\/api.w.org\/{rel}","templated":true}]}}