{"id":65657,"date":"2026-04-07T20:06:31","date_gmt":"2026-04-07T19:06:31","guid":{"rendered":"https:\/\/murter-online.com\/?post_type=product&#038;p=65657"},"modified":"2026-04-13T16:07:00","modified_gmt":"2026-04-13T15:07:00","slug":"apartment-soul-of-the-sea-near-sandy-slanica-beach-with-a-pool-and-sea-view-a41","status":"publish","type":"product","link":"https:\/\/murter-online.com\/hr\/proizvod\/apartment-soul-of-the-sea-near-sandy-slanica-beach-with-a-pool-and-sea-view-a41\/","title":{"rendered":"Apartman Soul of the Sea u blizini pje\u0161\u010dane pla\u017ee Slanica s bazenom i pogledom na more A4+1"},"content":{"rendered":"","protected":false},"excerpt":{"rendered":"<p id=\"tw-target-text\" class=\"tw-data-text tw-text-large tw-ta\" dir=\"ltr\" tabindex=\"-1\" role=\"text\" data-placeholder=\"Prijevod\" data-ved=\"2ahUKEwjbzPDQguuTAxXv9AIHHXwLD_IQ3ewLegQIDBAV\" aria-label=\"Prevedeni tekst: Dobrodo\u0161li u ovaj novoure\u0111en apartman ure\u0111en u toplom mediteranskom stilu stilu, idealno za opu\u0161taju\u0107i boravak tijekom cijele godine. Apartman je potpuno opremljen za ugodan i bezbri\u017ean odmor. Sve spava\u0107e sobe\u00a0i dnevni boravak imaju klima ure\u0111aje, dok je u hladnoj sezoni dodatnu toplinu i ugo\u0111aj daje kamin na drva. Posebnost apartmana je prekrasna terasa sa otvorenim pogledom na more dvije strane otoka, savr\u0161ene za u\u017eivanje u jutarnjoj ili ve\u010dernjoj kavi i dru\u017eenju. Nalazi se samo 300 metara od najatraktivnije pla\u017ee na otoku (Slanica) i 10-tak minuta hoda od centra Murtera. Gosti imaju pristup privatnom grijanom bazenu, koji je dostupan isklju\u010divo njima (bez drugih korisnika) s vanjskom terasom, le\u017ealjkama, pergolom itd. (bazen ne radi u periodu od 11.07. i 17.08.) Kori\u0161tenje bazena i terase oko bazena s le\u017ealjkama, pergolom i sl. bi se dodatno napla\u0107ivalo 45 \u20ac po danu gostima koji to \u017eele jer bi bazen bio isklju\u010divo za njih (bez drugih korisnika).\"><span class=\"Y2IQFc\" lang=\"hr\">Dobrodo\u0161li u ovaj novoure\u0111en apartman ure\u0111en u toplom mediteranskom stilu stilu, idealan za opu\u0161taju\u0107i boravak tijekom cijele godine. Apartman je potpuno opremljen za ugodan i bezbri\u017ean odmor. Sve spava\u0107e sobe i dnevni boravak imaju klima ure\u0111aje, dok\u00a0 u hladnoj sezoni dodatnu toplinu i ugo\u0111aj daje kamin na drva. Posebnost apartmana je prekrasna terasa sa otvorenim pogledom na more sa dvije strane otoka, savr\u0161ena za u\u017eivanje u jutarnjoj ili ve\u010dernjoj kavi i dru\u017eenju. Nalazi se samo 300 metara od najatraktivnije pla\u017ee na otoku (Slanica) i 10-tak minuta hoda od centra Murtera. Gosti imaju pristup privatnom grijanom bazenu, koji je dostupan isklju\u010divo njima (bez drugih korisnika) s vanjskom terasom, le\u017ealjkama, pergolom itd. (bazen ne radi u periodu od 11.07. i 17.08.) Kori\u0161tenje bazena i terase oko bazena s le\u017ealjkama, pergolom i sl. napla\u0107uje se dodatno 45 \u20ac po danu gostima koji to \u017eele jer bi bazen bio isklju\u010divo za njih (bez drugih korisnika).<\/span><\/p>\n<p>&nbsp;<\/p>\n","protected":false},"featured_media":65457,"template":"","meta":{"_acf_changed":false},"product_brand":[],"product_cat":[129,134,133,135],"product_tag":[],"class_list":{"0":"post-65657","1":"product","2":"type-product","3":"status-publish","4":"has-post-thumbnail","6":"product_cat-apartmani","7":"product_cat-apartmani-s-bazenom","8":"product_cat-apartmani-s-pogledom-na-more","9":"product_cat-obiteljski-apartmani","11":"first","12":"instock","13":"sold-individually","14":"shipping-taxable","15":"purchasable","16":"product-type-phive_booking"},"acf":[],"_links":{"self":[{"href":"https:\/\/murter-online.com\/hr\/wp-json\/wp\/v2\/product\/65657","targetHints":{"allow":["GET"]}}],"collection":[{"href":"https:\/\/murter-online.com\/hr\/wp-json\/wp\/v2\/product"}],"about":[{"href":"https:\/\/murter-online.com\/hr\/wp-json\/wp\/v2\/types\/product"}],"wp:featuredmedia":[{"embeddable":true,"href":"https:\/\/murter-online.com\/hr\/wp-json\/wp\/v2\/media\/65457"}],"wp:attachment":[{"href":"https:\/\/murter-online.com\/hr\/wp-json\/wp\/v2\/media?parent=65657"}],"wp:term":[{"taxonomy":"product_brand","embeddable":true,"href":"https:\/\/murter-online.com\/hr\/wp-json\/wp\/v2\/product_brand?post=65657"},{"taxonomy":"product_cat","embeddable":true,"href":"https:\/\/murter-online.com\/hr\/wp-json\/wp\/v2\/product_cat?post=65657"},{"taxonomy":"product_tag","embeddable":true,"href":"https:\/\/murter-online.com\/hr\/wp-json\/wp\/v2\/product_tag?post=65657"}],"curies":[{"name":"wp","href":"https:\/\/api.w.org\/{rel}","templated":true}]}}