{"id":48453,"date":"2024-12-17T10:59:49","date_gmt":"2024-12-17T10:59:49","guid":{"rendered":"https:\/\/murter.riot.hr\/?page_id=48453"},"modified":"2025-02-06T06:28:35","modified_gmt":"2025-02-06T06:28:35","slug":"regole-e-condizioni-di-prenotazione","status":"publish","type":"page","link":"https:\/\/murter-online.com\/it\/regole-e-condizioni-di-prenotazione\/","title":{"rendered":"Regole e condizioni di prenotazione"},"content":{"rendered":"\t\t<div data-elementor-type=\"wp-page\" data-elementor-id=\"48453\" class=\"elementor elementor-48453 elementor-10195\" data-elementor-settings=\"{&quot;element_pack_global_tooltip_width&quot;:{&quot;unit&quot;:&quot;px&quot;,&quot;size&quot;:&quot;&quot;,&quot;sizes&quot;:[]},&quot;element_pack_global_tooltip_width_tablet&quot;:{&quot;unit&quot;:&quot;px&quot;,&quot;size&quot;:&quot;&quot;,&quot;sizes&quot;:[]},&quot;element_pack_global_tooltip_width_mobile&quot;:{&quot;unit&quot;:&quot;px&quot;,&quot;size&quot;:&quot;&quot;,&quot;sizes&quot;:[]},&quot;element_pack_global_tooltip_padding&quot;:{&quot;unit&quot;:&quot;px&quot;,&quot;top&quot;:&quot;&quot;,&quot;right&quot;:&quot;&quot;,&quot;bottom&quot;:&quot;&quot;,&quot;left&quot;:&quot;&quot;,&quot;isLinked&quot;:true},&quot;element_pack_global_tooltip_padding_tablet&quot;:{&quot;unit&quot;:&quot;px&quot;,&quot;top&quot;:&quot;&quot;,&quot;right&quot;:&quot;&quot;,&quot;bottom&quot;:&quot;&quot;,&quot;left&quot;:&quot;&quot;,&quot;isLinked&quot;:true},&quot;element_pack_global_tooltip_padding_mobile&quot;:{&quot;unit&quot;:&quot;px&quot;,&quot;top&quot;:&quot;&quot;,&quot;right&quot;:&quot;&quot;,&quot;bottom&quot;:&quot;&quot;,&quot;left&quot;:&quot;&quot;,&quot;isLinked&quot;:true},&quot;element_pack_global_tooltip_border_radius&quot;:{&quot;unit&quot;:&quot;px&quot;,&quot;top&quot;:&quot;&quot;,&quot;right&quot;:&quot;&quot;,&quot;bottom&quot;:&quot;&quot;,&quot;left&quot;:&quot;&quot;,&quot;isLinked&quot;:true},&quot;element_pack_global_tooltip_border_radius_tablet&quot;:{&quot;unit&quot;:&quot;px&quot;,&quot;top&quot;:&quot;&quot;,&quot;right&quot;:&quot;&quot;,&quot;bottom&quot;:&quot;&quot;,&quot;left&quot;:&quot;&quot;,&quot;isLinked&quot;:true},&quot;element_pack_global_tooltip_border_radius_mobile&quot;:{&quot;unit&quot;:&quot;px&quot;,&quot;top&quot;:&quot;&quot;,&quot;right&quot;:&quot;&quot;,&quot;bottom&quot;:&quot;&quot;,&quot;left&quot;:&quot;&quot;,&quot;isLinked&quot;:true}}\">\n\t\t\t\t<div class=\"elementor-element elementor-element-d8b6a1c e-flex e-con-boxed e-con e-parent\" data-id=\"d8b6a1c\" data-element_type=\"container\" data-e-type=\"container\" data-settings=\"{&quot;background_background&quot;:&quot;classic&quot;}\">\n\t\t\t\t\t<div class=\"e-con-inner\">\n\t\t\t\t<div class=\"elementor-element elementor-element-7002bf4 elementor-widget elementor-widget-heading\" data-id=\"7002bf4\" data-element_type=\"widget\" data-e-type=\"widget\" data-widget_type=\"heading.default\">\n\t\t\t\t<div class=\"elementor-widget-container\">\n\t\t\t\t\t<h1 class=\"elementor-heading-title elementor-size-default\">Regole e condizioni di prenotazione\n<\/h1>\t\t\t\t<\/div>\n\t\t\t\t<\/div>\n\t\t\t\t\t<\/div>\n\t\t\t\t<\/div>\n\t\t<div class=\"elementor-element elementor-element-4c0c007 e-flex e-con-boxed e-con e-parent\" data-id=\"4c0c007\" data-element_type=\"container\" data-e-type=\"container\">\n\t\t\t\t\t<div class=\"e-con-inner\">\n\t\t\t\t<div class=\"elementor-element elementor-element-c267325 elementor-widget elementor-widget-text-editor\" data-id=\"c267325\" data-element_type=\"widget\" data-e-type=\"widget\" data-widget_type=\"text-editor.default\">\n\t\t\t\t<div class=\"elementor-widget-container\">\n\t\t\t\t\t\t\t\t\t<h2 class=\"mb-4\">Regole e condizioni di prenotazione<\/h2><div><p><strong>1. Introduzione<\/strong><\/p><p>L&#8217;agenzia turistica Murter-online.com funge da agente tra il cliente e il fornitore di servizi (per conto del proprietario ea suo vantaggio) e quindi fornisce servizi di alloggio per il cliente in conformit\u00e0 con le informazioni disponibili sul sito web www. murter-online.com, per il periodo della prenotazione confermata. L&#8217;agenzia turistica Murter-online.com non \u00e8 responsabile per cause di forza maggiore *.<\/p><p>* La forza maggiore \u00e8 una circostanza che non pu\u00f2 essere influenzata o prevista e quindi non pu\u00f2 essere prevenuta (terremoto, inondazione, incendio, sciopero, attacco terroristico, guerra, morte del fornitore del servizio o dei suoi parenti stretti).<\/p><p><strong>2. Prenotazione e pagamento<\/strong><\/p><p>Le richieste e la prenotazione dell&#8217;alloggio possono essere effettuate elettronicamente (tramite e-mail o moduli sul sito web), via fax o di persona presso l&#8217;ufficio Murter-online.com. Su richiesta, verificheremo la data selezionata e ti risponderemo. Per confermare la prenotazione, il cliente \u00e8 tenuto a versare un anticipo entro 24 ore dall&#8217;accettazione delle condizioni, nella misura del 10% -20% del prezzo totale del soggiorno e inviare via fax una ricevuta di pagamento. Il resto dell&#8217;importo totale e la tassa di soggiorno che il cliente \u00e8 tenuto a pagare direttamente al proprietario o all&#8217;agenzia Murter-online.com all&#8217;arrivo.<\/p><p><strong>3. Tassa di soggiorno<\/strong><\/p><p>Secondo la Legge sulla Tassa di Soggiorno della Repubblica di Croazia, l&#8217;ospite \u00e8 tenuto a pagare la tassa di soggiorno contemporaneamente al pagamento dei servizi di alloggio. La tassa di soggiorno si paga alla reception dell&#8217;agenzia. L&#8217;importo \u00e8 di 1,5 euro per adulto al giorno. I bambini dai 12 ai 18 anni pagano 0,75 euro al giorno, mentre i bambini sotto i 12 anni non pagano la tassa di soggiorno.<\/p><p><strong>4. Prezzo di alloggio<\/strong><\/p><p>I prezzi sono indicati per ogni unit\u00e0 di alloggio in EUR. I prezzi sono validi per quattro o pi\u00f9 notti. Nel caso in cui il cliente utilizzi l&#8217;alloggio fino a quattro notti, il prezzo \u00e8 superiore del 30%.<\/p><p>Il prezzo comprende: locazione, cambio settimanale della biancheria da letto, asciugamani puliti, elettricit\u00e0 e acqua, utensili da cucina e stoviglie (negli appartamenti), utensili per la pulizia, pulizie finali.<\/p><p>I servizi speciali non sono inclusi nel prezzo (colazione, noleggio barca) e devono essere pagati separatamente.<\/p><p>L&#8217;agenzia si riserva il diritto di apportare modifiche ai prezzi indicati. Nel caso in cui i prezzi cambino dopo la prenotazione e prima del pagamento dell&#8217;acconto, l&#8217;agenzia garantisce di informare il cliente della variazione di prezzo e di inviargli un nuovo calcolo. Per i clienti che hanno pagato un anticipo per la loro prenotazione, l&#8217;agenzia garantisce il prezzo del soggiorno indicato nel primo calcolo, in base al quale \u00e8 stato versato l&#8217;acconto.<\/p><p><strong>5. Classificazione e descrizione del servizio<\/strong><\/p><p>Le unit\u00e0 di alloggio offerte dall&#8217;agenzia sono descritte in conformit\u00e0 con la classificazione ufficiale dell&#8217;istituzione autorizzata e ogni proprietario di un&#8217;unit\u00e0 di alloggio \u00e8 tenuta a rendere visibile la categoria dell&#8217;unit\u00e0 di alloggio.<\/p><p>Gli standard per alloggio, cibo, servizi, ecc. Variano da luogo a luogo, da paese a paese e non possono essere confrontati. Le informazioni ottenute presso l&#8217;unit\u00e0 abitativa non obbligano in alcun modo l&#8217;agenzia pi\u00f9 di qualsiasi informazione disponibile su questo sito web.<\/p><p><strong>6. Diritto dell&#8217;Agenzia a modifiche e cancellazione<\/strong><\/p><p>L&#8217;agenzia si riserva il diritto di modificare una prenotazione in caso di emergenza o forza maggiore. L&#8217;alloggio prenotato pu\u00f2 essere sostituito solo da un alloggio di categoria uguale o superiore e al prezzo confermato in fase di prenotazione, a condizione che il cliente sia preventivamente avvisato. Qualora l&#8217;alloggio sostitutivo fosse disponibile solo in un&#8217;unit\u00e0 di alloggio di categoria superiore e il prezzo dell&#8217;alloggio sostitutivo fosse superiore del 15% o pi\u00f9 rispetto all&#8217;alloggio inizialmente prenotato, l&#8217;agenzia si riserva il diritto di addebitare la differenza di prezzo previa consultazione del cliente. Nei casi in cui l&#8217;alloggio sostitutivo per l&#8217;alloggio a pagamento non sia disponibile, l&#8217;agenzia si riserva il diritto di annullare la prenotazione previa comunicazione al cliente (prima del suo arrivo) e garantisce il rimborso dell&#8217;intero importo pagato.<\/p><p><strong>7. Diritto del cliente a modifiche e cancellazione<\/strong><\/p><p>Se il cliente desidera modificare o cancellare una prenotazione, ci\u00f2 deve essere fatto in forma scritta (e-mail, posta o fax).<\/p><p>&#8211; in caso di cancellazione l&#8217;agenzia provveder\u00e0 a:<\/p><p>30 o pi\u00f9 giorni prima dell&#8217;inizio della prenotazione, l&#8217;Agenzia non ha alcun obbligo di affitto perch\u00e9 restituisce all&#8217;ospite un anticipo completo.<\/p><p>&#8211; Da 14 a 29 giorni prima dell&#8217;inizio della prenotazione, il proprietario riceve il 50% del pagamento anticipato totale &#8211; L&#8217;agenzia restituisce all&#8217;ospite il 50% del pagamento anticipato<\/p><p>&#8211; Da 1 a 13 giorni prima dell&#8217;inizio della prenotazione e il giorno dell&#8217;inizio della prenotazione il proprietario riceve il 100% dell&#8217;importo totale dei pagamenti anticipati.<\/p><p>&#8211; nel caso in cui il cliente non si presenti in tempo o annulli l&#8217;alloggio durante il soggiorno nell&#8217;unit\u00e0 abitativa, verr\u00e0 addebitato l&#8217;intero importo dell&#8217;alloggio prenotato.<\/p><p><strong>8. Obblighi dell&#8217;agenzia e del proprietario<\/strong><\/p><p>L&#8217;agenzia \u00e8 tenuta a:<\/p><p>&#8211; prendersi cura dei servizi forniti nonch\u00e9 della scelta dei fornitori di servizi<\/p><p>&#8211; prendersi cura degli interessi e dei diritti del cliente secondo gli usi e costumi accettati nel turismo<\/p><p>Il proprietario dell&#8217;alloggio \u00e8 tenuto a:<\/p><p>&#8211; fornire al cliente tutti i servizi per cui ha pagato<\/p><p>* L&#8217;agenzia e il proprietario non sono responsabili per eventuali modifiche o l&#8217;annullamento dei servizi in circostanze causate da forza maggiore.<\/p><p><strong>9. Obblighi del cliente<\/strong><\/p><p>Il cliente \u00e8 richiesto:<\/p><p>&#8211; di avere documenti di viaggio validi e un visto nel caso in cui ne abbiano bisogno per entrare nella Repubblica di Croazia,<\/p><p>&#8211; obbedire ai regolamenti doganali e ai regolamenti di cambio valuta della Repubblica di Croazia<\/p><p>&#8211; obbedire alle regole della casa nelle unit\u00e0 abitative e avere buoni rapporti con l&#8217;ospite,<\/p><p>&#8211; a copertura di tutte le spese per eventuali danni arrecati all&#8217;alloggio in loco<\/p><p>&#8211; produrre all&#8217;arrivo la conferma di pagamento (Voucher ricevuto per posta o posta elettronica), contenente il numero di persone e la tipologia dei servizi da erogare<\/p><p>&#8211; qualora il cliente non si attenga agli obblighi sopra elencati, il cliente \u00e8 responsabile dei danni causati e deve coprire le spese<\/p><p>&#8211; il cliente pu\u00f2 arrivare all&#8217;unit\u00e0 abitativa dopo le ore 14, e deve effettuare il check out il giorno della partenza entro le ore 10.00.Le chiavi saranno consegnate al cliente presso l&#8217;unit\u00e0 abitativa dal proprietario e da un rappresentante dell&#8217;agenzia<\/p><p><strong>10. Bagagli<\/strong><\/p><p>L&#8217;agenzia non \u00e8 responsabile per bagagli danneggiati, distrutti o smarriti, nonch\u00e9 per furto di bagagli o oggetti di valore nell&#8217;unit\u00e0 abitativa. Bagagli smarriti o beni rubati devono essere segnalati all&#8217;ospite e al dipartimento di polizia locale.<\/p><p><strong>11. Reclami<\/strong><\/p><p>Qualora i servizi forniti non siano soddisfacenti, il cliente ha il diritto di richiedere un ragionevole risarcimento presentando un reclamo scritto. Ogni cliente ha il diritto di presentare un reclamo se il servizio a pagamento non viene fornito.<\/p><p>Procedura di reclamo:<\/p><p>&#8211; Il cliente \u00e8 tenuto a presentare reclamo al fornitore del servizio per il servizio inadeguato immediatamente il giorno dell&#8217;arrivo e ad avvisare l&#8217;agenzia. Inoltre, il cliente \u00e8 tenuto a collaborare in buona fede con i rappresentanti dell&#8217;agenzia e il fornitore di servizi al fine di correggere il problema. Se il reclamo \u00e8 valido, ei servizi forniti non sono soddisfacenti, l&#8217;agenzia far\u00e0 tutto quanto in suo potere per fornire una soluzione accettabile per il cliente, in conformit\u00e0 con i servizi pagati. Sia l&#8217;agenzia che il fornitore di servizi non sono autorizzati a offrire al cliente una sistemazione sostitutiva di categoria inferiore<\/p><p>&#8211; Se il cliente decide di propria iniziativa di lasciare l&#8217;unit\u00e0 abitativa, trova una nuova sistemazione e quindi rifiuta di accettare la soluzione conforme ai servizi pagati, non ha pi\u00f9 diritto al rimborso o adire la causa in tribunale .<\/p><p>&#8211; Se il cliente non presenta reclamo in loco, non ha diritto al rimborso.<\/p><p><strong>12. Competenza del tribunale<\/strong><\/p><p>Se il cliente non \u00e8 soddisfatto della soluzione del reclamo, la questione pu\u00f2 essere portata in tribunale (giurisdizione del tribunale di \u0160ibenik).<\/p><p><strong>13. Nota<\/strong><\/p><p>Al momento del pagamento dell&#8217;acconto, il cliente accetta integralmente le Condizioni Generali.<\/p><\/div>\t\t\t\t\t\t\t\t<\/div>\n\t\t\t\t<\/div>\n\t\t\t\t\t<\/div>\n\t\t\t\t<\/div>\n\t\t\t\t<\/div>\n\t\t","protected":false},"excerpt":{"rendered":"<p>Regole e condizioni di prenotazione Regole e condizioni di prenotazione 1. Introduzione L&#8217;agenzia turistica Murter-online.com funge da agente tra il cliente e il fornitore di servizi (per conto del proprietario ea suo vantaggio) e quindi fornisce servizi di alloggio per il cliente in conformit\u00e0 con le informazioni disponibili sul sito web www. murter-online.com, per il [&hellip;]<\/p>\n","protected":false},"author":2,"featured_media":0,"parent":0,"menu_order":0,"comment_status":"closed","ping_status":"closed","template":"","meta":{"_acf_changed":false,"footnotes":""},"class_list":["post-48453","page","type-page","status-publish","hentry"],"acf":[],"_links":{"self":[{"href":"https:\/\/murter-online.com\/it\/wp-json\/wp\/v2\/pages\/48453","targetHints":{"allow":["GET"]}}],"collection":[{"href":"https:\/\/murter-online.com\/it\/wp-json\/wp\/v2\/pages"}],"about":[{"href":"https:\/\/murter-online.com\/it\/wp-json\/wp\/v2\/types\/page"}],"author":[{"embeddable":true,"href":"https:\/\/murter-online.com\/it\/wp-json\/wp\/v2\/users\/2"}],"replies":[{"embeddable":true,"href":"https:\/\/murter-online.com\/it\/wp-json\/wp\/v2\/comments?post=48453"}],"version-history":[{"count":10,"href":"https:\/\/murter-online.com\/it\/wp-json\/wp\/v2\/pages\/48453\/revisions"}],"predecessor-version":[{"id":53824,"href":"https:\/\/murter-online.com\/it\/wp-json\/wp\/v2\/pages\/48453\/revisions\/53824"}],"wp:attachment":[{"href":"https:\/\/murter-online.com\/it\/wp-json\/wp\/v2\/media?parent=48453"}],"curies":[{"name":"wp","href":"https:\/\/api.w.org\/{rel}","templated":true}]}}