{"id":48500,"date":"2024-12-17T11:34:23","date_gmt":"2024-12-17T11:34:23","guid":{"rendered":"https:\/\/murter.riot.hr\/?page_id=48500"},"modified":"2025-01-13T19:02:10","modified_gmt":"2025-01-13T19:02:10","slug":"come-prenotare-allogio","status":"publish","type":"page","link":"https:\/\/murter-online.com\/it\/come-prenotare-allogio\/","title":{"rendered":"Come prenotare allogio"},"content":{"rendered":"\t\t<div data-elementor-type=\"wp-page\" data-elementor-id=\"48500\" class=\"elementor elementor-48500 elementor-10203\" data-elementor-settings=\"{&quot;element_pack_global_tooltip_width&quot;:{&quot;unit&quot;:&quot;px&quot;,&quot;size&quot;:&quot;&quot;,&quot;sizes&quot;:[]},&quot;element_pack_global_tooltip_width_tablet&quot;:{&quot;unit&quot;:&quot;px&quot;,&quot;size&quot;:&quot;&quot;,&quot;sizes&quot;:[]},&quot;element_pack_global_tooltip_width_mobile&quot;:{&quot;unit&quot;:&quot;px&quot;,&quot;size&quot;:&quot;&quot;,&quot;sizes&quot;:[]},&quot;element_pack_global_tooltip_padding&quot;:{&quot;unit&quot;:&quot;px&quot;,&quot;top&quot;:&quot;&quot;,&quot;right&quot;:&quot;&quot;,&quot;bottom&quot;:&quot;&quot;,&quot;left&quot;:&quot;&quot;,&quot;isLinked&quot;:true},&quot;element_pack_global_tooltip_padding_tablet&quot;:{&quot;unit&quot;:&quot;px&quot;,&quot;top&quot;:&quot;&quot;,&quot;right&quot;:&quot;&quot;,&quot;bottom&quot;:&quot;&quot;,&quot;left&quot;:&quot;&quot;,&quot;isLinked&quot;:true},&quot;element_pack_global_tooltip_padding_mobile&quot;:{&quot;unit&quot;:&quot;px&quot;,&quot;top&quot;:&quot;&quot;,&quot;right&quot;:&quot;&quot;,&quot;bottom&quot;:&quot;&quot;,&quot;left&quot;:&quot;&quot;,&quot;isLinked&quot;:true},&quot;element_pack_global_tooltip_border_radius&quot;:{&quot;unit&quot;:&quot;px&quot;,&quot;top&quot;:&quot;&quot;,&quot;right&quot;:&quot;&quot;,&quot;bottom&quot;:&quot;&quot;,&quot;left&quot;:&quot;&quot;,&quot;isLinked&quot;:true},&quot;element_pack_global_tooltip_border_radius_tablet&quot;:{&quot;unit&quot;:&quot;px&quot;,&quot;top&quot;:&quot;&quot;,&quot;right&quot;:&quot;&quot;,&quot;bottom&quot;:&quot;&quot;,&quot;left&quot;:&quot;&quot;,&quot;isLinked&quot;:true},&quot;element_pack_global_tooltip_border_radius_mobile&quot;:{&quot;unit&quot;:&quot;px&quot;,&quot;top&quot;:&quot;&quot;,&quot;right&quot;:&quot;&quot;,&quot;bottom&quot;:&quot;&quot;,&quot;left&quot;:&quot;&quot;,&quot;isLinked&quot;:true}}\">\n\t\t\t\t<div class=\"elementor-element elementor-element-effad43 e-flex e-con-boxed e-con e-parent\" data-id=\"effad43\" data-element_type=\"container\" data-e-type=\"container\" data-settings=\"{&quot;background_background&quot;:&quot;classic&quot;}\">\n\t\t\t\t\t<div class=\"e-con-inner\">\n\t\t\t\t<div class=\"elementor-element elementor-element-cb51215 elementor-widget elementor-widget-heading\" data-id=\"cb51215\" data-element_type=\"widget\" data-e-type=\"widget\" data-widget_type=\"heading.default\">\n\t\t\t\t<div class=\"elementor-widget-container\">\n\t\t\t\t\t<h1 class=\"elementor-heading-title elementor-size-default\">Come prenotare allogio<\/h1>\t\t\t\t<\/div>\n\t\t\t\t<\/div>\n\t\t\t\t\t<\/div>\n\t\t\t\t<\/div>\n\t\t<div class=\"elementor-element elementor-element-95d957c e-flex e-con-boxed e-con e-parent\" data-id=\"95d957c\" data-element_type=\"container\" data-e-type=\"container\">\n\t\t\t\t\t<div class=\"e-con-inner\">\n\t\t\t\t<div class=\"elementor-element elementor-element-03fd065 elementor-widget elementor-widget-text-editor\" data-id=\"03fd065\" data-element_type=\"widget\" data-e-type=\"widget\" data-widget_type=\"text-editor.default\">\n\t\t\t\t<div class=\"elementor-widget-container\">\n\t\t\t\t\t\t\t\t\t<h2 class=\"mb-4\">Come prenotare allogio<\/h2>\n<div>\n<p><br \/>Nella sezione &#8220;Come prenotare&#8221; descriviamo come trovare rapidamente e facilmente una sistemazione adeguata e prenotarla:<\/p>\n<p>1. Cerca la categoria che ti interessa:<\/p>\n<p>a) Determinare la data di arrivo e di partenza<br \/>b) Scegli tra i seguenti tipi di alloggio: Ville, Case per ferie, Appartamenti, Camere, Case di pescatori &#8211; Turismo Robinson<br \/>c) Seleziona il numero di persone<br \/>d) Fare clic su &#8220;Cerca&#8221;<\/p>\n<p>2. Seleziona le unit\u00e0 che ti piacciono<\/p>\n<p>3. Invia una richiesta per la disponibilit\u00e0 dell&#8217;unit\u00e0<\/p>\n<p>a) Dopo aver cliccato sull&#8217;appartamento a &#8220;Vedi dettagli&#8221; nel calendario cliccare su &#8220;Selezione&#8221;, segnare la data di arrivo e di partenza.<br \/>b) Il periodo della tua richiesta nel calendario sar\u00e0 contrassegnato in verde e l&#8217;opzione &#8220;INVIA RICHIESTA&#8221; si aprir\u00e0 automaticamente, fai clic su questa opzione e inserisci i dati.<br \/>c) Dopo aver ricevuto la richiesta, risponderemo il prima possibile.<\/p>\n<p>4. Prenota ci\u00f2 che \u00e8 disponibile<\/p>\n<p>Dopo aver individuato quali unit\u00e0 abitative sono disponibili, scegli quella che pi\u00f9 ti piace e avvia la procedura di prenotazione confermando la prenotazione di una unit\u00e0 abitativa.<\/p>\n<p>\u00a0<\/p>\n<p>5. Conferma della prenotazione con pagamento anticipato<\/p>\n<p>Dopo aver deciso di prenotare un alloggio, devi pagare e anticipare, che \u00e8 una percentuale del prezzo pieno dell&#8217;alloggio:<\/p>\n<p>&#8211; 10% &#8211; 30% a seconda della sistemazione selezionata per appartamenti, camere, ville, case vacanza e case robinson (il resto deve essere pagato all&#8217;arrivo direttamente al proprietario (o all&#8217;agenzia) in base al voucher ricevuto.<\/p>\n<p>L&#8217;anticipo deve essere pagato entro 24 ore durante la stagione (1 luglio &#8211; 1 settembre) o entro 2 giorni nel resto dell&#8217;anno. Successivamente, la conferma del pagamento deve essere inviata tramite e-mail o fax all&#8217;agenzia.<\/p>\n<p>Dopo aver ricevuto il pagamento, la prenotazione sar\u00e0 confermata.<\/p>\n<p>\u00a0<\/p>\n<p>6. Arrivo<\/p>\n<p>Check-in: dopo le 14:00, Check-out: entro le 10:00<\/p>\n<p>Check-in degli ospiti all&#8217;arrivo: all&#8217;arrivo direttamente con il proprietario dell&#8217;appartamento a Murter o con il personale dell&#8217;agenzia MURTER-ONLINE.COM<\/p>\n<\/div>\t\t\t\t\t\t\t\t<\/div>\n\t\t\t\t<\/div>\n\t\t\t\t\t<\/div>\n\t\t\t\t<\/div>\n\t\t\t\t<\/div>\n\t\t","protected":false},"excerpt":{"rendered":"<p>Come prenotare allogio Come prenotare allogio Nella sezione &#8220;Come prenotare&#8221; descriviamo come trovare rapidamente e facilmente una sistemazione adeguata e prenotarla: 1. Cerca la categoria che ti interessa: a) Determinare la data di arrivo e di partenzab) Scegli tra i seguenti tipi di alloggio: Ville, Case per ferie, Appartamenti, Camere, Case di pescatori &#8211; Turismo [&hellip;]<\/p>\n","protected":false},"author":2,"featured_media":0,"parent":0,"menu_order":0,"comment_status":"closed","ping_status":"closed","template":"","meta":{"_acf_changed":false,"footnotes":""},"class_list":["post-48500","page","type-page","status-publish","hentry"],"acf":[],"_links":{"self":[{"href":"https:\/\/murter-online.com\/it\/wp-json\/wp\/v2\/pages\/48500","targetHints":{"allow":["GET"]}}],"collection":[{"href":"https:\/\/murter-online.com\/it\/wp-json\/wp\/v2\/pages"}],"about":[{"href":"https:\/\/murter-online.com\/it\/wp-json\/wp\/v2\/types\/page"}],"author":[{"embeddable":true,"href":"https:\/\/murter-online.com\/it\/wp-json\/wp\/v2\/users\/2"}],"replies":[{"embeddable":true,"href":"https:\/\/murter-online.com\/it\/wp-json\/wp\/v2\/comments?post=48500"}],"version-history":[{"count":4,"href":"https:\/\/murter-online.com\/it\/wp-json\/wp\/v2\/pages\/48500\/revisions"}],"predecessor-version":[{"id":48506,"href":"https:\/\/murter-online.com\/it\/wp-json\/wp\/v2\/pages\/48500\/revisions\/48506"}],"wp:attachment":[{"href":"https:\/\/murter-online.com\/it\/wp-json\/wp\/v2\/media?parent=48500"}],"curies":[{"name":"wp","href":"https:\/\/api.w.org\/{rel}","templated":true}]}}