{"id":48526,"date":"2024-12-17T11:41:14","date_gmt":"2024-12-17T11:41:14","guid":{"rendered":"https:\/\/murter.riot.hr\/?page_id=48526"},"modified":"2025-01-13T19:10:33","modified_gmt":"2025-01-13T19:10:33","slug":"gdpr","status":"publish","type":"page","link":"https:\/\/murter-online.com\/it\/gdpr\/","title":{"rendered":"GDPR"},"content":{"rendered":"\t\t<div data-elementor-type=\"wp-page\" data-elementor-id=\"48526\" class=\"elementor elementor-48526 elementor-10217\" data-elementor-settings=\"{&quot;element_pack_global_tooltip_width&quot;:{&quot;unit&quot;:&quot;px&quot;,&quot;size&quot;:&quot;&quot;,&quot;sizes&quot;:[]},&quot;element_pack_global_tooltip_width_tablet&quot;:{&quot;unit&quot;:&quot;px&quot;,&quot;size&quot;:&quot;&quot;,&quot;sizes&quot;:[]},&quot;element_pack_global_tooltip_width_mobile&quot;:{&quot;unit&quot;:&quot;px&quot;,&quot;size&quot;:&quot;&quot;,&quot;sizes&quot;:[]},&quot;element_pack_global_tooltip_padding&quot;:{&quot;unit&quot;:&quot;px&quot;,&quot;top&quot;:&quot;&quot;,&quot;right&quot;:&quot;&quot;,&quot;bottom&quot;:&quot;&quot;,&quot;left&quot;:&quot;&quot;,&quot;isLinked&quot;:true},&quot;element_pack_global_tooltip_padding_tablet&quot;:{&quot;unit&quot;:&quot;px&quot;,&quot;top&quot;:&quot;&quot;,&quot;right&quot;:&quot;&quot;,&quot;bottom&quot;:&quot;&quot;,&quot;left&quot;:&quot;&quot;,&quot;isLinked&quot;:true},&quot;element_pack_global_tooltip_padding_mobile&quot;:{&quot;unit&quot;:&quot;px&quot;,&quot;top&quot;:&quot;&quot;,&quot;right&quot;:&quot;&quot;,&quot;bottom&quot;:&quot;&quot;,&quot;left&quot;:&quot;&quot;,&quot;isLinked&quot;:true},&quot;element_pack_global_tooltip_border_radius&quot;:{&quot;unit&quot;:&quot;px&quot;,&quot;top&quot;:&quot;&quot;,&quot;right&quot;:&quot;&quot;,&quot;bottom&quot;:&quot;&quot;,&quot;left&quot;:&quot;&quot;,&quot;isLinked&quot;:true},&quot;element_pack_global_tooltip_border_radius_tablet&quot;:{&quot;unit&quot;:&quot;px&quot;,&quot;top&quot;:&quot;&quot;,&quot;right&quot;:&quot;&quot;,&quot;bottom&quot;:&quot;&quot;,&quot;left&quot;:&quot;&quot;,&quot;isLinked&quot;:true},&quot;element_pack_global_tooltip_border_radius_mobile&quot;:{&quot;unit&quot;:&quot;px&quot;,&quot;top&quot;:&quot;&quot;,&quot;right&quot;:&quot;&quot;,&quot;bottom&quot;:&quot;&quot;,&quot;left&quot;:&quot;&quot;,&quot;isLinked&quot;:true}}\">\n\t\t\t\t<div class=\"elementor-element elementor-element-371472b e-flex e-con-boxed e-con e-parent\" data-id=\"371472b\" data-element_type=\"container\" data-e-type=\"container\" data-settings=\"{&quot;background_background&quot;:&quot;classic&quot;}\">\n\t\t\t\t\t<div class=\"e-con-inner\">\n\t\t\t\t<div class=\"elementor-element elementor-element-7394ba3 elementor-widget elementor-widget-heading\" data-id=\"7394ba3\" data-element_type=\"widget\" data-e-type=\"widget\" data-widget_type=\"heading.default\">\n\t\t\t\t<div class=\"elementor-widget-container\">\n\t\t\t\t\t<h1 class=\"elementor-heading-title elementor-size-default\">GDPR<\/h1>\t\t\t\t<\/div>\n\t\t\t\t<\/div>\n\t\t\t\t\t<\/div>\n\t\t\t\t<\/div>\n\t\t<div class=\"elementor-element elementor-element-a91d349 e-flex e-con-boxed e-con e-parent\" data-id=\"a91d349\" data-element_type=\"container\" data-e-type=\"container\">\n\t\t\t\t\t<div class=\"e-con-inner\">\n\t\t\t\t<div class=\"elementor-element elementor-element-8b78a76 elementor-widget elementor-widget-text-editor\" data-id=\"8b78a76\" data-element_type=\"widget\" data-e-type=\"widget\" data-widget_type=\"text-editor.default\">\n\t\t\t\t<div class=\"elementor-widget-container\">\n\t\t\t\t\t\t\t\t\t<h2 class=\"mb-4\">GDPR<\/h2><div><p>Questo documento descrive come AGENZIA TURISTICA MURTER-ONLINE.COM, Fausta Vran\u010di\u0107a 5, 22243 Murter, OIB: 76333440164 (di seguito denominata AGENZIA TURISTICA MURTER-ONLINE.COM) tratta i dati personali.<\/p><p>L&#8217;informativa sulla privacy si applica a tutte le informazioni personali che raccogliamo ed elaboriamo. Le informazioni di contatto raccolte sulle nostre pagine web non saranno pubblicamente disponibili o utilizzate per scopi diversi, tranne che per l&#8217;invio di una risposta alla vostra richiesta!<\/p><p>I tuoi dati personali per le finalit\u00e0 sopra, date volontariamente con un consenso chiaro ed inequivocabile. Le informazioni di cui sopra sono necessarie per soddisfare le finalit\u00e0 per le quali sono raccolte e non saranno utilizzate per nessun altro scopo senza il consenso esplicito dell&#8217;utente.<\/p><p>Di conseguenza, se si negano le informazioni personali richieste, AGENZIA TURISTICA MURTER-ONLINE.COM non sar\u00e0 in grado di soddisfare questa richiesta.<\/p><p>Vi\u00a0 informiamo che in qualsiasi momento potete ritirare la\u00a0 privacy per elaborare le vostre informazioni personali senza alcuna conseguenza e che la vostra richiesta sar\u00e0 soddisfatta nel pi\u00f9 breve tempo possibile.<\/p><p>Dopo il ritiro del tuo consenso, i tuoi dati personali non saranno pi\u00f9 elaborati e saranno cancellati o distrutti in modo sicuro in conformit\u00e0 con il documento interno di AGENZIA TURISTICA MURTER-ONLINE.COM.<\/p><p>Nel caso in cui i tuoi dati personali\u00a0 vengono divulgati a terzi, AGENZIA TURISTICA MURTER-ONLINE.COM ti informer\u00e0 in anticipo in conformit\u00e0 con le normative applicabili in materia di protezione dei dati personali.<\/p><p>Le tue informazioni personali non verranno inoltrate a paesi terzi o organizzazioni internazionali.<\/p><p>AGENZIA TURISTICA MURTER-ONLINE.COM tratter\u00e0 i tuoi dati personali in conformit\u00e0 con le finalit\u00e0 descritte per il periodo durante il quale il trattamento di questi dati \u00e8 necessario per raggiungere lo scopo per il quale \u00e8 stato raccolto e il massimo entro il limite di tempo specificato da un atto interno che disciplina il trattamento e l&#8217;archiviazione di tali dati.<\/p><p>Per qualsiasi domanda o informazione relativa all&#8217;esercizio dei propri diritti alla protezione dei dati personali, non esitate a contattare info@murter-online.com.<\/p><p>Regole sui cookie<\/p><p>Per garantire il corretto funzionamento di questo sito, a volte archiviamo piccoli file di dati noti come cookie sui tuoi dispositivi.<\/p><p>Cosa sono i cookie?<br \/>Il cookie \u00e8 un piccolo file di dati che viene memorizzato sul tuo computer o dispositivo mobile mentre visiti un determinato sito web. Utilizzando un cookie, il sito web ricorda le tue azioni e preferenze (come il nome dell\u2019 utente, lingua, dimensione del carattere e altre impostazioni relative alla visualizzazione desiderate) per un lungo periodo di tempo, quindi non \u00e8 necessario reinserirle ogni volta che si ritorna al sito passare da una pagina all&#8217;altra.<\/p><p>Come usiamo i cookie?<br \/>Su alcuni dei nostri siti, utilizziamo i cookie che non sono necessari per visualizzare il sito, ma ti consentiranno di goderti una maggiore navigazione. Puoi cancellare o bloccare i cookie, ma se lo fai, alcune delle funzionalit\u00e0 di questo sito potrebbero non funzionare come previsto. Utilizzando i cookie, vengono salvate le seguenti informazioni:<\/p><p>\u2022\u00a0 la lingua del browser<\/p><p>\u2022 Al negozio online, prodotti che si trovano nel carrello o nella lista dei desideri.<\/p><p>\u2022 se accetti o no l&#8217;uso dei cookie su questa pagina, ecc.<\/p><p>Informazioni personali<br \/>Le informazioni relative ai cookie non vengono utilizzate per la tua identificazione e le abitudini di navigazione sono sotto il nostro controllo. Non utilizziamo i cookie per scopi diversi da quelli qui descritti.<\/p><p>Cookie di terze parti<br \/>A volte, a fini statistici, utilizziamo anche servizi esterni di tracciamento del sito, come Google Analytics. In tal caso, Google invier\u00e0 i cookie al tuo computer &#8211; cookie di terze parti. Lo stesso accade quando usiamo le mappe su Google Maps.<\/p><p>Come vengono controllati i cookie?<br \/>\u00c8 possibile controllare e \/ o eliminare i cookie come desiderato. \u00c8 possibile eliminare tutti i cookie gi\u00e0 memorizzati sul dispositivo e le impostazioni della maggior parte dei browser consentono di bloccare i cookie. Se si bloccano i cookie, potrebbe essere necessario personalizzare manualmente alcune preferenze per ogni visita al sito Web, e alcuni servizi e funzionalit\u00e0 potrebbero non essere disponibili. Se non desideri ricevere cookie sul tuo computer, puoi impostare il browser in modo che ti avvisi quando li rileva o puoi rifiutarli automaticamente. Puoi anche cancellare tutti i cookie che hai gi\u00e0 ricevuto. Se si desidera limitare o bloccare i cookie che sono gi\u00e0 installati, \u00e8 possibile farlo attraverso le impostazioni del browser. Come trovarlo su www.aboutcookies.org, dove puoi trovare istruzioni dettagliate relative ai diversi browser.<\/p><\/div>\t\t\t\t\t\t\t\t<\/div>\n\t\t\t\t<\/div>\n\t\t\t\t\t<\/div>\n\t\t\t\t<\/div>\n\t\t\t\t<\/div>\n\t\t","protected":false},"excerpt":{"rendered":"<p>GDPR GDPR Questo documento descrive come AGENZIA TURISTICA MURTER-ONLINE.COM, Fausta Vran\u010di\u0107a 5, 22243 Murter, OIB: 76333440164 (di seguito denominata AGENZIA TURISTICA MURTER-ONLINE.COM) tratta i dati personali. L&#8217;informativa sulla privacy si applica a tutte le informazioni personali che raccogliamo ed elaboriamo. Le informazioni di contatto raccolte sulle nostre pagine web non saranno pubblicamente disponibili o utilizzate [&hellip;]<\/p>\n","protected":false},"author":2,"featured_media":0,"parent":0,"menu_order":0,"comment_status":"closed","ping_status":"closed","template":"","meta":{"_acf_changed":false,"footnotes":""},"class_list":["post-48526","page","type-page","status-publish","hentry"],"acf":[],"_links":{"self":[{"href":"https:\/\/murter-online.com\/it\/wp-json\/wp\/v2\/pages\/48526","targetHints":{"allow":["GET"]}}],"collection":[{"href":"https:\/\/murter-online.com\/it\/wp-json\/wp\/v2\/pages"}],"about":[{"href":"https:\/\/murter-online.com\/it\/wp-json\/wp\/v2\/types\/page"}],"author":[{"embeddable":true,"href":"https:\/\/murter-online.com\/it\/wp-json\/wp\/v2\/users\/2"}],"replies":[{"embeddable":true,"href":"https:\/\/murter-online.com\/it\/wp-json\/wp\/v2\/comments?post=48526"}],"version-history":[{"count":4,"href":"https:\/\/murter-online.com\/it\/wp-json\/wp\/v2\/pages\/48526\/revisions"}],"predecessor-version":[{"id":48530,"href":"https:\/\/murter-online.com\/it\/wp-json\/wp\/v2\/pages\/48526\/revisions\/48530"}],"wp:attachment":[{"href":"https:\/\/murter-online.com\/it\/wp-json\/wp\/v2\/media?parent=48526"}],"curies":[{"name":"wp","href":"https:\/\/api.w.org\/{rel}","templated":true}]}}