{"id":48549,"date":"2024-12-17T11:43:47","date_gmt":"2024-12-17T11:43:47","guid":{"rendered":"https:\/\/murter.riot.hr\/?page_id=48549"},"modified":"2025-01-13T19:18:20","modified_gmt":"2025-01-13T19:18:20","slug":"avviso-sui-reclami","status":"publish","type":"page","link":"https:\/\/murter-online.com\/it\/avviso-sui-reclami\/","title":{"rendered":"Avviso sui reclami"},"content":{"rendered":"\t\t<div data-elementor-type=\"wp-page\" data-elementor-id=\"48549\" class=\"elementor elementor-48549 elementor-10225\" data-elementor-settings=\"{&quot;element_pack_global_tooltip_width&quot;:{&quot;unit&quot;:&quot;px&quot;,&quot;size&quot;:&quot;&quot;,&quot;sizes&quot;:[]},&quot;element_pack_global_tooltip_width_tablet&quot;:{&quot;unit&quot;:&quot;px&quot;,&quot;size&quot;:&quot;&quot;,&quot;sizes&quot;:[]},&quot;element_pack_global_tooltip_width_mobile&quot;:{&quot;unit&quot;:&quot;px&quot;,&quot;size&quot;:&quot;&quot;,&quot;sizes&quot;:[]},&quot;element_pack_global_tooltip_padding&quot;:{&quot;unit&quot;:&quot;px&quot;,&quot;top&quot;:&quot;&quot;,&quot;right&quot;:&quot;&quot;,&quot;bottom&quot;:&quot;&quot;,&quot;left&quot;:&quot;&quot;,&quot;isLinked&quot;:true},&quot;element_pack_global_tooltip_padding_tablet&quot;:{&quot;unit&quot;:&quot;px&quot;,&quot;top&quot;:&quot;&quot;,&quot;right&quot;:&quot;&quot;,&quot;bottom&quot;:&quot;&quot;,&quot;left&quot;:&quot;&quot;,&quot;isLinked&quot;:true},&quot;element_pack_global_tooltip_padding_mobile&quot;:{&quot;unit&quot;:&quot;px&quot;,&quot;top&quot;:&quot;&quot;,&quot;right&quot;:&quot;&quot;,&quot;bottom&quot;:&quot;&quot;,&quot;left&quot;:&quot;&quot;,&quot;isLinked&quot;:true},&quot;element_pack_global_tooltip_border_radius&quot;:{&quot;unit&quot;:&quot;px&quot;,&quot;top&quot;:&quot;&quot;,&quot;right&quot;:&quot;&quot;,&quot;bottom&quot;:&quot;&quot;,&quot;left&quot;:&quot;&quot;,&quot;isLinked&quot;:true},&quot;element_pack_global_tooltip_border_radius_tablet&quot;:{&quot;unit&quot;:&quot;px&quot;,&quot;top&quot;:&quot;&quot;,&quot;right&quot;:&quot;&quot;,&quot;bottom&quot;:&quot;&quot;,&quot;left&quot;:&quot;&quot;,&quot;isLinked&quot;:true},&quot;element_pack_global_tooltip_border_radius_mobile&quot;:{&quot;unit&quot;:&quot;px&quot;,&quot;top&quot;:&quot;&quot;,&quot;right&quot;:&quot;&quot;,&quot;bottom&quot;:&quot;&quot;,&quot;left&quot;:&quot;&quot;,&quot;isLinked&quot;:true}}\">\n\t\t\t\t<div class=\"elementor-element elementor-element-aaa240a e-flex e-con-boxed e-con e-parent\" data-id=\"aaa240a\" data-element_type=\"container\" data-e-type=\"container\" data-settings=\"{&quot;background_background&quot;:&quot;classic&quot;}\">\n\t\t\t\t\t<div class=\"e-con-inner\">\n\t\t\t\t<div class=\"elementor-element elementor-element-ba9c60b elementor-widget elementor-widget-heading\" data-id=\"ba9c60b\" data-element_type=\"widget\" data-e-type=\"widget\" data-widget_type=\"heading.default\">\n\t\t\t\t<div class=\"elementor-widget-container\">\n\t\t\t\t\t<h1 class=\"elementor-heading-title elementor-size-default\">Avviso sui reclami\n<\/h1>\t\t\t\t<\/div>\n\t\t\t\t<\/div>\n\t\t\t\t\t<\/div>\n\t\t\t\t<\/div>\n\t\t<div class=\"elementor-element elementor-element-519e26e e-flex e-con-boxed e-con e-parent\" data-id=\"519e26e\" data-element_type=\"container\" data-e-type=\"container\">\n\t\t\t\t\t<div class=\"e-con-inner\">\n\t\t\t\t<div class=\"elementor-element elementor-element-f97dee6 elementor-widget elementor-widget-text-editor\" data-id=\"f97dee6\" data-element_type=\"widget\" data-e-type=\"widget\" data-widget_type=\"text-editor.default\">\n\t\t\t\t<div class=\"elementor-widget-container\">\n\t\t\t\t\t\t\t\t\t<h2 class=\"mb-4\">Avviso sui reclami<\/h2>\n<div>\n<p>In conformit\u00e0 alla direttiva dell&#8217;articolo 6, paragrafo 1, punto 3 della legge sulla fornitura di servizi turistici, NN (quotidiani nazionali) n. 130\/17, il reclamo scritto dell&#8217;utente pu\u00f2 essere presentato:<\/p>\n<p>&#8211; per iscritto nei locali commerciali;<br \/>&#8211; tramite e-mail; info@murter-online.com<br \/>&#8211; per posta all&#8217;indirizzo:<\/p>\n<p>AGENZIA TURISTICA MURTER-ONLINE.COM<br \/>Responsabile del dipartimento: Ivona Ko\u017euli\u0107<br \/>Fausta Vran\u010di\u0107a 5, 22243 Murter, Croazia<\/p>\n<p>La ricezione del reclamo sar\u00e0 confermata per iscritto senza alcun ritardo dopo aver ricevuto il reclamo scritto dell&#8217;utente del servizio, e la risposta sar\u00e0 data per iscritto entro 15 giorni a partire dal giorno di ricezione del reclamo<\/p>\n<\/div>\t\t\t\t\t\t\t\t<\/div>\n\t\t\t\t<\/div>\n\t\t\t\t\t<\/div>\n\t\t\t\t<\/div>\n\t\t\t\t<\/div>\n\t\t","protected":false},"excerpt":{"rendered":"<p>Avviso sui reclami Avviso sui reclami In conformit\u00e0 alla direttiva dell&#8217;articolo 6, paragrafo 1, punto 3 della legge sulla fornitura di servizi turistici, NN (quotidiani nazionali) n. 130\/17, il reclamo scritto dell&#8217;utente pu\u00f2 essere presentato: &#8211; per iscritto nei locali commerciali;&#8211; tramite e-mail; info@murter-online.com&#8211; per posta all&#8217;indirizzo: AGENZIA TURISTICA MURTER-ONLINE.COMResponsabile del dipartimento: Ivona Ko\u017euli\u0107Fausta Vran\u010di\u0107a [&hellip;]<\/p>\n","protected":false},"author":2,"featured_media":0,"parent":0,"menu_order":0,"comment_status":"closed","ping_status":"closed","template":"","meta":{"_acf_changed":false,"footnotes":""},"class_list":["post-48549","page","type-page","status-publish","hentry"],"acf":[],"_links":{"self":[{"href":"https:\/\/murter-online.com\/it\/wp-json\/wp\/v2\/pages\/48549","targetHints":{"allow":["GET"]}}],"collection":[{"href":"https:\/\/murter-online.com\/it\/wp-json\/wp\/v2\/pages"}],"about":[{"href":"https:\/\/murter-online.com\/it\/wp-json\/wp\/v2\/types\/page"}],"author":[{"embeddable":true,"href":"https:\/\/murter-online.com\/it\/wp-json\/wp\/v2\/users\/2"}],"replies":[{"embeddable":true,"href":"https:\/\/murter-online.com\/it\/wp-json\/wp\/v2\/comments?post=48549"}],"version-history":[{"count":4,"href":"https:\/\/murter-online.com\/it\/wp-json\/wp\/v2\/pages\/48549\/revisions"}],"predecessor-version":[{"id":48553,"href":"https:\/\/murter-online.com\/it\/wp-json\/wp\/v2\/pages\/48549\/revisions\/48553"}],"wp:attachment":[{"href":"https:\/\/murter-online.com\/it\/wp-json\/wp\/v2\/media?parent=48549"}],"curies":[{"name":"wp","href":"https:\/\/api.w.org\/{rel}","templated":true}]}}