{"id":50645,"date":"2025-01-05T14:46:33","date_gmt":"2025-01-05T14:46:33","guid":{"rendered":"https:\/\/murter.riot.hr\/?post_type=product&#038;p=50645"},"modified":"2025-04-23T11:57:24","modified_gmt":"2025-04-23T10:57:24","slug":"camera-slanica-a2-id-171","status":"publish","type":"product","link":"https:\/\/murter-online.com\/it\/prodotto\/camera-slanica-a2-id-171\/","title":{"rendered":"Camera Slanica Murter A2 ID 171"},"content":{"rendered":"","protected":false},"excerpt":{"rendered":"<p>Camera per due persone vicino alla spiaggia di sabbia Slanica. La camera \u00e8 stata recentemente rinnovata, a soli 200 metri dalla spiaggia sabbiosa di Slanica. La camera \u00e8 dotata di aria condizionata, TV, internet gratuito, frigo e bollitore. Il parcheggio \u00e8 gratuito.<\/p>\n","protected":false},"featured_media":27259,"template":"","meta":{"_acf_changed":false},"product_brand":[],"product_cat":[165],"product_tag":[],"class_list":{"0":"post-50645","1":"product","2":"type-product","3":"status-publish","4":"has-post-thumbnail","6":"product_cat-stanze","8":"first","9":"instock","10":"sold-individually","11":"shipping-taxable","12":"purchasable","13":"product-type-phive_booking"},"acf":[],"_links":{"self":[{"href":"https:\/\/murter-online.com\/it\/wp-json\/wp\/v2\/product\/50645","targetHints":{"allow":["GET"]}}],"collection":[{"href":"https:\/\/murter-online.com\/it\/wp-json\/wp\/v2\/product"}],"about":[{"href":"https:\/\/murter-online.com\/it\/wp-json\/wp\/v2\/types\/product"}],"wp:featuredmedia":[{"embeddable":true,"href":"https:\/\/murter-online.com\/it\/wp-json\/wp\/v2\/media\/27259"}],"wp:attachment":[{"href":"https:\/\/murter-online.com\/it\/wp-json\/wp\/v2\/media?parent=50645"}],"wp:term":[{"taxonomy":"product_brand","embeddable":true,"href":"https:\/\/murter-online.com\/it\/wp-json\/wp\/v2\/product_brand?post=50645"},{"taxonomy":"product_cat","embeddable":true,"href":"https:\/\/murter-online.com\/it\/wp-json\/wp\/v2\/product_cat?post=50645"},{"taxonomy":"product_tag","embeddable":true,"href":"https:\/\/murter-online.com\/it\/wp-json\/wp\/v2\/product_tag?post=50645"}],"curies":[{"name":"wp","href":"https:\/\/api.w.org\/{rel}","templated":true}]}}