{"id":51809,"date":"2024-12-17T15:02:03","date_gmt":"2024-12-17T15:02:03","guid":{"rendered":"https:\/\/murter.riot.hr\/?post_type=product&#038;p=51809"},"modified":"2025-04-12T07:18:40","modified_gmt":"2025-04-12T06:18:40","slug":"appartamento-alloggio-a-murter-4-a2-2-id-233","status":"publish","type":"product","link":"https:\/\/murter-online.com\/it\/prodotto\/appartamento-alloggio-a-murter-4-a2-2-id-233\/","title":{"rendered":"Appartamento  per 4 persone a Murter 4 A2 + 2 ID 233"},"content":{"rendered":"","protected":false},"excerpt":{"rendered":"<p>Appartamento per quattro persone situato al primo piano ed \u00e8 composto da una camera da letto (letto matrimoniale) e soggiorno con due letti (200&#215;90), cucina, bagno e ampio terrazzo (18mq) vista mare. L&#8217;appartamento \u00e8 dotato di TV e aria condizionata, wi-fi, forno a microonde e frigorifero con congelatore. Davanti all&#8217;appartamento abbiamo un barbecue all&#8217;aperto che gli ospiti possono utilizzare in qualsiasi momento. L&#8217;appartamento \u00e8 situato vicino alla spiaggia locale di Luke e alla spiaggia sabbiosa di Podvr\u0161ke. Il parcheggio \u00e8 previsto e si trova nel cortile.<\/p>\n","protected":false},"featured_media":19171,"template":"","meta":{"_acf_changed":false},"product_brand":[],"product_cat":[160],"product_tag":[],"class_list":{"0":"post-51809","1":"product","2":"type-product","3":"status-publish","4":"has-post-thumbnail","6":"product_cat-appartamenti-con-vista-mare","8":"first","9":"instock","10":"sold-individually","11":"shipping-taxable","12":"purchasable","13":"product-type-phive_booking"},"acf":[],"_links":{"self":[{"href":"https:\/\/murter-online.com\/it\/wp-json\/wp\/v2\/product\/51809","targetHints":{"allow":["GET"]}}],"collection":[{"href":"https:\/\/murter-online.com\/it\/wp-json\/wp\/v2\/product"}],"about":[{"href":"https:\/\/murter-online.com\/it\/wp-json\/wp\/v2\/types\/product"}],"wp:featuredmedia":[{"embeddable":true,"href":"https:\/\/murter-online.com\/it\/wp-json\/wp\/v2\/media\/19171"}],"wp:attachment":[{"href":"https:\/\/murter-online.com\/it\/wp-json\/wp\/v2\/media?parent=51809"}],"wp:term":[{"taxonomy":"product_brand","embeddable":true,"href":"https:\/\/murter-online.com\/it\/wp-json\/wp\/v2\/product_brand?post=51809"},{"taxonomy":"product_cat","embeddable":true,"href":"https:\/\/murter-online.com\/it\/wp-json\/wp\/v2\/product_cat?post=51809"},{"taxonomy":"product_tag","embeddable":true,"href":"https:\/\/murter-online.com\/it\/wp-json\/wp\/v2\/product_tag?post=51809"}],"curies":[{"name":"wp","href":"https:\/\/api.w.org\/{rel}","templated":true}]}}