{"id":51814,"date":"2024-12-18T08:05:26","date_gmt":"2024-12-18T08:05:26","guid":{"rendered":"https:\/\/murter.riot.hr\/?post_type=product&#038;p=51814"},"modified":"2025-04-25T10:00:46","modified_gmt":"2025-04-25T09:00:46","slug":"appartamento-alloggio-a-murter-5-a2-2-id-234","status":"publish","type":"product","link":"https:\/\/murter-online.com\/it\/prodotto\/appartamento-alloggio-a-murter-5-a2-2-id-234\/","title":{"rendered":"Appartamento familiare &#8211; Alloggio a Murter 5 A2 + 2 ID 234"},"content":{"rendered":"","protected":false},"excerpt":{"rendered":"<p>Appartamento per quattro persone situato nella mansarda della casa ed \u00e8 composto da una camera da letto (un letto matrimoniale), soggiorno con divano letto (due letti singoli 200&#215;90), cucina, bagno e terrazzo vista mare. L&#8217;appartamento \u00e8 dotato di TV e aria condizionata, wi-fi, forno a microonde e frigorifero con congelatore. Davanti all&#8217;appartamento abbiamo un barbecue all&#8217;aperto che gli ospiti possono utilizzare in qualsiasi momento. Il parcheggio \u00e8 previsto e si trova nel cortile. L&#8217;appartamento \u00e8 situato vicino alla spiaggia locale di Luke e alla spiaggia sabbiosa di Podvr\u0161ke.<\/p>\n","protected":false},"featured_media":19211,"template":"","meta":{"_acf_changed":false},"product_brand":[],"product_cat":[132,162],"product_tag":[],"class_list":{"0":"post-51814","1":"product","2":"type-product","3":"status-publish","4":"has-post-thumbnail","6":"product_cat-appartamenti","7":"product_cat-appartamenti-per-famiglie","9":"first","10":"instock","11":"sold-individually","12":"shipping-taxable","13":"purchasable","14":"product-type-phive_booking"},"acf":[],"_links":{"self":[{"href":"https:\/\/murter-online.com\/it\/wp-json\/wp\/v2\/product\/51814","targetHints":{"allow":["GET"]}}],"collection":[{"href":"https:\/\/murter-online.com\/it\/wp-json\/wp\/v2\/product"}],"about":[{"href":"https:\/\/murter-online.com\/it\/wp-json\/wp\/v2\/types\/product"}],"wp:featuredmedia":[{"embeddable":true,"href":"https:\/\/murter-online.com\/it\/wp-json\/wp\/v2\/media\/19211"}],"wp:attachment":[{"href":"https:\/\/murter-online.com\/it\/wp-json\/wp\/v2\/media?parent=51814"}],"wp:term":[{"taxonomy":"product_brand","embeddable":true,"href":"https:\/\/murter-online.com\/it\/wp-json\/wp\/v2\/product_brand?post=51814"},{"taxonomy":"product_cat","embeddable":true,"href":"https:\/\/murter-online.com\/it\/wp-json\/wp\/v2\/product_cat?post=51814"},{"taxonomy":"product_tag","embeddable":true,"href":"https:\/\/murter-online.com\/it\/wp-json\/wp\/v2\/product_tag?post=51814"}],"curies":[{"name":"wp","href":"https:\/\/api.w.org\/{rel}","templated":true}]}}