{"id":51820,"date":"2024-12-19T07:51:48","date_gmt":"2024-12-19T07:51:48","guid":{"rendered":"https:\/\/murter.riot.hr\/?post_type=product&#038;p=51820"},"modified":"2025-04-12T07:29:18","modified_gmt":"2025-04-12T06:29:18","slug":"appartamento-adelaide-podraduc-murter-a22-id-14","status":"publish","type":"product","link":"https:\/\/murter-online.com\/it\/prodotto\/appartamento-adelaide-podraduc-murter-a22-id-14\/","title":{"rendered":"Appartamento al mare Adelaide Podradu\u010d Murter A2+2 ID 14"},"content":{"rendered":"<p>Appartamento con una bellissima vista sul mare \u00e8 situato in una posizione eccellente a soli 30m. lontano dal mare. L&#8217;appartamento \u00e8 dotato di tv, aria condizionata, ricevitore satellitare. L&#8217;appartamento ha un bagno con doccia. C&#8217;\u00e8 un soggiorno che pu\u00f2 essere utilizzato per dormire. La zona giorno \u00e8 di 40 m2. e il balcone \/ terrazzo \u00e8 di 8 m2. Nell&#8217;appartamento possono dormire 3 persone sui letti principali e 1 persona su un divano letto nel soggiorno. L&#8217;appartamento si trova al primo piano. Animali domestici &#8211; non ammessi. L&#8217;appartamento ha il suo parcheggio gratuito. C&#8217;\u00e8 un barbecue aperto. L&#8217;appartamento \u00e8 di 2000 m. lontano dal centro e circa 50 m. lontano dal mare o dalla prima spiaggia di Murter.<\/p>\n","protected":false},"excerpt":{"rendered":"<p>Appartamento con una bellissima vista sul mare \u00e8 situato in una posizione eccellente a soli 30m. lontano dal mare. L&#8217;appartamento \u00e8 dotato di tv, aria condizionata, ricevitore satellitare. L&#8217;appartamento ha un bagno con doccia. C&#8217;\u00e8 un soggiorno che pu\u00f2 essere utilizzato per dormire. La zona giorno \u00e8 di 40 m2. e il balcone \/ terrazzo [&hellip;]<\/p>\n","protected":false},"featured_media":19235,"template":"","meta":{"_acf_changed":false},"product_brand":[],"product_cat":[160,132,162],"product_tag":[],"class_list":{"0":"post-51820","1":"product","2":"type-product","3":"status-publish","4":"has-post-thumbnail","6":"product_cat-appartamenti-con-vista-mare","7":"product_cat-appartamenti","8":"product_cat-appartamenti-per-famiglie","10":"first","11":"instock","12":"sold-individually","13":"shipping-taxable","14":"purchasable","15":"product-type-phive_booking"},"acf":[],"_links":{"self":[{"href":"https:\/\/murter-online.com\/it\/wp-json\/wp\/v2\/product\/51820","targetHints":{"allow":["GET"]}}],"collection":[{"href":"https:\/\/murter-online.com\/it\/wp-json\/wp\/v2\/product"}],"about":[{"href":"https:\/\/murter-online.com\/it\/wp-json\/wp\/v2\/types\/product"}],"wp:featuredmedia":[{"embeddable":true,"href":"https:\/\/murter-online.com\/it\/wp-json\/wp\/v2\/media\/19235"}],"wp:attachment":[{"href":"https:\/\/murter-online.com\/it\/wp-json\/wp\/v2\/media?parent=51820"}],"wp:term":[{"taxonomy":"product_brand","embeddable":true,"href":"https:\/\/murter-online.com\/it\/wp-json\/wp\/v2\/product_brand?post=51820"},{"taxonomy":"product_cat","embeddable":true,"href":"https:\/\/murter-online.com\/it\/wp-json\/wp\/v2\/product_cat?post=51820"},{"taxonomy":"product_tag","embeddable":true,"href":"https:\/\/murter-online.com\/it\/wp-json\/wp\/v2\/product_tag?post=51820"}],"curies":[{"name":"wp","href":"https:\/\/api.w.org\/{rel}","templated":true}]}}