{"id":51835,"date":"2024-12-20T09:04:53","date_gmt":"2024-12-20T09:04:53","guid":{"rendered":"https:\/\/murter.riot.hr\/?post_type=product&#038;p=51835"},"modified":"2025-04-25T10:41:51","modified_gmt":"2025-04-25T09:41:51","slug":"appartamento-marina-murter-a2-id-125","status":"publish","type":"product","link":"https:\/\/murter-online.com\/it\/prodotto\/appartamento-marina-murter-a2-id-125\/","title":{"rendered":"Appartamento per 2 persone Marina Murter A2 ID 125"},"content":{"rendered":"","protected":false},"excerpt":{"rendered":"<p>L&#8217;appartamento \u00e8 completamente attrezzato, a 250 metri dalla prima spiaggia. L&#8217;appartamento ha una superficie di 37 m2. Ha una camera da letto dove possono dormire 2 adulti. Dispone di un bagno con doccia. L&#8217;area del balcone \/ terrazzo \u00e8 di 10 m2. L&#8217;appartamento si trova al piano terra. L&#8217;appartamento \u00e8 dotato di TV, aria condizionata, forno, microonde, macchina per il caff\u00e8, Wi-fi.Il parcheggio \u00e8 fornito e gratuito. Gli animali domestici sono ammessi a un costo aggiuntivo.<\/p>\n","protected":false},"featured_media":19395,"template":"","meta":{"_acf_changed":false},"product_brand":[],"product_cat":[132,162],"product_tag":[],"class_list":{"0":"post-51835","1":"product","2":"type-product","3":"status-publish","4":"has-post-thumbnail","6":"product_cat-appartamenti","7":"product_cat-appartamenti-per-famiglie","9":"first","10":"instock","11":"sold-individually","12":"shipping-taxable","13":"purchasable","14":"product-type-phive_booking"},"acf":[],"_links":{"self":[{"href":"https:\/\/murter-online.com\/it\/wp-json\/wp\/v2\/product\/51835","targetHints":{"allow":["GET"]}}],"collection":[{"href":"https:\/\/murter-online.com\/it\/wp-json\/wp\/v2\/product"}],"about":[{"href":"https:\/\/murter-online.com\/it\/wp-json\/wp\/v2\/types\/product"}],"wp:featuredmedia":[{"embeddable":true,"href":"https:\/\/murter-online.com\/it\/wp-json\/wp\/v2\/media\/19395"}],"wp:attachment":[{"href":"https:\/\/murter-online.com\/it\/wp-json\/wp\/v2\/media?parent=51835"}],"wp:term":[{"taxonomy":"product_brand","embeddable":true,"href":"https:\/\/murter-online.com\/it\/wp-json\/wp\/v2\/product_brand?post=51835"},{"taxonomy":"product_cat","embeddable":true,"href":"https:\/\/murter-online.com\/it\/wp-json\/wp\/v2\/product_cat?post=51835"},{"taxonomy":"product_tag","embeddable":true,"href":"https:\/\/murter-online.com\/it\/wp-json\/wp\/v2\/product_tag?post=51835"}],"curies":[{"name":"wp","href":"https:\/\/api.w.org\/{rel}","templated":true}]}}