{"id":51853,"date":"2024-12-20T10:03:21","date_gmt":"2024-12-20T10:03:21","guid":{"rendered":"https:\/\/murter.riot.hr\/?post_type=product&#038;p=51853"},"modified":"2025-04-12T07:45:46","modified_gmt":"2025-04-12T06:45:46","slug":"appartamento-betina-zdrace-beachview-a2-2-id-108","status":"publish","type":"product","link":"https:\/\/murter-online.com\/it\/prodotto\/appartamento-betina-zdrace-beachview-a2-2-id-108\/","title":{"rendered":"Appartamento con vista mare Zdra\u010de Betina &#8211; isola Murter A2 + 2 ID 108"},"content":{"rendered":"","protected":false},"excerpt":{"rendered":"<p>L&#8217;appartamento si trova in un&#8217;ottima posizione a soli 70 metri dal mare. L&#8217;appartamento ha una superficie di 25 m2. Dispone di una camera da letto che pu\u00f2 ospitare 2 adulti. Ha un soggiorno, che pu\u00f2 essere utilizzato per dormire &#8211; Ha un letto supplementare per 2 persone. Dispone di un bagno con doccia. L&#8217;area del balcone \/ terrazzo \u00e8 di 5 m2. L&#8217;appartamento si trova al primo piano. L&#8217;appartamento \u00e8 dotato di TV, aria condizionata, forno, connessione internet wifi gratuita. Il parcheggio \u00e8 previsto e incluso nel prezzo. C&#8217;\u00e8 un grill all&#8217;aperto che pu\u00f2 essere utilizzato. L&#8217;appartamento si trova a circa 250 m dal centro. Non sono ammessi animali.<\/p>\n","protected":false},"featured_media":19519,"template":"","meta":{"_acf_changed":false},"product_brand":[],"product_cat":[160,132,162],"product_tag":[],"class_list":{"0":"post-51853","1":"product","2":"type-product","3":"status-publish","4":"has-post-thumbnail","6":"product_cat-appartamenti-con-vista-mare","7":"product_cat-appartamenti","8":"product_cat-appartamenti-per-famiglie","10":"first","11":"instock","12":"sold-individually","13":"shipping-taxable","14":"purchasable","15":"product-type-phive_booking"},"acf":[],"_links":{"self":[{"href":"https:\/\/murter-online.com\/it\/wp-json\/wp\/v2\/product\/51853","targetHints":{"allow":["GET"]}}],"collection":[{"href":"https:\/\/murter-online.com\/it\/wp-json\/wp\/v2\/product"}],"about":[{"href":"https:\/\/murter-online.com\/it\/wp-json\/wp\/v2\/types\/product"}],"wp:featuredmedia":[{"embeddable":true,"href":"https:\/\/murter-online.com\/it\/wp-json\/wp\/v2\/media\/19519"}],"wp:attachment":[{"href":"https:\/\/murter-online.com\/it\/wp-json\/wp\/v2\/media?parent=51853"}],"wp:term":[{"taxonomy":"product_brand","embeddable":true,"href":"https:\/\/murter-online.com\/it\/wp-json\/wp\/v2\/product_brand?post=51853"},{"taxonomy":"product_cat","embeddable":true,"href":"https:\/\/murter-online.com\/it\/wp-json\/wp\/v2\/product_cat?post=51853"},{"taxonomy":"product_tag","embeddable":true,"href":"https:\/\/murter-online.com\/it\/wp-json\/wp\/v2\/product_tag?post=51853"}],"curies":[{"name":"wp","href":"https:\/\/api.w.org\/{rel}","templated":true}]}}