{"id":51857,"date":"2024-12-20T11:01:34","date_gmt":"2024-12-20T11:01:34","guid":{"rendered":"https:\/\/murter.riot.hr\/?post_type=product&#038;p=51857"},"modified":"2025-04-25T19:49:58","modified_gmt":"2025-04-25T18:49:58","slug":"appartamento-center-spot-murter-a2-id-78","status":"publish","type":"product","link":"https:\/\/murter-online.com\/it\/prodotto\/appartamento-center-spot-murter-a2-id-78\/","title":{"rendered":"Appartamento Murter Center Spot A2 ID 78"},"content":{"rendered":"","protected":false},"excerpt":{"rendered":"<p>Appartamento Center Murter A2 ID 78 si trova a pochi metri dal centro. Ristoranti, caff\u00e8, negozi si trovano vicino all&#8217;appartamento. La spiaggia pi\u00f9 vicina \u00e8 raggiungibile in 5 minuti a piedi. Appartamento con WiFi gratuito, TV satellitare e aria condizionata Il prezzo include asciugamani, biancheria da letto e pulizia finale.<\/p>\n","protected":false},"featured_media":19587,"template":"","meta":{"_acf_changed":false},"product_brand":[],"product_cat":[132,162],"product_tag":[],"class_list":{"0":"post-51857","1":"product","2":"type-product","3":"status-publish","4":"has-post-thumbnail","6":"product_cat-appartamenti","7":"product_cat-appartamenti-per-famiglie","9":"first","10":"instock","11":"sold-individually","12":"shipping-taxable","13":"purchasable","14":"product-type-phive_booking"},"acf":[],"_links":{"self":[{"href":"https:\/\/murter-online.com\/it\/wp-json\/wp\/v2\/product\/51857","targetHints":{"allow":["GET"]}}],"collection":[{"href":"https:\/\/murter-online.com\/it\/wp-json\/wp\/v2\/product"}],"about":[{"href":"https:\/\/murter-online.com\/it\/wp-json\/wp\/v2\/types\/product"}],"wp:featuredmedia":[{"embeddable":true,"href":"https:\/\/murter-online.com\/it\/wp-json\/wp\/v2\/media\/19587"}],"wp:attachment":[{"href":"https:\/\/murter-online.com\/it\/wp-json\/wp\/v2\/media?parent=51857"}],"wp:term":[{"taxonomy":"product_brand","embeddable":true,"href":"https:\/\/murter-online.com\/it\/wp-json\/wp\/v2\/product_brand?post=51857"},{"taxonomy":"product_cat","embeddable":true,"href":"https:\/\/murter-online.com\/it\/wp-json\/wp\/v2\/product_cat?post=51857"},{"taxonomy":"product_tag","embeddable":true,"href":"https:\/\/murter-online.com\/it\/wp-json\/wp\/v2\/product_tag?post=51857"}],"curies":[{"name":"wp","href":"https:\/\/api.w.org\/{rel}","templated":true}]}}