{"id":51867,"date":"2024-12-20T13:48:20","date_gmt":"2024-12-20T13:48:20","guid":{"rendered":"https:\/\/murter.riot.hr\/?post_type=product&#038;p=51867"},"modified":"2025-04-12T11:56:09","modified_gmt":"2025-04-12T10:56:09","slug":"appartamento-cigrada-murter-3-a22-id-242","status":"publish","type":"product","link":"https:\/\/murter-online.com\/it\/prodotto\/appartamento-cigrada-murter-3-a22-id-242\/","title":{"rendered":"Appartamento con vista mare spaggia \u010cigra\u0111a Murter 3 A2+2 ID 242"},"content":{"rendered":"","protected":false},"excerpt":{"rendered":"<div align=\"center\">\n<div class=\"max_width\" align=\"left\">\n<div>\n<div>Bilocale con vista mare! L&#8217;appartamento si trova vicino alla spiaggia \u010cigra\u0111a. L&#8217;appartamento ha una camera da letto. L&#8217;appartamento ha un soggiorno che pu\u00f2 essere utilizzato per dormire. L&#8217;appartamento pu\u00f2 ospitare un massimo di 4 adulti. La cucina \u00e8 completamente equipaggiata. L&#8217;appartamento \u00e8 dotato di aria condizionata e Wi-Fi &#8211; internet. Il parcheggio \u00e8 gratuito e custodito di fronte all&#8217;appartamento nel cortile. C&#8217;\u00e8 una griglia all&#8217;aperto che pu\u00f2 essere utilizzata.<\/div>\n<\/div>\n<\/div>\n<\/div>\n<div align=\"center\"><\/div>\n","protected":false},"featured_media":19747,"template":"","meta":{"_acf_changed":false},"product_brand":[],"product_cat":[160,132,162],"product_tag":[],"class_list":{"0":"post-51867","1":"product","2":"type-product","3":"status-publish","4":"has-post-thumbnail","6":"product_cat-appartamenti-con-vista-mare","7":"product_cat-appartamenti","8":"product_cat-appartamenti-per-famiglie","10":"first","11":"instock","12":"sold-individually","13":"shipping-taxable","14":"purchasable","15":"product-type-phive_booking"},"acf":[],"_links":{"self":[{"href":"https:\/\/murter-online.com\/it\/wp-json\/wp\/v2\/product\/51867","targetHints":{"allow":["GET"]}}],"collection":[{"href":"https:\/\/murter-online.com\/it\/wp-json\/wp\/v2\/product"}],"about":[{"href":"https:\/\/murter-online.com\/it\/wp-json\/wp\/v2\/types\/product"}],"wp:featuredmedia":[{"embeddable":true,"href":"https:\/\/murter-online.com\/it\/wp-json\/wp\/v2\/media\/19747"}],"wp:attachment":[{"href":"https:\/\/murter-online.com\/it\/wp-json\/wp\/v2\/media?parent=51867"}],"wp:term":[{"taxonomy":"product_brand","embeddable":true,"href":"https:\/\/murter-online.com\/it\/wp-json\/wp\/v2\/product_brand?post=51867"},{"taxonomy":"product_cat","embeddable":true,"href":"https:\/\/murter-online.com\/it\/wp-json\/wp\/v2\/product_cat?post=51867"},{"taxonomy":"product_tag","embeddable":true,"href":"https:\/\/murter-online.com\/it\/wp-json\/wp\/v2\/product_tag?post=51867"}],"curies":[{"name":"wp","href":"https:\/\/api.w.org\/{rel}","templated":true}]}}