{"id":51880,"date":"2024-12-20T15:23:56","date_gmt":"2024-12-20T15:23:56","guid":{"rendered":"https:\/\/murter.riot.hr\/?post_type=product&#038;p=51880"},"modified":"2025-04-12T12:51:11","modified_gmt":"2025-04-12T11:51:11","slug":"appartamento-cigrada-murter-kornati-view-3-a22-id-157","status":"publish","type":"product","link":"https:\/\/murter-online.com\/it\/prodotto\/appartamento-cigrada-murter-kornati-view-3-a22-id-157\/","title":{"rendered":"Appartamento con vista Mare spiaggia \u010cigra\u0111a isola Murter 3 A2+2 ID 157"},"content":{"rendered":"","protected":false},"excerpt":{"rendered":"<p>Appartamento in ottima posizione a soli 500 metri dal mare. L&#8217;appartamento ha una superficie di 40 m2. Ha una camera da letto dove possono dormire 2 adulti. Ha un soggiorno, che pu\u00f2 essere utilizzato per dormire &#8211; Ha un letto aggiuntivo per due persone. Dispone di un bagno con doccia. L&#8217;area del balcone \/ terrazzo \u00e8 di 10 m2. L&#8217;appartamento si trova al primo piano. L&#8217;appartamento \u00e8 dotato di TV, aria condizionata, ricevitore satellitare, forno, connessione internet wifi gratuita. Il parcheggio \u00e8 previsto e incluso nel prezzo. C&#8217;\u00e8 un grill all&#8217;aperto che pu\u00f2 essere utilizzato. Il prezzo indicato nel listino \u00e8 valido per due persone a notte. Ogni persona in pi\u00f9 nell&#8217;appartamento paga 5 euro \/ persona in pi\u00f9 \/ giorno. Animali domestici su richiesta.<\/p>\n","protected":false},"featured_media":20015,"template":"","meta":{"_acf_changed":false},"product_brand":[],"product_cat":[160,132,162],"product_tag":[],"class_list":{"0":"post-51880","1":"product","2":"type-product","3":"status-publish","4":"has-post-thumbnail","6":"product_cat-appartamenti-con-vista-mare","7":"product_cat-appartamenti","8":"product_cat-appartamenti-per-famiglie","10":"first","11":"instock","12":"sold-individually","13":"shipping-taxable","14":"purchasable","15":"product-type-phive_booking"},"acf":[],"_links":{"self":[{"href":"https:\/\/murter-online.com\/it\/wp-json\/wp\/v2\/product\/51880","targetHints":{"allow":["GET"]}}],"collection":[{"href":"https:\/\/murter-online.com\/it\/wp-json\/wp\/v2\/product"}],"about":[{"href":"https:\/\/murter-online.com\/it\/wp-json\/wp\/v2\/types\/product"}],"wp:featuredmedia":[{"embeddable":true,"href":"https:\/\/murter-online.com\/it\/wp-json\/wp\/v2\/media\/20015"}],"wp:attachment":[{"href":"https:\/\/murter-online.com\/it\/wp-json\/wp\/v2\/media?parent=51880"}],"wp:term":[{"taxonomy":"product_brand","embeddable":true,"href":"https:\/\/murter-online.com\/it\/wp-json\/wp\/v2\/product_brand?post=51880"},{"taxonomy":"product_cat","embeddable":true,"href":"https:\/\/murter-online.com\/it\/wp-json\/wp\/v2\/product_cat?post=51880"},{"taxonomy":"product_tag","embeddable":true,"href":"https:\/\/murter-online.com\/it\/wp-json\/wp\/v2\/product_tag?post=51880"}],"curies":[{"name":"wp","href":"https:\/\/api.w.org\/{rel}","templated":true}]}}