{"id":51889,"date":"2024-12-27T13:08:05","date_gmt":"2024-12-27T13:08:05","guid":{"rendered":"https:\/\/murter.riot.hr\/?post_type=product&#038;p=51889"},"modified":"2025-05-01T07:21:48","modified_gmt":"2025-05-01T06:21:48","slug":"appartamento-colentum-beach-a21-id-127","status":"publish","type":"product","link":"https:\/\/murter-online.com\/it\/prodotto\/appartamento-colentum-beach-a21-id-127\/","title":{"rendered":"Appartamento Murter vicino la spiaggia Zdra\u010de A2+1 ID 127"},"content":{"rendered":"","protected":false},"excerpt":{"rendered":"<p>L&#8217;appartamento \u00e8 completamente attrezzato, a 250 metri dalla prima spiaggia. L&#8217;appartamento ha una superficie di 40 m2. Dispone di una camera da letto che pu\u00f2 ospitare 2 adulti. Ha un soggiorno, che pu\u00f2 essere utilizzato per dormire &#8211; Ha un letto aggiuntivo per due persone. Dispone di un bagno con doccia. L&#8217;area del balcone \/ terrazzo \u00e8 di 10 m2. L&#8217;appartamento si trova al primo piano. L&#8217;appartamento \u00e8 dotato di TV, aria condizionata, forno, Wi-fi. Il parcheggio \u00e8 fornito e gratuito. Gli animali sono ammessi a un costo aggiuntivo.<\/p>\n","protected":false},"featured_media":20203,"template":"","meta":{"_acf_changed":false},"product_brand":[],"product_cat":[132,162],"product_tag":[],"class_list":{"0":"post-51889","1":"product","2":"type-product","3":"status-publish","4":"has-post-thumbnail","6":"product_cat-appartamenti","7":"product_cat-appartamenti-per-famiglie","9":"first","10":"instock","11":"sold-individually","12":"shipping-taxable","13":"purchasable","14":"product-type-phive_booking"},"acf":[],"_links":{"self":[{"href":"https:\/\/murter-online.com\/it\/wp-json\/wp\/v2\/product\/51889","targetHints":{"allow":["GET"]}}],"collection":[{"href":"https:\/\/murter-online.com\/it\/wp-json\/wp\/v2\/product"}],"about":[{"href":"https:\/\/murter-online.com\/it\/wp-json\/wp\/v2\/types\/product"}],"wp:featuredmedia":[{"embeddable":true,"href":"https:\/\/murter-online.com\/it\/wp-json\/wp\/v2\/media\/20203"}],"wp:attachment":[{"href":"https:\/\/murter-online.com\/it\/wp-json\/wp\/v2\/media?parent=51889"}],"wp:term":[{"taxonomy":"product_brand","embeddable":true,"href":"https:\/\/murter-online.com\/it\/wp-json\/wp\/v2\/product_brand?post=51889"},{"taxonomy":"product_cat","embeddable":true,"href":"https:\/\/murter-online.com\/it\/wp-json\/wp\/v2\/product_cat?post=51889"},{"taxonomy":"product_tag","embeddable":true,"href":"https:\/\/murter-online.com\/it\/wp-json\/wp\/v2\/product_tag?post=51889"}],"curies":[{"name":"wp","href":"https:\/\/api.w.org\/{rel}","templated":true}]}}