{"id":51906,"date":"2024-12-27T13:54:11","date_gmt":"2024-12-27T13:54:11","guid":{"rendered":"https:\/\/murter.riot.hr\/?post_type=product&#038;p=51906"},"modified":"2025-05-01T07:35:50","modified_gmt":"2025-05-01T06:35:50","slug":"appartamento-dea-green-a21","status":"publish","type":"product","link":"https:\/\/murter-online.com\/it\/prodotto\/appartamento-dea-green-a21\/","title":{"rendered":"Appartamento vicino alla spiaggia Zdra\u010de Verde A2+1"},"content":{"rendered":"","protected":false},"excerpt":{"rendered":"<p>I prezzi degli appartamenti per periodi indicati in tabella sono validi per 2 persone, ogni persona in pi\u00f9 nell&#8217;appartamento verranno addebitati 5 euro in pi\u00f9\/persona in pi\u00f9\/giorno. L&#8217;appartamento si trova in una posizione eccellente, vicino al porto turistico Hramina a Murter, alla spiaggia archeologica di Colentum, alla spiaggia cittadina di Zdra\u010de e al centro di Murter in una posizione tranquilla e pacifica. L&#8217;appartamento \u00e8 nuovo e completamente attrezzato. Ha una camera da letto per due persone e un soggiorno che pu\u00f2 essere utilizzato per dormire. Il parcheggio \u00e8 previsto di fronte all&#8217;edificio nel cortile. Un luogo ideale per trascorrere una vacanza in famiglia!<\/p>\n","protected":false},"featured_media":20335,"template":"","meta":{"_acf_changed":false},"product_brand":[],"product_cat":[132,162],"product_tag":[],"class_list":{"0":"post-51906","1":"product","2":"type-product","3":"status-publish","4":"has-post-thumbnail","6":"product_cat-appartamenti","7":"product_cat-appartamenti-per-famiglie","9":"first","10":"instock","11":"sold-individually","12":"shipping-taxable","13":"purchasable","14":"product-type-phive_booking"},"acf":[],"_links":{"self":[{"href":"https:\/\/murter-online.com\/it\/wp-json\/wp\/v2\/product\/51906","targetHints":{"allow":["GET"]}}],"collection":[{"href":"https:\/\/murter-online.com\/it\/wp-json\/wp\/v2\/product"}],"about":[{"href":"https:\/\/murter-online.com\/it\/wp-json\/wp\/v2\/types\/product"}],"wp:featuredmedia":[{"embeddable":true,"href":"https:\/\/murter-online.com\/it\/wp-json\/wp\/v2\/media\/20335"}],"wp:attachment":[{"href":"https:\/\/murter-online.com\/it\/wp-json\/wp\/v2\/media?parent=51906"}],"wp:term":[{"taxonomy":"product_brand","embeddable":true,"href":"https:\/\/murter-online.com\/it\/wp-json\/wp\/v2\/product_brand?post=51906"},{"taxonomy":"product_cat","embeddable":true,"href":"https:\/\/murter-online.com\/it\/wp-json\/wp\/v2\/product_cat?post=51906"},{"taxonomy":"product_tag","embeddable":true,"href":"https:\/\/murter-online.com\/it\/wp-json\/wp\/v2\/product_tag?post=51906"}],"curies":[{"name":"wp","href":"https:\/\/api.w.org\/{rel}","templated":true}]}}