{"id":51929,"date":"2024-12-28T10:28:31","date_gmt":"2024-12-28T10:28:31","guid":{"rendered":"https:\/\/murter.riot.hr\/?post_type=product&#038;p=51929"},"modified":"2025-04-25T20:13:25","modified_gmt":"2025-04-25T19:13:25","slug":"appartamento-garden-house-a21-id33","status":"publish","type":"product","link":"https:\/\/murter-online.com\/it\/prodotto\/appartamento-garden-house-a21-id33\/","title":{"rendered":"Appartamento vicino alla spiaggia di Luke Garden house Murter A2+1 ID33"},"content":{"rendered":"","protected":false},"excerpt":{"rendered":"<p>L&#8217;appartamento si trova vicino alla spiaggia della citt\u00e0 di Luka -Si trova in una posizione tranquilla -L&#8217;appartamento \u00e8 dotato di lavatrice, aria condizionata e macchina per il caff\u00e8 -Lenzuola, asciugamani e pulizia finale sono inclusi nel prezzo<\/p>\n","protected":false},"featured_media":20619,"template":"","meta":{"_acf_changed":false},"product_brand":[],"product_cat":[132,162],"product_tag":[],"class_list":{"0":"post-51929","1":"product","2":"type-product","3":"status-publish","4":"has-post-thumbnail","6":"product_cat-appartamenti","7":"product_cat-appartamenti-per-famiglie","9":"first","10":"instock","11":"sold-individually","12":"shipping-taxable","13":"purchasable","14":"product-type-phive_booking"},"acf":[],"_links":{"self":[{"href":"https:\/\/murter-online.com\/it\/wp-json\/wp\/v2\/product\/51929","targetHints":{"allow":["GET"]}}],"collection":[{"href":"https:\/\/murter-online.com\/it\/wp-json\/wp\/v2\/product"}],"about":[{"href":"https:\/\/murter-online.com\/it\/wp-json\/wp\/v2\/types\/product"}],"wp:featuredmedia":[{"embeddable":true,"href":"https:\/\/murter-online.com\/it\/wp-json\/wp\/v2\/media\/20619"}],"wp:attachment":[{"href":"https:\/\/murter-online.com\/it\/wp-json\/wp\/v2\/media?parent=51929"}],"wp:term":[{"taxonomy":"product_brand","embeddable":true,"href":"https:\/\/murter-online.com\/it\/wp-json\/wp\/v2\/product_brand?post=51929"},{"taxonomy":"product_cat","embeddable":true,"href":"https:\/\/murter-online.com\/it\/wp-json\/wp\/v2\/product_cat?post=51929"},{"taxonomy":"product_tag","embeddable":true,"href":"https:\/\/murter-online.com\/it\/wp-json\/wp\/v2\/product_tag?post=51929"}],"curies":[{"name":"wp","href":"https:\/\/api.w.org\/{rel}","templated":true}]}}