{"id":51938,"date":"2024-12-29T19:01:52","date_gmt":"2024-12-29T19:01:52","guid":{"rendered":"https:\/\/murter.riot.hr\/?post_type=product&#038;p=51938"},"modified":"2025-01-24T19:06:57","modified_gmt":"2025-01-24T19:06:57","slug":"appartamento-nel-centro-di-murter-a22-id-267","status":"publish","type":"product","link":"https:\/\/murter-online.com\/it\/prodotto\/appartamento-nel-centro-di-murter-a22-id-267\/","title":{"rendered":"Appartamento nel centro di Murter A2+2 ID 267"},"content":{"rendered":"","protected":false},"excerpt":{"rendered":"<p>Appartamento ristrutturato in una vecchia casa di pietra a Murter. Si trova molto vicino al centro. L&#8217;appartamento ha una camera da letto dove possono dormire 2 adulti. C&#8217;\u00e8 un divano nel soggiorno che pu\u00f2 essere utilizzato per dormire. Il parcheggio \u00e8 nel parcheggio pubblico a 100 metri dall&#8217;appartamento, i costi del parcheggio sono inclusi nel prezzo dell&#8217;appartamento. L&#8217;appartamento \u00e8 dotato di aria condizionata, internet WiFi, la cucina \u00e8 completamente attrezzata. L&#8217;appartamento si trova a 300 metri dalla spiaggia locale Luca. L&#8217;appartamento ha la possibilit\u00e0 di ormeggio per una barca con pagamento aggiuntivo. Gli ospiti degli appartamenti hanno il diritto di utilizzare la terrazza in comune con vista mare.<\/p>\n","protected":false},"featured_media":20815,"template":"","meta":{"_acf_changed":false},"product_brand":[],"product_cat":[163,132,162],"product_tag":[],"class_list":{"0":"post-51938","1":"product","2":"type-product","3":"status-publish","4":"has-post-thumbnail","6":"product_cat-appartamenti-con-posto-barca","7":"product_cat-appartamenti","8":"product_cat-appartamenti-per-famiglie","10":"first","11":"instock","12":"sold-individually","13":"shipping-taxable","14":"purchasable","15":"product-type-phive_booking"},"acf":[],"_links":{"self":[{"href":"https:\/\/murter-online.com\/it\/wp-json\/wp\/v2\/product\/51938","targetHints":{"allow":["GET"]}}],"collection":[{"href":"https:\/\/murter-online.com\/it\/wp-json\/wp\/v2\/product"}],"about":[{"href":"https:\/\/murter-online.com\/it\/wp-json\/wp\/v2\/types\/product"}],"wp:featuredmedia":[{"embeddable":true,"href":"https:\/\/murter-online.com\/it\/wp-json\/wp\/v2\/media\/20815"}],"wp:attachment":[{"href":"https:\/\/murter-online.com\/it\/wp-json\/wp\/v2\/media?parent=51938"}],"wp:term":[{"taxonomy":"product_brand","embeddable":true,"href":"https:\/\/murter-online.com\/it\/wp-json\/wp\/v2\/product_brand?post=51938"},{"taxonomy":"product_cat","embeddable":true,"href":"https:\/\/murter-online.com\/it\/wp-json\/wp\/v2\/product_cat?post=51938"},{"taxonomy":"product_tag","embeddable":true,"href":"https:\/\/murter-online.com\/it\/wp-json\/wp\/v2\/product_tag?post=51938"}],"curies":[{"name":"wp","href":"https:\/\/api.w.org\/{rel}","templated":true}]}}