{"id":51944,"date":"2024-12-29T19:18:02","date_gmt":"2024-12-29T19:18:02","guid":{"rendered":"https:\/\/murter.riot.hr\/?post_type=product&#038;p=51944"},"modified":"2025-01-24T19:17:28","modified_gmt":"2025-01-24T19:17:28","slug":"appartamento-nella-parte-vecchia-di-murter-a21","status":"publish","type":"product","link":"https:\/\/murter-online.com\/it\/prodotto\/appartamento-nella-parte-vecchia-di-murter-a21\/","title":{"rendered":"Appartamento nella parte vecchia di Murter A2+1"},"content":{"rendered":"","protected":false},"excerpt":{"rendered":"<p>L&#8217;appartamento per 2+1 o 2+2 persone si trova nella parte vecchia di Murter in un&#8217;autentica casa di pietra dalmata. L&#8217;appartamento ha una camera da letto dove possono dormire 2 adulti, c&#8217;\u00e8 un divano (letto extra), nel soggiorno, che pu\u00f2 essere utilizzato per dormire. La cucina \u00e8 completamente equipaggiata. L&#8217;appartamento dispone di internet WiFi, aria condizionata, lavastoviglie, c&#8217;\u00e8 una lavatrice nel ripostiglio esterno all&#8217;appartamento, che pu\u00f2 essere utilizzata gratuitamente. C&#8217;\u00e8 una grande terrazza con barbecue, di fronte all&#8217;appartamento. L&#8217;appartamento dispone di parcheggio gratuito.<\/p>\n","protected":false},"featured_media":20891,"template":"","meta":{"_acf_changed":false},"product_brand":[],"product_cat":[132,162],"product_tag":[],"class_list":{"0":"post-51944","1":"product","2":"type-product","3":"status-publish","4":"has-post-thumbnail","6":"product_cat-appartamenti","7":"product_cat-appartamenti-per-famiglie","9":"first","10":"instock","11":"sold-individually","12":"shipping-taxable","13":"purchasable","14":"product-type-phive_booking"},"acf":[],"_links":{"self":[{"href":"https:\/\/murter-online.com\/it\/wp-json\/wp\/v2\/product\/51944","targetHints":{"allow":["GET"]}}],"collection":[{"href":"https:\/\/murter-online.com\/it\/wp-json\/wp\/v2\/product"}],"about":[{"href":"https:\/\/murter-online.com\/it\/wp-json\/wp\/v2\/types\/product"}],"wp:featuredmedia":[{"embeddable":true,"href":"https:\/\/murter-online.com\/it\/wp-json\/wp\/v2\/media\/20891"}],"wp:attachment":[{"href":"https:\/\/murter-online.com\/it\/wp-json\/wp\/v2\/media?parent=51944"}],"wp:term":[{"taxonomy":"product_brand","embeddable":true,"href":"https:\/\/murter-online.com\/it\/wp-json\/wp\/v2\/product_brand?post=51944"},{"taxonomy":"product_cat","embeddable":true,"href":"https:\/\/murter-online.com\/it\/wp-json\/wp\/v2\/product_cat?post=51944"},{"taxonomy":"product_tag","embeddable":true,"href":"https:\/\/murter-online.com\/it\/wp-json\/wp\/v2\/product_tag?post=51944"}],"curies":[{"name":"wp","href":"https:\/\/api.w.org\/{rel}","templated":true}]}}