{"id":51956,"date":"2024-12-29T19:36:02","date_gmt":"2024-12-29T18:36:02","guid":{"rendered":"https:\/\/murter.riot.hr\/?post_type=product&#038;p=51956"},"modified":"2025-04-13T07:33:41","modified_gmt":"2025-04-13T06:33:41","slug":"appartamento-jersane-bella-vista-a21-id-56","status":"publish","type":"product","link":"https:\/\/murter-online.com\/it\/prodotto\/appartamento-jersane-bella-vista-a21-id-56\/","title":{"rendered":"Appartamento al mare Jersane 1 Murter A2+1 ID 56"},"content":{"rendered":"","protected":false},"excerpt":{"rendered":"<p>Appartamento Jersane Bella Vista A2 ID 56 si trova in un&#8217;ottima posizione, a pochi metri dal mare. Nelle vicinanze si trova la spiaggia cittadina Luke, ristorante, caff\u00e8 e supermercato. Il centro citt\u00e0 \u00e8 a circa 10 minuti a piedi. L&#8217;appartamento ha un balcone da cui si pu\u00f2 godere della splendida vista sul mare e sulle isole circostanti. L&#8217;appartamento \u00e8 dotato di WiFi gratuito e aria condizionata. Lenzuola, asciugamani e pulizia finale sono inclusi nel prezzo.<\/p>\n","protected":false},"featured_media":21003,"template":"","meta":{"_acf_changed":false},"product_brand":[],"product_cat":[163,160,132,162],"product_tag":[],"class_list":{"0":"post-51956","1":"product","2":"type-product","3":"status-publish","4":"has-post-thumbnail","6":"product_cat-appartamenti-con-posto-barca","7":"product_cat-appartamenti-con-vista-mare","8":"product_cat-appartamenti","9":"product_cat-appartamenti-per-famiglie","11":"first","12":"instock","13":"sold-individually","14":"shipping-taxable","15":"purchasable","16":"product-type-phive_booking"},"acf":[],"_links":{"self":[{"href":"https:\/\/murter-online.com\/it\/wp-json\/wp\/v2\/product\/51956","targetHints":{"allow":["GET"]}}],"collection":[{"href":"https:\/\/murter-online.com\/it\/wp-json\/wp\/v2\/product"}],"about":[{"href":"https:\/\/murter-online.com\/it\/wp-json\/wp\/v2\/types\/product"}],"wp:featuredmedia":[{"embeddable":true,"href":"https:\/\/murter-online.com\/it\/wp-json\/wp\/v2\/media\/21003"}],"wp:attachment":[{"href":"https:\/\/murter-online.com\/it\/wp-json\/wp\/v2\/media?parent=51956"}],"wp:term":[{"taxonomy":"product_brand","embeddable":true,"href":"https:\/\/murter-online.com\/it\/wp-json\/wp\/v2\/product_brand?post=51956"},{"taxonomy":"product_cat","embeddable":true,"href":"https:\/\/murter-online.com\/it\/wp-json\/wp\/v2\/product_cat?post=51956"},{"taxonomy":"product_tag","embeddable":true,"href":"https:\/\/murter-online.com\/it\/wp-json\/wp\/v2\/product_tag?post=51956"}],"curies":[{"name":"wp","href":"https:\/\/api.w.org\/{rel}","templated":true}]}}