{"id":51979,"date":"2025-01-03T08:17:32","date_gmt":"2025-01-03T08:17:32","guid":{"rendered":"https:\/\/murter.riot.hr\/?post_type=product&#038;p=51979"},"modified":"2025-01-24T20:26:00","modified_gmt":"2025-01-24T20:26:00","slug":"appartamento-kornatska-garden-view-22-id-112","status":"publish","type":"product","link":"https:\/\/murter-online.com\/it\/prodotto\/appartamento-kornatska-garden-view-22-id-112\/","title":{"rendered":"Appartamento Kornatska Garden view 2+2 ID 112"},"content":{"rendered":"","protected":false},"excerpt":{"rendered":"<div align=\"center\">\n<div class=\"max_width\" align=\"left\">\n<div>\n<div>L&#8217;appartamento si trova in una posizione eccellente solo 250 metri dal mare. L&#8217;appartamento ha una superficie di 50 m2. ha una camera da letto dove possono dormire 2 adulti. Ha un soggiorno, che pu\u00f2 essere utilizzato per dormire &#8211; Ha un letto di ricambio per una persona. Ha un bagno con doccia. L&#8217;area della terrazza\/balcone \u00e8 15 m2. L&#8217;appartamento si trova al primo piano della casa. L&#8217;appartamento \u00e8 dotato di tv, aria condizionata, ricevitore satellitare, forno, connessione internet wifi gratuita. Il parcheggio \u00e8 assicurato e incluso nel prezzo. L&#8217;appartamento \u00e8 di circa 600 m. \u00e8 lontano dal centro della citt\u00e0 ea 250m. dal mare o dalla prima spiaggia a Murter. Gli animali non sono ammessi.<\/div>\n<\/div>\n<\/div>\n<\/div>\n<div align=\"center\"><\/div>\n","protected":false},"featured_media":21351,"template":"","meta":{"_acf_changed":false},"product_brand":[],"product_cat":[132,162],"product_tag":[],"class_list":{"0":"post-51979","1":"product","2":"type-product","3":"status-publish","4":"has-post-thumbnail","6":"product_cat-appartamenti","7":"product_cat-appartamenti-per-famiglie","9":"first","10":"instock","11":"sold-individually","12":"shipping-taxable","13":"purchasable","14":"product-type-phive_booking"},"acf":[],"_links":{"self":[{"href":"https:\/\/murter-online.com\/it\/wp-json\/wp\/v2\/product\/51979","targetHints":{"allow":["GET"]}}],"collection":[{"href":"https:\/\/murter-online.com\/it\/wp-json\/wp\/v2\/product"}],"about":[{"href":"https:\/\/murter-online.com\/it\/wp-json\/wp\/v2\/types\/product"}],"wp:featuredmedia":[{"embeddable":true,"href":"https:\/\/murter-online.com\/it\/wp-json\/wp\/v2\/media\/21351"}],"wp:attachment":[{"href":"https:\/\/murter-online.com\/it\/wp-json\/wp\/v2\/media?parent=51979"}],"wp:term":[{"taxonomy":"product_brand","embeddable":true,"href":"https:\/\/murter-online.com\/it\/wp-json\/wp\/v2\/product_brand?post=51979"},{"taxonomy":"product_cat","embeddable":true,"href":"https:\/\/murter-online.com\/it\/wp-json\/wp\/v2\/product_cat?post=51979"},{"taxonomy":"product_tag","embeddable":true,"href":"https:\/\/murter-online.com\/it\/wp-json\/wp\/v2\/product_tag?post=51979"}],"curies":[{"name":"wp","href":"https:\/\/api.w.org\/{rel}","templated":true}]}}