{"id":51996,"date":"2025-01-03T11:55:11","date_gmt":"2025-01-03T11:55:11","guid":{"rendered":"https:\/\/murter.riot.hr\/?post_type=product&#038;p=51996"},"modified":"2025-01-25T06:13:32","modified_gmt":"2025-01-25T06:13:32","slug":"appartamento-luke-beach-murter-a22-id-132","status":"publish","type":"product","link":"https:\/\/murter-online.com\/it\/prodotto\/appartamento-luke-beach-murter-a22-id-132\/","title":{"rendered":"Appartamento Luke Beach Murter A2+2 ID 132"},"content":{"rendered":"","protected":false},"excerpt":{"rendered":"<p>L&#8217;appartamento si trova in un&#8217;ottima posizione, a soli 70 metri dal mare. L&#8217;appartamento ha una superficie di 35 m2. C&#8217;\u00e8 una camera da letto dove possono dormire 2 adulti. C&#8217;\u00e8 un soggiorno, che pu\u00f2 essere utilizzato per dormire &#8211; C&#8217;\u00e8 un letto extra per una persona. Ha un bagno con doccia. L&#8217;area del balcone \/ terrazzo \u00e8 di 5 m2. L&#8217;appartamento si trova al piano terra. L&#8217;appartamento \u00e8 dotato di TV, aria condizionata, forno. Il parcheggio \u00e8 previsto e incluso nel prezzo. C&#8217;\u00e8 un grill all&#8217;aperto che pu\u00f2 essere utilizzato. Gli animali domestici sono ammessi a un costo aggiuntivo.<\/p>\n","protected":false},"featured_media":21759,"template":"","meta":{"_acf_changed":false},"product_brand":[],"product_cat":[132,162],"product_tag":[],"class_list":{"0":"post-51996","1":"product","2":"type-product","3":"status-publish","4":"has-post-thumbnail","6":"product_cat-appartamenti","7":"product_cat-appartamenti-per-famiglie","9":"first","10":"instock","11":"sold-individually","12":"shipping-taxable","13":"purchasable","14":"product-type-phive_booking"},"acf":[],"_links":{"self":[{"href":"https:\/\/murter-online.com\/it\/wp-json\/wp\/v2\/product\/51996","targetHints":{"allow":["GET"]}}],"collection":[{"href":"https:\/\/murter-online.com\/it\/wp-json\/wp\/v2\/product"}],"about":[{"href":"https:\/\/murter-online.com\/it\/wp-json\/wp\/v2\/types\/product"}],"wp:featuredmedia":[{"embeddable":true,"href":"https:\/\/murter-online.com\/it\/wp-json\/wp\/v2\/media\/21759"}],"wp:attachment":[{"href":"https:\/\/murter-online.com\/it\/wp-json\/wp\/v2\/media?parent=51996"}],"wp:term":[{"taxonomy":"product_brand","embeddable":true,"href":"https:\/\/murter-online.com\/it\/wp-json\/wp\/v2\/product_brand?post=51996"},{"taxonomy":"product_cat","embeddable":true,"href":"https:\/\/murter-online.com\/it\/wp-json\/wp\/v2\/product_cat?post=51996"},{"taxonomy":"product_tag","embeddable":true,"href":"https:\/\/murter-online.com\/it\/wp-json\/wp\/v2\/product_tag?post=51996"}],"curies":[{"name":"wp","href":"https:\/\/api.w.org\/{rel}","templated":true}]}}