{"id":52029,"date":"2025-01-03T15:53:47","date_gmt":"2025-01-03T15:53:47","guid":{"rendered":"https:\/\/murter.riot.hr\/?post_type=product&#038;p=52029"},"modified":"2025-01-25T07:15:47","modified_gmt":"2025-01-25T07:15:47","slug":"appartamento-mihaela-murter-a22-id-25","status":"publish","type":"product","link":"https:\/\/murter-online.com\/it\/prodotto\/appartamento-mihaela-murter-a22-id-25\/","title":{"rendered":"Appartamento Mihaela Murter A2+2 ID 25"},"content":{"rendered":"","protected":false},"excerpt":{"rendered":"<p>L&#8217;appartamento si trova in un&#8217;ottima posizione solo 400 metri dal mare. L&#8217;appartamento ha una superficie di 30 m2. ha una camera da letto dove possono dormire 3 adulti. Ha un soggiorno. Ha un bagno con doccia. L&#8217;area della terrazza\/balcone \u00e8 10 m2. L&#8217;appartamento si trova al primo piano della casa. L&#8217;appartamento \u00e8 dotato di tv, forno. Il parcheggio \u00e8 assicurato e incluso nel prezzo. L&#8217;appartamento \u00e8 di circa 1000 m. \u00e8 lontano dal centro della citt\u00e0 ea 400m. dal mare o dalla prima spiaggia a Murter. Gli animali non sono ammessi.<\/p>\n","protected":false},"featured_media":23487,"template":"","meta":{"_acf_changed":false},"product_brand":[],"product_cat":[132,162],"product_tag":[],"class_list":{"0":"post-52029","1":"product","2":"type-product","3":"status-publish","4":"has-post-thumbnail","6":"product_cat-appartamenti","7":"product_cat-appartamenti-per-famiglie","9":"first","10":"instock","11":"sold-individually","12":"shipping-taxable","13":"purchasable","14":"product-type-phive_booking"},"acf":[],"_links":{"self":[{"href":"https:\/\/murter-online.com\/it\/wp-json\/wp\/v2\/product\/52029","targetHints":{"allow":["GET"]}}],"collection":[{"href":"https:\/\/murter-online.com\/it\/wp-json\/wp\/v2\/product"}],"about":[{"href":"https:\/\/murter-online.com\/it\/wp-json\/wp\/v2\/types\/product"}],"wp:featuredmedia":[{"embeddable":true,"href":"https:\/\/murter-online.com\/it\/wp-json\/wp\/v2\/media\/23487"}],"wp:attachment":[{"href":"https:\/\/murter-online.com\/it\/wp-json\/wp\/v2\/media?parent=52029"}],"wp:term":[{"taxonomy":"product_brand","embeddable":true,"href":"https:\/\/murter-online.com\/it\/wp-json\/wp\/v2\/product_brand?post=52029"},{"taxonomy":"product_cat","embeddable":true,"href":"https:\/\/murter-online.com\/it\/wp-json\/wp\/v2\/product_cat?post=52029"},{"taxonomy":"product_tag","embeddable":true,"href":"https:\/\/murter-online.com\/it\/wp-json\/wp\/v2\/product_tag?post=52029"}],"curies":[{"name":"wp","href":"https:\/\/api.w.org\/{rel}","templated":true}]}}