{"id":52043,"date":"2025-01-03T16:18:45","date_gmt":"2025-01-03T16:18:45","guid":{"rendered":"https:\/\/murter.riot.hr\/?post_type=product&#038;p=52043"},"modified":"2025-05-01T13:00:53","modified_gmt":"2025-05-01T12:00:53","slug":"appartamento-murter-budget-a21-id-225","status":"publish","type":"product","link":"https:\/\/murter-online.com\/it\/prodotto\/appartamento-murter-budget-a21-id-225\/","title":{"rendered":"Appartamento familiare Budget Murter A2+1 ID 225"},"content":{"rendered":"","protected":false},"excerpt":{"rendered":"<p>L&#8217;appartamento si trova vicino alla spiaggia sabbiosa Slanica e alla spiaggia locale Luca, ha una camera da letto dove possono dormire due adulti, c&#8217;\u00e8 un letto extra nel soggiorno che pu\u00f2 essere usato per dormire. La cucina \u00e8 completamente equipaggiata. C&#8217;\u00e8 una terrazza recintata con barbecue. Il parcheggio \u00e8 gratuito e si trova davanti alla casa.<\/p>\n","protected":false},"featured_media":23947,"template":"","meta":{"_acf_changed":false},"product_brand":[],"product_cat":[132,162],"product_tag":[],"class_list":{"0":"post-52043","1":"product","2":"type-product","3":"status-publish","4":"has-post-thumbnail","6":"product_cat-appartamenti","7":"product_cat-appartamenti-per-famiglie","9":"first","10":"instock","11":"sold-individually","12":"shipping-taxable","13":"purchasable","14":"product-type-phive_booking"},"acf":[],"_links":{"self":[{"href":"https:\/\/murter-online.com\/it\/wp-json\/wp\/v2\/product\/52043","targetHints":{"allow":["GET"]}}],"collection":[{"href":"https:\/\/murter-online.com\/it\/wp-json\/wp\/v2\/product"}],"about":[{"href":"https:\/\/murter-online.com\/it\/wp-json\/wp\/v2\/types\/product"}],"wp:featuredmedia":[{"embeddable":true,"href":"https:\/\/murter-online.com\/it\/wp-json\/wp\/v2\/media\/23947"}],"wp:attachment":[{"href":"https:\/\/murter-online.com\/it\/wp-json\/wp\/v2\/media?parent=52043"}],"wp:term":[{"taxonomy":"product_brand","embeddable":true,"href":"https:\/\/murter-online.com\/it\/wp-json\/wp\/v2\/product_brand?post=52043"},{"taxonomy":"product_cat","embeddable":true,"href":"https:\/\/murter-online.com\/it\/wp-json\/wp\/v2\/product_cat?post=52043"},{"taxonomy":"product_tag","embeddable":true,"href":"https:\/\/murter-online.com\/it\/wp-json\/wp\/v2\/product_tag?post=52043"}],"curies":[{"name":"wp","href":"https:\/\/api.w.org\/{rel}","templated":true}]}}