{"id":52047,"date":"2025-01-04T10:58:53","date_gmt":"2025-01-04T10:58:53","guid":{"rendered":"https:\/\/murter.riot.hr\/?post_type=product&#038;p=52047"},"modified":"2025-01-25T08:30:18","modified_gmt":"2025-01-25T08:30:18","slug":"appartamento-murter-centro-a21-id-298","status":"publish","type":"product","link":"https:\/\/murter-online.com\/it\/prodotto\/appartamento-murter-centro-a21-id-298\/","title":{"rendered":"Appartamento Murter Centro A2+1 ID 298"},"content":{"rendered":"","protected":false},"excerpt":{"rendered":"<p>L&#8217;appartamento con una camera da letto si trova vicino al centro di Murter. L&#8217;appartamento ha una camera da letto dove possono dormire 2 adulti. L&#8217;appartamento ha un ampio soggiorno con un letto supplementare, sul divano possono dormire 1 adulto o due bambini pi\u00f9 piccoli. L&#8217;appartamento \u00e8 di 70 mq. L&#8217;appartamento \u00e8 completamente attrezzato. L&#8217;appartamento \u00e8 dotato di aria condizionata, WiFi gratuito, forno a microonde, tostapane, bollitore, macchina per il caff\u00e8. Gli ospiti possono parcheggiare gratuitamente davanti alla casa. La spiaggia pi\u00f9 vicina \u00e8 la spiaggia locale di Luke e la spiaggia locale di Zdra\u010de a Betina. Le spiagge sono adatte ai bambini e agli anziani. Il prezzo indicato nel listino prezzi \u00e8 valido per 2 persone, per ogni persona in pi\u00f9 che soggiorna nell&#8217;appartamento verranno addebitati ulteriori 10 euro al giorno.<\/p>\n","protected":false},"featured_media":23979,"template":"","meta":{"_acf_changed":false},"product_brand":[],"product_cat":[132,162],"product_tag":[],"class_list":{"0":"post-52047","1":"product","2":"type-product","3":"status-publish","4":"has-post-thumbnail","6":"product_cat-appartamenti","7":"product_cat-appartamenti-per-famiglie","9":"first","10":"instock","11":"sold-individually","12":"shipping-taxable","13":"purchasable","14":"product-type-phive_booking"},"acf":[],"_links":{"self":[{"href":"https:\/\/murter-online.com\/it\/wp-json\/wp\/v2\/product\/52047","targetHints":{"allow":["GET"]}}],"collection":[{"href":"https:\/\/murter-online.com\/it\/wp-json\/wp\/v2\/product"}],"about":[{"href":"https:\/\/murter-online.com\/it\/wp-json\/wp\/v2\/types\/product"}],"wp:featuredmedia":[{"embeddable":true,"href":"https:\/\/murter-online.com\/it\/wp-json\/wp\/v2\/media\/23979"}],"wp:attachment":[{"href":"https:\/\/murter-online.com\/it\/wp-json\/wp\/v2\/media?parent=52047"}],"wp:term":[{"taxonomy":"product_brand","embeddable":true,"href":"https:\/\/murter-online.com\/it\/wp-json\/wp\/v2\/product_brand?post=52047"},{"taxonomy":"product_cat","embeddable":true,"href":"https:\/\/murter-online.com\/it\/wp-json\/wp\/v2\/product_cat?post=52047"},{"taxonomy":"product_tag","embeddable":true,"href":"https:\/\/murter-online.com\/it\/wp-json\/wp\/v2\/product_tag?post=52047"}],"curies":[{"name":"wp","href":"https:\/\/api.w.org\/{rel}","templated":true}]}}