{"id":52064,"date":"2025-01-05T10:45:19","date_gmt":"2025-01-05T10:45:19","guid":{"rendered":"https:\/\/murter.riot.hr\/?post_type=product&#038;p=52064"},"modified":"2025-04-26T11:10:48","modified_gmt":"2025-04-26T10:10:48","slug":"appartamento-murter-garden-paradise-a22-id-133","status":"publish","type":"product","link":"https:\/\/murter-online.com\/it\/prodotto\/appartamento-murter-garden-paradise-a22-id-133\/","title":{"rendered":"Appartamento familiare Garden Paradise Murter A2+2 ID 133"},"content":{"rendered":"","protected":false},"excerpt":{"rendered":"<p>L&#8217;appartamento si trova al piano terra. Si trova a 750 metri dalla spiaggia di Slanica. Si tratta di un appartamento con una camera da letto con soggiorno, cucina, bagno con wc e terrazzo. La camera da letto ha un letto matrimoniale, mentre il soggiorno ha un divano letto che pu\u00f2 essere utilizzato per dormire. Il parcheggio \u00e8 fornito e incluso nel prezzo. La vista sul giardino dalla terrazza \u00e8 assolutamente sbalorditiva.<\/p>\n","protected":false},"featured_media":24459,"template":"","meta":{"_acf_changed":false},"product_brand":[],"product_cat":[132,162],"product_tag":[],"class_list":{"0":"post-52064","1":"product","2":"type-product","3":"status-publish","4":"has-post-thumbnail","6":"product_cat-appartamenti","7":"product_cat-appartamenti-per-famiglie","9":"first","10":"instock","11":"sold-individually","12":"shipping-taxable","13":"purchasable","14":"product-type-phive_booking"},"acf":[],"_links":{"self":[{"href":"https:\/\/murter-online.com\/it\/wp-json\/wp\/v2\/product\/52064","targetHints":{"allow":["GET"]}}],"collection":[{"href":"https:\/\/murter-online.com\/it\/wp-json\/wp\/v2\/product"}],"about":[{"href":"https:\/\/murter-online.com\/it\/wp-json\/wp\/v2\/types\/product"}],"wp:featuredmedia":[{"embeddable":true,"href":"https:\/\/murter-online.com\/it\/wp-json\/wp\/v2\/media\/24459"}],"wp:attachment":[{"href":"https:\/\/murter-online.com\/it\/wp-json\/wp\/v2\/media?parent=52064"}],"wp:term":[{"taxonomy":"product_brand","embeddable":true,"href":"https:\/\/murter-online.com\/it\/wp-json\/wp\/v2\/product_brand?post=52064"},{"taxonomy":"product_cat","embeddable":true,"href":"https:\/\/murter-online.com\/it\/wp-json\/wp\/v2\/product_cat?post=52064"},{"taxonomy":"product_tag","embeddable":true,"href":"https:\/\/murter-online.com\/it\/wp-json\/wp\/v2\/product_tag?post=52064"}],"curies":[{"name":"wp","href":"https:\/\/api.w.org\/{rel}","templated":true}]}}