{"id":52069,"date":"2025-01-05T10:46:59","date_gmt":"2025-01-05T10:46:59","guid":{"rendered":"https:\/\/murter.riot.hr\/?post_type=product&#038;p=52069"},"modified":"2025-04-26T11:16:38","modified_gmt":"2025-04-26T10:16:38","slug":"appartamento-murter-harbor-2-a21-id-69","status":"publish","type":"product","link":"https:\/\/murter-online.com\/it\/prodotto\/appartamento-murter-harbor-2-a21-id-69\/","title":{"rendered":"Appartamento familiare Harbor 2 Murter A2+1 ID 69"},"content":{"rendered":"","protected":false},"excerpt":{"rendered":"<p>L&#8217;appartamento si trova in un&#8217;ottima posizione a soli 300 metri dalla spiaggia. L&#8217;appartamento ha una superficie di 30 m2. Ha una camera da letto che pu\u00f2 ospitare 2 adulti. Ha un soggiorno, che pu\u00f2 essere utilizzato per dormire &#8211; Ha un letto supplementare per una persona. Ha un bagno con doccia. L&#8217;area del balcone \/ terrazzo \u00e8 di 10 m2. L&#8217;appartamento si trova al primo piano. L&#8217;appartamento \u00e8 dotato di TV, aria condizionata. C&#8217;\u00e8 una griglia esterna che pu\u00f2 essere utilizzata. L&#8217;appartamento si trova a circa 200 m dal centro e 300 m dal mare o dalla prima spiaggia di Murter. Non sono ammessi animali L&#8217;appartamento si trova in un&#8217;ottima posizione a soli 2 minuti a piedi dal centro. Il negozio \u00e8 a soli 3 minuti a piedi. La spiaggia cittadina nel vicino villaggio di Betina \u00e8 a soli 5 minuti a piedi. La seconda spiaggia cittadina &#8220;Luke&#8221; \u00e8 a soli 7 minuti a piedi.Il costo del biglietto del parcheggio e della pulizia dell&#8217;appartamento comporta un supplemento di 50 euro.<\/p>\n","protected":false},"featured_media":24803,"template":"","meta":{"_acf_changed":false},"product_brand":[],"product_cat":[132,162],"product_tag":[],"class_list":{"0":"post-52069","1":"product","2":"type-product","3":"status-publish","4":"has-post-thumbnail","6":"product_cat-appartamenti","7":"product_cat-appartamenti-per-famiglie","9":"first","10":"instock","11":"sold-individually","12":"shipping-taxable","13":"purchasable","14":"product-type-phive_booking"},"acf":[],"_links":{"self":[{"href":"https:\/\/murter-online.com\/it\/wp-json\/wp\/v2\/product\/52069","targetHints":{"allow":["GET"]}}],"collection":[{"href":"https:\/\/murter-online.com\/it\/wp-json\/wp\/v2\/product"}],"about":[{"href":"https:\/\/murter-online.com\/it\/wp-json\/wp\/v2\/types\/product"}],"wp:featuredmedia":[{"embeddable":true,"href":"https:\/\/murter-online.com\/it\/wp-json\/wp\/v2\/media\/24803"}],"wp:attachment":[{"href":"https:\/\/murter-online.com\/it\/wp-json\/wp\/v2\/media?parent=52069"}],"wp:term":[{"taxonomy":"product_brand","embeddable":true,"href":"https:\/\/murter-online.com\/it\/wp-json\/wp\/v2\/product_brand?post=52069"},{"taxonomy":"product_cat","embeddable":true,"href":"https:\/\/murter-online.com\/it\/wp-json\/wp\/v2\/product_cat?post=52069"},{"taxonomy":"product_tag","embeddable":true,"href":"https:\/\/murter-online.com\/it\/wp-json\/wp\/v2\/product_tag?post=52069"}],"curies":[{"name":"wp","href":"https:\/\/api.w.org\/{rel}","templated":true}]}}