{"id":52074,"date":"2025-01-05T12:27:17","date_gmt":"2025-01-05T12:27:17","guid":{"rendered":"https:\/\/murter.riot.hr\/?post_type=product&#038;p=52074"},"modified":"2025-01-25T09:35:09","modified_gmt":"2025-01-25T09:35:09","slug":"appartamento-murter-harbour-2-a21-id-71","status":"publish","type":"product","link":"https:\/\/murter-online.com\/it\/prodotto\/appartamento-murter-harbour-2-a21-id-71\/","title":{"rendered":"Appartamento Murter Harbour 2 A2+1 ID 71"},"content":{"rendered":"","protected":false},"excerpt":{"rendered":"<p>L&#8217;appartamento si trova in una posizione eccellente a soli 300 metri dal mare. L&#8217;appartamento ha una superficie di 30 m2. Ha una camera da letto che pu\u00f2 ospitare 2 adulti. Ha un soggiorno, che pu\u00f2 essere utilizzato per dormire &#8211; Ha un letto supplementare per una persona. Ha un bagno con doccia. L&#8217;appartamento si trova al primo piano. L&#8217;appartamento \u00e8 dotato di TV, aria condizionata. Il parcheggio \u00e8 fornito e incluso nel prezzo. C&#8217;\u00e8 una griglia esterna che pu\u00f2 essere utilizzata.<\/p>\n","protected":false},"featured_media":24867,"template":"","meta":{"_acf_changed":false},"product_brand":[],"product_cat":[132,162],"product_tag":[],"class_list":{"0":"post-52074","1":"product","2":"type-product","3":"status-publish","4":"has-post-thumbnail","6":"product_cat-appartamenti","7":"product_cat-appartamenti-per-famiglie","9":"first","10":"instock","11":"sold-individually","12":"shipping-taxable","13":"purchasable","14":"product-type-phive_booking"},"acf":[],"_links":{"self":[{"href":"https:\/\/murter-online.com\/it\/wp-json\/wp\/v2\/product\/52074","targetHints":{"allow":["GET"]}}],"collection":[{"href":"https:\/\/murter-online.com\/it\/wp-json\/wp\/v2\/product"}],"about":[{"href":"https:\/\/murter-online.com\/it\/wp-json\/wp\/v2\/types\/product"}],"wp:featuredmedia":[{"embeddable":true,"href":"https:\/\/murter-online.com\/it\/wp-json\/wp\/v2\/media\/24867"}],"wp:attachment":[{"href":"https:\/\/murter-online.com\/it\/wp-json\/wp\/v2\/media?parent=52074"}],"wp:term":[{"taxonomy":"product_brand","embeddable":true,"href":"https:\/\/murter-online.com\/it\/wp-json\/wp\/v2\/product_brand?post=52074"},{"taxonomy":"product_cat","embeddable":true,"href":"https:\/\/murter-online.com\/it\/wp-json\/wp\/v2\/product_cat?post=52074"},{"taxonomy":"product_tag","embeddable":true,"href":"https:\/\/murter-online.com\/it\/wp-json\/wp\/v2\/product_tag?post=52074"}],"curies":[{"name":"wp","href":"https:\/\/api.w.org\/{rel}","templated":true}]}}