{"id":52109,"date":"2025-01-05T18:54:17","date_gmt":"2025-01-05T18:54:17","guid":{"rendered":"https:\/\/murter.riot.hr\/?post_type=product&#038;p=52109"},"modified":"2025-01-25T12:26:41","modified_gmt":"2025-01-25T12:26:41","slug":"villa-con-piscina-murter-a14-2-id-15","status":"publish","type":"product","link":"https:\/\/murter-online.com\/it\/prodotto\/villa-con-piscina-murter-a14-2-id-15\/","title":{"rendered":"Villa con piscina Murter A14 + 2 ID 15"},"content":{"rendered":"","protected":false},"excerpt":{"rendered":"<p>La superficie della casa \u00e8 di 240 m2. La superficie \u00e8 di 1200 m2. La villa pu\u00f2 ospitare un massimo di 16 ospiti. All&#8217;interno del cortile recintato si trova una piscina privata di 110 mq. A disposizione degli ospiti: idromassaggio, lettini: 14, giardino, vista panoramica, frigorifero naturale, parcheggio privato &#8211; recintato pantalone, piscina riscaldata su richiesta con costi aggiuntivi, 5 posti auto. ATTIVIT\u00c0 ALL&#8217;APERTO Ping-pong, altalene per bambini. Gli animali sono ammessi con un costo aggiuntivo di 105 euro \/ pulizia settimanale. La villa dispone di riscaldamento a pavimento e aria condizionata. Le lenzuola sono disponibili e vengono cambiate una volta alla settimana. Culla disponibile su richiesta. Servizi igienici esterni, doccia esterna, asciugacapelli sono disponibili. Gli asciugamani nei bagni sono disponibili e vengono cambiati una volta alla settimana. Internet WiFi \u00e8 disponibile nella villa. La cucina \u00e8 completamente attrezzata con: tostapane, macchina del caff\u00e8, forno a microonde, frigorifero con congelatore, lavastoviglie, barbecue &#8211; carbonella, sala da pranzo interna per: 8, seggiolone per pranzo: 1, zona pranzo esterna per: 14 IL SOGGIORNO \u00e8 dotato di: TV satellitare, TV, lettore DVD, stereo, divano LAVANDERIA Un appartamento \u00e8 dotato di lavatrice. La pulizia finale \u00e8 di 150,00 euro e non \u00e8 inclusa nel prezzo. La cauzione in caso di danni \u00e8 di EUR 500,00.<\/p>\n","protected":false},"featured_media":28939,"template":"","meta":{"_acf_changed":false},"product_brand":[],"product_cat":[166],"product_tag":[],"class_list":{"0":"post-52109","1":"product","2":"type-product","3":"status-publish","4":"has-post-thumbnail","6":"product_cat-case-vacanze","8":"first","9":"instock","10":"sold-individually","11":"shipping-taxable","12":"purchasable","13":"product-type-phive_booking"},"acf":[],"_links":{"self":[{"href":"https:\/\/murter-online.com\/it\/wp-json\/wp\/v2\/product\/52109","targetHints":{"allow":["GET"]}}],"collection":[{"href":"https:\/\/murter-online.com\/it\/wp-json\/wp\/v2\/product"}],"about":[{"href":"https:\/\/murter-online.com\/it\/wp-json\/wp\/v2\/types\/product"}],"wp:featuredmedia":[{"embeddable":true,"href":"https:\/\/murter-online.com\/it\/wp-json\/wp\/v2\/media\/28939"}],"wp:attachment":[{"href":"https:\/\/murter-online.com\/it\/wp-json\/wp\/v2\/media?parent=52109"}],"wp:term":[{"taxonomy":"product_brand","embeddable":true,"href":"https:\/\/murter-online.com\/it\/wp-json\/wp\/v2\/product_brand?post=52109"},{"taxonomy":"product_cat","embeddable":true,"href":"https:\/\/murter-online.com\/it\/wp-json\/wp\/v2\/product_cat?post=52109"},{"taxonomy":"product_tag","embeddable":true,"href":"https:\/\/murter-online.com\/it\/wp-json\/wp\/v2\/product_tag?post=52109"}],"curies":[{"name":"wp","href":"https:\/\/api.w.org\/{rel}","templated":true}]}}