{"id":52110,"date":"2025-01-05T18:30:34","date_gmt":"2025-01-05T18:30:34","guid":{"rendered":"https:\/\/murter.riot.hr\/?post_type=product&#038;p=52110"},"modified":"2025-09-04T12:55:23","modified_gmt":"2025-09-04T11:55:23","slug":"casa-in-pietra-al-mare-a-betina-a6-id-229","status":"publish","type":"product","link":"https:\/\/murter-online.com\/it\/prodotto\/casa-in-pietra-al-mare-a-betina-a6-id-229\/","title":{"rendered":"casa vacanza sul mare  Betina  -isola di Murter A6 ID 229"},"content":{"rendered":"","protected":false},"excerpt":{"rendered":"<p>Questa bella casa in pietra tradizionale dalmata si trova nella parte vecchia di Betina, sull&#8217;isola di Murter. La casa \u00e8 composta da cucina, ampio soggiorno e un bagno al piano terra, il secondo bagno con tre camere da letto si trova al primo piano. Al primo piano si trova un&#8217;ampia terrazza con mobili da giardino. La cucina \u00e8 completamente equipaggiata. Il parcheggio \u00e8 a circa 150 metri dalla casa ed \u00e8 compreso nel prezzo dell&#8217;appartamento. <span class=\"Y2IQFc\" lang=\"it\">Il costo della pulizia \u00e8 di 100,00 euro.<\/span><\/p>\n","protected":false},"featured_media":28871,"template":"","meta":{"_acf_changed":false},"product_brand":[],"product_cat":[166],"product_tag":[],"class_list":{"0":"post-52110","1":"product","2":"type-product","3":"status-publish","4":"has-post-thumbnail","6":"product_cat-case-vacanze","8":"first","9":"instock","10":"sold-individually","11":"shipping-taxable","12":"purchasable","13":"product-type-phive_booking"},"acf":[],"_links":{"self":[{"href":"https:\/\/murter-online.com\/it\/wp-json\/wp\/v2\/product\/52110","targetHints":{"allow":["GET"]}}],"collection":[{"href":"https:\/\/murter-online.com\/it\/wp-json\/wp\/v2\/product"}],"about":[{"href":"https:\/\/murter-online.com\/it\/wp-json\/wp\/v2\/types\/product"}],"wp:featuredmedia":[{"embeddable":true,"href":"https:\/\/murter-online.com\/it\/wp-json\/wp\/v2\/media\/28871"}],"wp:attachment":[{"href":"https:\/\/murter-online.com\/it\/wp-json\/wp\/v2\/media?parent=52110"}],"wp:term":[{"taxonomy":"product_brand","embeddable":true,"href":"https:\/\/murter-online.com\/it\/wp-json\/wp\/v2\/product_brand?post=52110"},{"taxonomy":"product_cat","embeddable":true,"href":"https:\/\/murter-online.com\/it\/wp-json\/wp\/v2\/product_cat?post=52110"},{"taxonomy":"product_tag","embeddable":true,"href":"https:\/\/murter-online.com\/it\/wp-json\/wp\/v2\/product_tag?post=52110"}],"curies":[{"name":"wp","href":"https:\/\/api.w.org\/{rel}","templated":true}]}}