{"id":52111,"date":"2025-01-05T18:25:54","date_gmt":"2025-01-05T18:25:54","guid":{"rendered":"https:\/\/murter.riot.hr\/?post_type=product&#038;p=52111"},"modified":"2025-03-29T19:12:49","modified_gmt":"2025-03-29T18:12:49","slug":"casa-vacanze-murter-slanica-a61","status":"publish","type":"product","link":"https:\/\/murter-online.com\/it\/prodotto\/casa-vacanze-murter-slanica-a61\/","title":{"rendered":"Casa vacanze Murter vicino la spiaggia Slanica A6+1"},"content":{"rendered":"","protected":false},"excerpt":{"rendered":"<p>Una bella casa per le vacanze in famiglia in una posizione eccellente a Murter. La casa si trova tra due spiagge, la spiaggia sabbiosa Slanica e la spiaggia locale Luke. La casa dispone di 3 camere da letto dove possono dormire 6 adulti. La casa ha un bagno con wc e doccia. C&#8217;\u00e8 una lavatrice nel bagno. La casa dispone di un ampio soggiorno con ricevitore TV. Il divano pu\u00f2 essere utilizzato come letto supplementare. La cucina \u00e8 dotata di un grande frigorifero, forno e lavastoviglie. C&#8217;\u00e8 la connessione WiFi gratuita in casa. Davanti alla casa c&#8217;\u00e8 uno spazio esterno con giardino, molto piacevole per il soggiorno estivo. C&#8217;\u00e8 un barbecue che pu\u00f2 essere utilizzato gratuitamente. Il parcheggio gratuito per gli ospiti si trova nel cortile della casa.<\/p>\n","protected":false},"featured_media":28763,"template":"","meta":{"_acf_changed":false},"product_brand":[],"product_cat":[166],"product_tag":[],"class_list":{"0":"post-52111","1":"product","2":"type-product","3":"status-publish","4":"has-post-thumbnail","6":"product_cat-case-vacanze","8":"first","9":"instock","10":"sold-individually","11":"shipping-taxable","12":"purchasable","13":"product-type-phive_booking"},"acf":[],"_links":{"self":[{"href":"https:\/\/murter-online.com\/it\/wp-json\/wp\/v2\/product\/52111","targetHints":{"allow":["GET"]}}],"collection":[{"href":"https:\/\/murter-online.com\/it\/wp-json\/wp\/v2\/product"}],"about":[{"href":"https:\/\/murter-online.com\/it\/wp-json\/wp\/v2\/types\/product"}],"wp:featuredmedia":[{"embeddable":true,"href":"https:\/\/murter-online.com\/it\/wp-json\/wp\/v2\/media\/28763"}],"wp:attachment":[{"href":"https:\/\/murter-online.com\/it\/wp-json\/wp\/v2\/media?parent=52111"}],"wp:term":[{"taxonomy":"product_brand","embeddable":true,"href":"https:\/\/murter-online.com\/it\/wp-json\/wp\/v2\/product_brand?post=52111"},{"taxonomy":"product_cat","embeddable":true,"href":"https:\/\/murter-online.com\/it\/wp-json\/wp\/v2\/product_cat?post=52111"},{"taxonomy":"product_tag","embeddable":true,"href":"https:\/\/murter-online.com\/it\/wp-json\/wp\/v2\/product_tag?post=52111"}],"curies":[{"name":"wp","href":"https:\/\/api.w.org\/{rel}","templated":true}]}}